{"id":3442,"date":"2023-03-21T05:35:17","date_gmt":"2023-03-21T05:35:17","guid":{"rendered":"http:\/\/site2.easyceotech.com\/?post_type=product&#038;p=3442"},"modified":"2024-03-12T07:52:44","modified_gmt":"2024-03-12T07:52:44","slug":"sodium-saccharin","status":"publish","type":"product","link":"https:\/\/wpachem.com\/es\/producto\/sodium-saccharin\/","title":{"rendered":"Sacarina de sodio"},"content":{"rendered":"<p><strong><span data-spm-anchor-id=\"a2700.details.0.i7.29665f8dnfzpSm\">Descripci\u00f3n:<\/span><\/strong><\/p>\n<p>La sacarina s\u00f3dica es un edulcorante sint\u00e9tico com\u00fanmente utilizado en la industria alimentaria y tiene el historial de uso m\u00e1s largo, pero tambi\u00e9n es el edulcorante sint\u00e9tico m\u00e1s controvertido.<br \/>\nEl producto es un agente de sabor dulce. Su grado de dulzura es aproximadamente 500 veces m\u00e1s dulce que el del az\u00facar.<\/p>\n<p>&nbsp;<\/p>\n<p><strong>Beneficios de la sacarina s\u00f3dica<\/strong><\/p>\n<p>La sacarina s\u00f3dica, como edulcorante, posee un alto dulzor sin calor\u00edas y desempe\u00f1a un papel fundamental en la industria alimentaria. Este producto tambi\u00e9n se utiliza como materia prima intermedia para pesticidas y otros productos qu\u00edmicos. Nuestra f\u00e1brica cuenta con avanzados procesos de producci\u00f3n automatizados, una s\u00f3lida capacidad de suministro y una excelente calidad. Agradecemos su consulta y pedido.<\/p>\n<p>&nbsp;<\/p>\n<p><strong>Aplicaciones de la sacarina s\u00f3dica<\/strong><\/p>\n<p>Se utiliza ampliamente en alimentos, bebidas, medicamentos, piensos y electrolitos, sustituyendo al az\u00facar. El producto posee propiedades estables y puede emplearse como agente de ensayo para la circulaci\u00f3n sangu\u00ednea y como abrillantador de niquelados.<\/p>","protected":false},"excerpt":{"rendered":"<p>Nombre del producto: Sacarina s\u00f3dica<br \/>\nN.\u00ba CAS: 128-44-9<br \/>\nMF:C7H5NNaO3S<br \/>\nApariencia: poder blanco<\/p>","protected":false},"featured_media":2155,"template":"","meta":{"_acf_changed":false,"_gspb_post_css":""},"product_brand":[],"product_cat":[55,56],"product_tag":[],"class_list":{"0":"post-3442","1":"product","2":"type-product","3":"status-publish","4":"has-post-thumbnail","6":"product_cat-food-additives","7":"product_cat-sweetener","9":"first","10":"instock","11":"shipping-taxable","12":"product-type-simple"},"acf":[],"_links":{"self":[{"href":"https:\/\/wpachem.com\/es\/wp-json\/wp\/v2\/product\/3442","targetHints":{"allow":["GET"]}}],"collection":[{"href":"https:\/\/wpachem.com\/es\/wp-json\/wp\/v2\/product"}],"about":[{"href":"https:\/\/wpachem.com\/es\/wp-json\/wp\/v2\/types\/product"}],"version-history":[{"count":0,"href":"https:\/\/wpachem.com\/es\/wp-json\/wp\/v2\/product\/3442\/revisions"}],"wp:featuredmedia":[{"embeddable":true,"href":"https:\/\/wpachem.com\/es\/wp-json\/wp\/v2\/media\/2155"}],"wp:attachment":[{"href":"https:\/\/wpachem.com\/es\/wp-json\/wp\/v2\/media?parent=3442"}],"wp:term":[{"taxonomy":"product_brand","embeddable":true,"href":"https:\/\/wpachem.com\/es\/wp-json\/wp\/v2\/product_brand?post=3442"},{"taxonomy":"product_cat","embeddable":true,"href":"https:\/\/wpachem.com\/es\/wp-json\/wp\/v2\/product_cat?post=3442"},{"taxonomy":"product_tag","embeddable":true,"href":"https:\/\/wpachem.com\/es\/wp-json\/wp\/v2\/product_tag?post=3442"}],"curies":[{"name":"wp","href":"https:\/\/api.w.org\/{rel}","templated":true}]}}