{"id":3445,"date":"2023-03-21T05:40:00","date_gmt":"2023-03-21T05:40:00","guid":{"rendered":"http:\/\/site2.easyceotech.com\/?post_type=product&#038;p=3445"},"modified":"2024-03-12T07:52:41","modified_gmt":"2024-03-12T07:52:41","slug":"sodium-n-cyclohexylsulfamate","status":"publish","type":"product","link":"https:\/\/wpachem.com\/es\/producto\/sodium-n-cyclohexylsulfamate\/","title":{"rendered":"N-ciclohexilsulfamato de sodio"},"content":{"rendered":"<div class=\"J_module\">\n<div class=\"icbu-pc-images magic-8\">\n<div>\n<div class=\"flex-layout-h\">\n<div class=\"text-wrapper magic-12\">\n<div class=\"text-wrapper-right text-theme-light text-align-left\">\n<div class=\"text-title\"><span class=\"magic-3\" style=\"color: #23a193;\" data-spm-anchor-id=\"a2700.details.0.i8.2b78183eUcMdWR\">Solicitud\u00a0<\/span><\/div>\n<div class=\"text-content\">\n<p><span class=\"magic-13\"> <span class=\"magic-7\">El ciclamato de sodio es un edulcorante sint\u00e9tico no nutritivo.<\/span><\/span><\/p>\n<div><span class=\"magic-7\"><span class=\"magic-13\">Dulzor 50 veces superior al de la sacarosa. Como edulcorante no nutritivo, se utiliza ampliamente en diversos productos alimenticios. Basado en la norma GB2760-90 de China, se puede utilizar en bebidas l\u00edquidas y s\u00f3lidas, helados, pasteles, mermeladas, encurtidos, frutas en conserva, chicles, etc.<\/span><\/span><\/div>\n<div><span class=\"magic-7\"><span class=\"magic-13\">\u00a0<\/span><\/span><\/div>\n<div><span class=\"magic-7\"><span class=\"magic-13\"> Gu\u00eda de uso: el m\u00e1ximo uso como edulcorante alimentario es de 0,3 g\/kg.<\/span><\/span><\/div>\n<\/div>\n<\/div>\n<\/div>\n<\/div>\n<\/div>\n<\/div>\n<\/div>\n<div class=\"J_module\">\n<div class=\"detail-decorate-json-renderer-container\">\n<div class=\"magic-1\">\n<h3 class=\"magic-2\"><span class=\"magic-3\" style=\"color: #23a193;\">Caracter\u00edstica del ciclamato de sodio<\/span><\/h3>\n<div class=\"magic-4\">\n<div class=\"magic-5\">\n<div class=\"magic-6\">\n<div><span class=\"magic-7\">*Alta pureza (98,5-101%), 50 veces m\u00e1s dulce que la sacarosa.<\/span><\/div>\n<div><span class=\"magic-13\"><span class=\"magic-7\">*Alta solubilidad en agua, f\u00e1cilmente soluble en agua caliente y fr\u00eda.<\/span><\/span><\/div>\n<div><span class=\"magic-7\">*Fuerte estabilidad qu\u00edmica, sin disociaci\u00f3n en condiciones de calor, \u00e1cido y alcalino.<\/span><\/div>\n<div><span class=\"magic-7\">*Sin calor\u00edas ni az\u00facar, apto para diab\u00e9ticos y personas obesas.<\/span><\/div>\n<div><span class=\"magic-7\">*Saludable, no t\u00f3xico e inofensivo para los humanos.<\/span><\/div>\n<div><span class=\"magic-13\"><span class=\"magic-7\">*Econ\u00f3mico, precio 1\/3 de sacarosa, un poco podr\u00eda generar efecto edulcorante.<\/span><\/span><\/div>\n<div><span class=\"magic-7\">*La aplicaci\u00f3n extensa es alimentaria, farmac\u00e9utica, cosm\u00e9tica, etc.<\/span><\/div>\n<\/div>\n<\/div>\n<\/div>\n<\/div>\n<\/div>\n<\/div>\n<p>&nbsp;<\/p>","protected":false},"excerpt":{"rendered":"<p>Nombre del producto: N-ciclohexilsulfamato de sodio<br \/>\nN.\u00ba CAS: 139-05-9<br \/>\nMF:C6H14NNaO3S<br \/>\nApariencia: Polvo blanco<\/p>","protected":false},"featured_media":2150,"template":"","meta":{"_acf_changed":false,"_gspb_post_css":""},"product_brand":[],"product_cat":[55,56],"product_tag":[],"class_list":{"0":"post-3445","1":"product","2":"type-product","3":"status-publish","4":"has-post-thumbnail","6":"product_cat-food-additives","7":"product_cat-sweetener","9":"first","10":"instock","11":"shipping-taxable","12":"product-type-simple"},"acf":[],"_links":{"self":[{"href":"https:\/\/wpachem.com\/es\/wp-json\/wp\/v2\/product\/3445","targetHints":{"allow":["GET"]}}],"collection":[{"href":"https:\/\/wpachem.com\/es\/wp-json\/wp\/v2\/product"}],"about":[{"href":"https:\/\/wpachem.com\/es\/wp-json\/wp\/v2\/types\/product"}],"version-history":[{"count":0,"href":"https:\/\/wpachem.com\/es\/wp-json\/wp\/v2\/product\/3445\/revisions"}],"wp:featuredmedia":[{"embeddable":true,"href":"https:\/\/wpachem.com\/es\/wp-json\/wp\/v2\/media\/2150"}],"wp:attachment":[{"href":"https:\/\/wpachem.com\/es\/wp-json\/wp\/v2\/media?parent=3445"}],"wp:term":[{"taxonomy":"product_brand","embeddable":true,"href":"https:\/\/wpachem.com\/es\/wp-json\/wp\/v2\/product_brand?post=3445"},{"taxonomy":"product_cat","embeddable":true,"href":"https:\/\/wpachem.com\/es\/wp-json\/wp\/v2\/product_cat?post=3445"},{"taxonomy":"product_tag","embeddable":true,"href":"https:\/\/wpachem.com\/es\/wp-json\/wp\/v2\/product_tag?post=3445"}],"curies":[{"name":"wp","href":"https:\/\/api.w.org\/{rel}","templated":true}]}}