{"id":3448,"date":"2023-03-21T06:01:40","date_gmt":"2023-03-21T06:01:40","guid":{"rendered":"http:\/\/site2.easyceotech.com\/?post_type=product&#038;p=3448"},"modified":"2024-03-12T07:52:06","modified_gmt":"2024-03-12T07:52:06","slug":"dextrose-monohydrate","status":"publish","type":"product","link":"https:\/\/wpachem.com\/es\/producto\/dextrose-monohydrate\/","title":{"rendered":"Monohidrato de dextrosa"},"content":{"rendered":"<p><strong><span data-spm-anchor-id=\"a2700.details.0.i8.c7f22739vOAJxb\">Funci\u00f3n del monohidrato de D-glucosa<\/span><\/strong><\/p>\n<p align=\"left\">Polvo de monohidrato de D-glucosa CAS 5996-10-1 de calidad alimentaria a la venta<\/p>\n<p><strong>Aplicaci\u00f3n de D-Glucosa monohidrato<\/strong><\/p>\n<p>1. Puede reemplazar el uso de az\u00facar blanco (el dulzor es 60% - 70% de az\u00facar) en la industria alimentaria, como dulces, pasteles, bebidas, alimentos fr\u00edos, galletas, l\u00edquidos nutritivos para la salud, mejorar el sabor de los productos, mejorar la calidad del producto. Reducir los costos de producci\u00f3n, mejorar la eficiencia econ\u00f3mica de las empresas.<br \/>\n2.glucosa, alta absorci\u00f3n de humedad, utilizada en productos horneados, para mantener el producto suave, larga vida \u00fatil y aumentar el sabor de los alimentos.<\/p>","protected":false},"excerpt":{"rendered":"<p>Nombre del producto: monohidrato de dextrosa<br \/>\nN\u00famero CAS: 5996-10-1<br \/>\nFrecuencia intermedia: C6H14O7<br \/>\nApariencia: poder blanco<\/p>","protected":false},"featured_media":2133,"template":"","meta":{"_acf_changed":false,"_gspb_post_css":""},"product_brand":[],"product_cat":[55,56],"product_tag":[],"class_list":{"0":"post-3448","1":"product","2":"type-product","3":"status-publish","4":"has-post-thumbnail","6":"product_cat-food-additives","7":"product_cat-sweetener","9":"first","10":"instock","11":"shipping-taxable","12":"product-type-simple"},"acf":[],"_links":{"self":[{"href":"https:\/\/wpachem.com\/es\/wp-json\/wp\/v2\/product\/3448","targetHints":{"allow":["GET"]}}],"collection":[{"href":"https:\/\/wpachem.com\/es\/wp-json\/wp\/v2\/product"}],"about":[{"href":"https:\/\/wpachem.com\/es\/wp-json\/wp\/v2\/types\/product"}],"version-history":[{"count":0,"href":"https:\/\/wpachem.com\/es\/wp-json\/wp\/v2\/product\/3448\/revisions"}],"wp:featuredmedia":[{"embeddable":true,"href":"https:\/\/wpachem.com\/es\/wp-json\/wp\/v2\/media\/2133"}],"wp:attachment":[{"href":"https:\/\/wpachem.com\/es\/wp-json\/wp\/v2\/media?parent=3448"}],"wp:term":[{"taxonomy":"product_brand","embeddable":true,"href":"https:\/\/wpachem.com\/es\/wp-json\/wp\/v2\/product_brand?post=3448"},{"taxonomy":"product_cat","embeddable":true,"href":"https:\/\/wpachem.com\/es\/wp-json\/wp\/v2\/product_cat?post=3448"},{"taxonomy":"product_tag","embeddable":true,"href":"https:\/\/wpachem.com\/es\/wp-json\/wp\/v2\/product_tag?post=3448"}],"curies":[{"name":"wp","href":"https:\/\/api.w.org\/{rel}","templated":true}]}}