{"id":3454,"date":"2023-03-21T06:10:13","date_gmt":"2023-03-21T06:10:13","guid":{"rendered":"http:\/\/site2.easyceotech.com\/?post_type=product&#038;p=3454"},"modified":"2024-03-12T07:51:56","modified_gmt":"2024-03-12T07:51:56","slug":"corn-syrup","status":"publish","type":"product","link":"https:\/\/wpachem.com\/es\/producto\/corn-syrup\/","title":{"rendered":"JARABE DE MA\u00cdZ"},"content":{"rendered":"<div class=\"text-title\"><strong>jarabe de malta<\/strong><\/div>\n<div><\/div>\n<div class=\"text-content\">\n<div>El jarabe de malta se elabora a partir de almid\u00f3n de alta calidad como materia prima, mediante licuefacci\u00f3n, sacarificaci\u00f3n, decoloraci\u00f3n, filtraci\u00f3n y<br \/>\nfina concentraci\u00f3n, con la maltosa como componente principal.<\/div>\n<div><\/div>\n<p>Es ampliamente utilizado en confiter\u00eda, productos de bebidas fr\u00edas, productos l\u00e1cteos, cerveza, gelatina, alimentos horneados, condimentos, preparaci\u00f3n de enzimas.<br \/>\nalimentos preparados, productos c\u00e1rnicos y otras industrias.<\/p>\n<\/div>\n<div class=\"text-content\">Baja absorci\u00f3n de humedad y alta retenci\u00f3n de humedad, dulzor suave y moderado, buena anticristalizaci\u00f3n, antioxidante,<br \/>\nViscosidad moderada, buena estabilidad qu\u00edmica, caracter\u00edsticas de bajo punto de congelaci\u00f3n, por lo que ha sido ampliamente utilizado en confiter\u00eda, fr\u00edo.<br \/>\nIndustria de bebidas y productos l\u00e1cteos.<\/div>\n<p>&nbsp;<\/p>","protected":false},"excerpt":{"rendered":"<p>Nombre del producto: JARABE DE MA\u00cdZ<br \/>\nN\u00famero CAS: 8029-43-4<br \/>\nFrecuencia intermedia: C6H12O6<br \/>\nAspecto: l\u00edquido, l\u00edquido<\/p>","protected":false},"featured_media":2109,"template":"","meta":{"_acf_changed":false,"_gspb_post_css":""},"product_brand":[],"product_cat":[55,56],"product_tag":[],"class_list":{"0":"post-3454","1":"product","2":"type-product","3":"status-publish","4":"has-post-thumbnail","6":"product_cat-food-additives","7":"product_cat-sweetener","9":"first","10":"instock","11":"shipping-taxable","12":"product-type-simple"},"acf":[],"_links":{"self":[{"href":"https:\/\/wpachem.com\/es\/wp-json\/wp\/v2\/product\/3454","targetHints":{"allow":["GET"]}}],"collection":[{"href":"https:\/\/wpachem.com\/es\/wp-json\/wp\/v2\/product"}],"about":[{"href":"https:\/\/wpachem.com\/es\/wp-json\/wp\/v2\/types\/product"}],"version-history":[{"count":0,"href":"https:\/\/wpachem.com\/es\/wp-json\/wp\/v2\/product\/3454\/revisions"}],"wp:featuredmedia":[{"embeddable":true,"href":"https:\/\/wpachem.com\/es\/wp-json\/wp\/v2\/media\/2109"}],"wp:attachment":[{"href":"https:\/\/wpachem.com\/es\/wp-json\/wp\/v2\/media?parent=3454"}],"wp:term":[{"taxonomy":"product_brand","embeddable":true,"href":"https:\/\/wpachem.com\/es\/wp-json\/wp\/v2\/product_brand?post=3454"},{"taxonomy":"product_cat","embeddable":true,"href":"https:\/\/wpachem.com\/es\/wp-json\/wp\/v2\/product_cat?post=3454"},{"taxonomy":"product_tag","embeddable":true,"href":"https:\/\/wpachem.com\/es\/wp-json\/wp\/v2\/product_tag?post=3454"}],"curies":[{"name":"wp","href":"https:\/\/api.w.org\/{rel}","templated":true}]}}