{"id":3464,"date":"2023-03-21T06:25:08","date_gmt":"2023-03-21T06:25:08","guid":{"rendered":"http:\/\/site2.easyceotech.com\/?post_type=product&#038;p=3464"},"modified":"2024-03-12T07:51:21","modified_gmt":"2024-03-12T07:51:21","slug":"maltitol","status":"publish","type":"product","link":"https:\/\/wpachem.com\/es\/producto\/maltitol\/","title":{"rendered":"maltitol"},"content":{"rendered":"<p style=\"font-weight: 400;\"><b><strong style=\"font-style: inherit;\">Introducci\u00f3n:<\/strong><\/b><\/p>\n<p><span style=\"font-weight: 400;\">El maltitol, tambi\u00e9n conocido como maltosa hidrogenada, nombre qu\u00edmico 1,4-o-\u03b1-D-glucopiranosil-D-sorbitol, es un sorbitol unido por una mol\u00e9cula de glucosa a trav\u00e9s de un enlace \u03b1-1,4 compuesto de disac\u00e1ridos. La f\u00f3rmula molecular es C12H24O11 y la masa molecular relativa es 344,31. El maltitol es un cristal transparente incoloro, f\u00e1cilmente soluble en agua, pero insoluble en metanol y etanol.<\/span><\/p>\n<p style=\"font-weight: 400;\" data-spm-anchor-id=\"a2700.details.0.i26.f09a7f3csghGBu\">El maltitol es un nuevo tipo de edulcorante con alto dulzor, bajo en calor\u00edas, buena seguridad, suficientes materias primas, proceso de fabricaci\u00f3n simple y propiedades \u00fanicas que otros edulcorantes no tienen. Ampliamente utilizado en el procesamiento de alimentos con sabor a az\u00facar.<\/p>\n<p>&nbsp;<\/p>","protected":false},"excerpt":{"rendered":"<p>Nombre del producto: maltitol<br \/>\nN\u00famero CAS: 585-88-6<br \/>\nFrecuencia intermedia: C12H24O11<br \/>\nApariencia: poder blanco<\/p>","protected":false},"featured_media":2131,"template":"","meta":{"_acf_changed":false,"_gspb_post_css":""},"product_brand":[],"product_cat":[55,56],"product_tag":[],"class_list":{"0":"post-3464","1":"product","2":"type-product","3":"status-publish","4":"has-post-thumbnail","6":"product_cat-food-additives","7":"product_cat-sweetener","9":"first","10":"instock","11":"shipping-taxable","12":"product-type-simple"},"acf":[],"_links":{"self":[{"href":"https:\/\/wpachem.com\/es\/wp-json\/wp\/v2\/product\/3464","targetHints":{"allow":["GET"]}}],"collection":[{"href":"https:\/\/wpachem.com\/es\/wp-json\/wp\/v2\/product"}],"about":[{"href":"https:\/\/wpachem.com\/es\/wp-json\/wp\/v2\/types\/product"}],"version-history":[{"count":0,"href":"https:\/\/wpachem.com\/es\/wp-json\/wp\/v2\/product\/3464\/revisions"}],"wp:featuredmedia":[{"embeddable":true,"href":"https:\/\/wpachem.com\/es\/wp-json\/wp\/v2\/media\/2131"}],"wp:attachment":[{"href":"https:\/\/wpachem.com\/es\/wp-json\/wp\/v2\/media?parent=3464"}],"wp:term":[{"taxonomy":"product_brand","embeddable":true,"href":"https:\/\/wpachem.com\/es\/wp-json\/wp\/v2\/product_brand?post=3464"},{"taxonomy":"product_cat","embeddable":true,"href":"https:\/\/wpachem.com\/es\/wp-json\/wp\/v2\/product_cat?post=3464"},{"taxonomy":"product_tag","embeddable":true,"href":"https:\/\/wpachem.com\/es\/wp-json\/wp\/v2\/product_tag?post=3464"}],"curies":[{"name":"wp","href":"https:\/\/api.w.org\/{rel}","templated":true}]}}