{"id":3472,"date":"2023-03-21T06:50:45","date_gmt":"2023-03-21T06:50:45","guid":{"rendered":"http:\/\/site2.easyceotech.com\/?post_type=product&#038;p=3472"},"modified":"2024-03-12T07:51:14","modified_gmt":"2024-03-12T07:51:14","slug":"d-glucono-15-lactone","status":"publish","type":"product","link":"https:\/\/wpachem.com\/es\/producto\/d-glucono-15-lactone\/","title":{"rendered":"D-(+)-Glucono-1,5-lactona"},"content":{"rendered":"<h3><span data-spm-anchor-id=\"a2700.details.0.i17.2e5e2367ROB7ZQ\">Suministro de f\u00e1brica de D-(+)-Glucono-1,5-lactona CAS 90-80-2 de alta calidad a la venta<\/span><\/h3>\n<p style=\"font-style: inherit; font-weight: inherit;\">Aplicaci\u00f3n: 1. Como estabilizador y coagulante, se puede utilizar en productos de soja (tofu y flor de frijol), salchichas (salchichas de carne), productos de surimi y jugo de uva, el uso m\u00e1ximo es de 3,0 g\/kg;<\/p>\n<p>2. Como conservante, se puede utilizar para conservar pescado y camarones. La dosis m\u00e1xima es de 0,1 g\/kg y la cantidad residual es de 0,01 mg\/kg.<\/p>\n<p>3. Tambi\u00e9n se puede utilizar como agente leudante, para la preparaci\u00f3n de polvo de hornear compuesto, seg\u00fan las necesidades de producci\u00f3n de uso apropiado.<\/p>\n<p>4. Ampliamente utilizado como agente agrio, cultivo iniciador, coagulante de prote\u00ednas, agente reductor de pH, agente de mantenimiento del tono, conservante de alimentos, etc.<\/p>\n<p>&nbsp;<\/p>\n<p>&nbsp;<\/p>","protected":false},"excerpt":{"rendered":"<p>Nombre del producto: D-(+)-Glucono-1,5-lactona<br \/>\nN.\u00ba CAS: 90-80-2<br \/>\nMb:C6H10O6<br \/>\nApariencia: poder blanco<\/p>","protected":false},"featured_media":2177,"template":"","meta":{"_acf_changed":false,"_gspb_post_css":""},"product_brand":[],"product_cat":[24],"product_tag":[],"class_list":{"0":"post-3472","1":"product","2":"type-product","3":"status-publish","4":"has-post-thumbnail","6":"product_cat-uncategorized","8":"first","9":"instock","10":"shipping-taxable","11":"product-type-simple"},"acf":[],"_links":{"self":[{"href":"https:\/\/wpachem.com\/es\/wp-json\/wp\/v2\/product\/3472","targetHints":{"allow":["GET"]}}],"collection":[{"href":"https:\/\/wpachem.com\/es\/wp-json\/wp\/v2\/product"}],"about":[{"href":"https:\/\/wpachem.com\/es\/wp-json\/wp\/v2\/types\/product"}],"version-history":[{"count":0,"href":"https:\/\/wpachem.com\/es\/wp-json\/wp\/v2\/product\/3472\/revisions"}],"wp:featuredmedia":[{"embeddable":true,"href":"https:\/\/wpachem.com\/es\/wp-json\/wp\/v2\/media\/2177"}],"wp:attachment":[{"href":"https:\/\/wpachem.com\/es\/wp-json\/wp\/v2\/media?parent=3472"}],"wp:term":[{"taxonomy":"product_brand","embeddable":true,"href":"https:\/\/wpachem.com\/es\/wp-json\/wp\/v2\/product_brand?post=3472"},{"taxonomy":"product_cat","embeddable":true,"href":"https:\/\/wpachem.com\/es\/wp-json\/wp\/v2\/product_cat?post=3472"},{"taxonomy":"product_tag","embeddable":true,"href":"https:\/\/wpachem.com\/es\/wp-json\/wp\/v2\/product_tag?post=3472"}],"curies":[{"name":"wp","href":"https:\/\/api.w.org\/{rel}","templated":true}]}}