{"id":3481,"date":"2023-03-21T07:13:03","date_gmt":"2023-03-21T07:13:03","guid":{"rendered":"http:\/\/site2.easyceotech.com\/?post_type=product&#038;p=3481"},"modified":"2024-03-12T07:51:01","modified_gmt":"2024-03-12T07:51:01","slug":"dextrose-anhydrous","status":"publish","type":"product","link":"https:\/\/wpachem.com\/es\/producto\/dextrose-anhydrous\/","title":{"rendered":"Dextrosa Anhidra"},"content":{"rendered":"<p><strong data-spm-anchor-id=\"a2700.details.0.i23.49f52ab0I4GB6w\">Descripci\u00f3n de la glucosa anhidra:<\/strong><\/p>\n<p>Glucosa, el otro nombre de la glucosa es dextrosa.<br \/>\nLa glucosa es D-glucosa cristalizada con una mol\u00e9cula de agua. La glucosa es glucosa de origen vegetal, obtenida mediante hidr\u00f3lisis enzim\u00e1tica de maicena (No manipulada gen\u00e9ticamente, ausencia de OGM). La glucosa que es una especie de poder edulcorante (en soluci\u00f3n de 10%m\/m) equivale a las 75% de la sacarosa.<\/p>\n<div>\n<div>\n<div>\n<div>\n<div>\n<div><strong>Funci\u00f3n de la glucosa anhidra:<\/strong><\/div>\n<div>Industrialmente, la glucosa se produce por hidr\u00f3lisis del almid\u00f3n. En la d\u00e9cada de 1960, se utiliz\u00f3 la producci\u00f3n enzim\u00e1tica microbiana de glucosa. Se trata de una innovaci\u00f3n importante que tiene importantes ventajas sobre el proceso de hidr\u00f3lisis \u00e1cida. En la producci\u00f3n, no es necesario refinar las materias primas, no hay necesidad de equipos resistentes al \u00e1cido y a la presi\u00f3n, y el az\u00facar l\u00edquido no tiene sabor amargo y tiene un alto rendimiento de az\u00facar.<\/div>\n<\/div>\n<\/div>\n<\/div>\n<\/div>\n<\/div>\n<div>\n<div>\n<div>\n<div>\n<div>\n<div>\n<p><strong>Aplicaci\u00f3n de glucosa anhidra:<\/strong><\/p>\n<div>La glucosa se utiliza principalmente como nutriente para inyecci\u00f3n (inyecci\u00f3n de glucosa) en medicina. La glucosa se utiliza principalmente como nutriente para inyecci\u00f3n (inyecci\u00f3n de glucosa) en medicina.<\/div>\n<div>palabras clave: glucosa anhidra; polvo de glucosa anhidra; precio de la glucosa anhidra;<\/div>\n<\/div>\n<\/div>\n<\/div>\n<\/div>\n<\/div>\n<\/div>\n<p>&nbsp;<\/p>","protected":false},"excerpt":{"rendered":"<p>Nombre del producto: dextrosa anhidra<br \/>\nN\u00famero CAS: 50-99-7<br \/>\nFrecuencia intermedia: C6H12O6<br \/>\nApariencia: poder blanco<\/p>","protected":false},"featured_media":2153,"template":"","meta":{"_acf_changed":false,"_gspb_post_css":""},"product_brand":[],"product_cat":[55,56],"product_tag":[],"class_list":{"0":"post-3481","1":"product","2":"type-product","3":"status-publish","4":"has-post-thumbnail","6":"product_cat-food-additives","7":"product_cat-sweetener","9":"first","10":"instock","11":"shipping-taxable","12":"product-type-simple"},"acf":[],"_links":{"self":[{"href":"https:\/\/wpachem.com\/es\/wp-json\/wp\/v2\/product\/3481","targetHints":{"allow":["GET"]}}],"collection":[{"href":"https:\/\/wpachem.com\/es\/wp-json\/wp\/v2\/product"}],"about":[{"href":"https:\/\/wpachem.com\/es\/wp-json\/wp\/v2\/types\/product"}],"version-history":[{"count":0,"href":"https:\/\/wpachem.com\/es\/wp-json\/wp\/v2\/product\/3481\/revisions"}],"wp:featuredmedia":[{"embeddable":true,"href":"https:\/\/wpachem.com\/es\/wp-json\/wp\/v2\/media\/2153"}],"wp:attachment":[{"href":"https:\/\/wpachem.com\/es\/wp-json\/wp\/v2\/media?parent=3481"}],"wp:term":[{"taxonomy":"product_brand","embeddable":true,"href":"https:\/\/wpachem.com\/es\/wp-json\/wp\/v2\/product_brand?post=3481"},{"taxonomy":"product_cat","embeddable":true,"href":"https:\/\/wpachem.com\/es\/wp-json\/wp\/v2\/product_cat?post=3481"},{"taxonomy":"product_tag","embeddable":true,"href":"https:\/\/wpachem.com\/es\/wp-json\/wp\/v2\/product_tag?post=3481"}],"curies":[{"name":"wp","href":"https:\/\/api.w.org\/{rel}","templated":true}]}}