{"id":3497,"date":"2023-03-21T07:33:17","date_gmt":"2023-03-21T07:33:17","guid":{"rendered":"http:\/\/site2.easyceotech.com\/?post_type=product&#038;p=3497"},"modified":"2024-03-12T07:48:37","modified_gmt":"2024-03-12T07:48:37","slug":"neotame","status":"publish","type":"product","link":"https:\/\/wpachem.com\/es\/producto\/neotame\/","title":{"rendered":"neotamo"},"content":{"rendered":"<p><span data-spm-anchor-id=\"a2700.details.0.i37.f6e47f3cRVLiTi\">El neotamo es un edulcorante sin calor\u00edas, que es un derivado del dip\u00e9ptido compuesto por los amino\u00e1cidos \u00e1cido asp\u00e1rtico y fenilalanina. Los componentes del neotamo se unen para formar un ingrediente excepcionalmente dulce.<\/span><br \/>\nEl neotamo es m\u00e1s dulce que otros edulcorantes sin calor\u00edas comercializados y aproximadamente entre 30 y 40 veces m\u00e1s dulce que el aspartamo; Entre 8.000 y 12.000 veces m\u00e1s dulce que el az\u00facar.<\/p>\n<p>&nbsp;<\/p>\n<p><strong>Aplicaci\u00f3n de\u00a0<\/strong><strong>neotamo\u00a0<\/strong><\/p>\n<p data-spm-anchor-id=\"a2700.details.0.i39.f6e47f3cRVLiTi\">1. Bebidas carbonatadas y bebidas sin gas;<br \/>\n2. Mermeladas, jaleas, productos l\u00e1cteos, alm\u00edbares y dulces.<br \/>\n3. Productos horneados, postres.<br \/>\n4. Helado, pastel, udding, vino, lata de fruta, etc.<\/p>\n<p>&nbsp;<\/p>","protected":false},"excerpt":{"rendered":"<p>Nombre del producto: Neotamo<br \/>\nN.\u00ba CAS: 165450-17-9<br \/>\nMF:C20H30N2O5<br \/>\nApariencia: poder blanco<\/p>","protected":false},"featured_media":2180,"template":"","meta":{"_acf_changed":false,"_gspb_post_css":""},"product_brand":[],"product_cat":[55,56],"product_tag":[],"class_list":{"0":"post-3497","1":"product","2":"type-product","3":"status-publish","4":"has-post-thumbnail","6":"product_cat-food-additives","7":"product_cat-sweetener","9":"first","10":"instock","11":"shipping-taxable","12":"product-type-simple"},"acf":[],"_links":{"self":[{"href":"https:\/\/wpachem.com\/es\/wp-json\/wp\/v2\/product\/3497","targetHints":{"allow":["GET"]}}],"collection":[{"href":"https:\/\/wpachem.com\/es\/wp-json\/wp\/v2\/product"}],"about":[{"href":"https:\/\/wpachem.com\/es\/wp-json\/wp\/v2\/types\/product"}],"version-history":[{"count":0,"href":"https:\/\/wpachem.com\/es\/wp-json\/wp\/v2\/product\/3497\/revisions"}],"wp:featuredmedia":[{"embeddable":true,"href":"https:\/\/wpachem.com\/es\/wp-json\/wp\/v2\/media\/2180"}],"wp:attachment":[{"href":"https:\/\/wpachem.com\/es\/wp-json\/wp\/v2\/media?parent=3497"}],"wp:term":[{"taxonomy":"product_brand","embeddable":true,"href":"https:\/\/wpachem.com\/es\/wp-json\/wp\/v2\/product_brand?post=3497"},{"taxonomy":"product_cat","embeddable":true,"href":"https:\/\/wpachem.com\/es\/wp-json\/wp\/v2\/product_cat?post=3497"},{"taxonomy":"product_tag","embeddable":true,"href":"https:\/\/wpachem.com\/es\/wp-json\/wp\/v2\/product_tag?post=3497"}],"curies":[{"name":"wp","href":"https:\/\/api.w.org\/{rel}","templated":true}]}}