{"id":3500,"date":"2023-03-21T07:35:26","date_gmt":"2023-03-21T07:35:26","guid":{"rendered":"http:\/\/site2.easyceotech.com\/?post_type=product&#038;p=3500"},"modified":"2024-03-12T07:48:35","modified_gmt":"2024-03-12T07:48:35","slug":"stevia","status":"publish","type":"product","link":"https:\/\/wpachem.com\/es\/producto\/stevia\/","title":{"rendered":"Estevia"},"content":{"rendered":"<p>No tiene az\u00facar ni calor\u00edas, tiene buen sabor y no tiene olor peculiar. Es una nueva fuente de az\u00facar con amplias perspectivas de desarrollo. Tiene un valor cal\u00f3rico natural bajo y un sabor muy parecido al de la sacarosa. Adem\u00e1s del az\u00facar de ca\u00f1a y remolacha, es el tercer tipo de edulcorante natural con valor de desarrollo y promoci\u00f3n de la salud, y se lo conoce como \u201cla tercera fuente de az\u00facar del mundo\u201d en el mundo.<\/p>\n<p>&nbsp;<\/p>\n<p>Solicitud<\/p>\n<div class=\"magic-6\">El estevi\u00f3sido se utiliza ampliamente en la industria alimentaria como edulcorante y conservante de alimentos. Se utiliza para producir alimentos con alto contenido de dulzura, bajos en calor\u00edas y sal y anticaries.<\/div>\n<div class=\"magic-6\"><\/div>\n<div class=\"magic-6\">Seg\u00fan GB2760-1996, el estevi\u00f3sido se puede utilizar en caramelos, pasteles, bebidas, bebidas s\u00f3lidas, bocadillos fritos, frutas confitadas,<\/div>\n<div class=\"magic-6\">Frutas en conserva, condimentos, helados suaves y accesorios m\u00e9dicos. La cantidad de estevi\u00f3sido utilizada ser\u00e1 la adecuada seg\u00fan las necesidades de producci\u00f3n.<\/div>\n<div class=\"magic-6\"><\/div>\n<div class=\"magic-6\">Utilizado como edulcorante alimentario, especialmente indicado para hipertensi\u00f3n, diabetes, obesidad, enfermedades card\u00edacas, caries dentales, etc.<\/div>\n<p>&nbsp;<\/p>","protected":false},"excerpt":{"rendered":"<p>Nombre del producto: Stevia<br \/>\nNo CAS.:<br \/>\nN\u00famero de modelo: C38H60O18<br \/>\nApariencia: poder blanco<\/p>","protected":false},"featured_media":2161,"template":"","meta":{"_acf_changed":false,"_gspb_post_css":""},"product_brand":[],"product_cat":[24],"product_tag":[],"class_list":{"0":"post-3500","1":"product","2":"type-product","3":"status-publish","4":"has-post-thumbnail","6":"product_cat-uncategorized","8":"first","9":"instock","10":"shipping-taxable","11":"product-type-simple"},"acf":[],"_links":{"self":[{"href":"https:\/\/wpachem.com\/es\/wp-json\/wp\/v2\/product\/3500","targetHints":{"allow":["GET"]}}],"collection":[{"href":"https:\/\/wpachem.com\/es\/wp-json\/wp\/v2\/product"}],"about":[{"href":"https:\/\/wpachem.com\/es\/wp-json\/wp\/v2\/types\/product"}],"version-history":[{"count":0,"href":"https:\/\/wpachem.com\/es\/wp-json\/wp\/v2\/product\/3500\/revisions"}],"wp:featuredmedia":[{"embeddable":true,"href":"https:\/\/wpachem.com\/es\/wp-json\/wp\/v2\/media\/2161"}],"wp:attachment":[{"href":"https:\/\/wpachem.com\/es\/wp-json\/wp\/v2\/media?parent=3500"}],"wp:term":[{"taxonomy":"product_brand","embeddable":true,"href":"https:\/\/wpachem.com\/es\/wp-json\/wp\/v2\/product_brand?post=3500"},{"taxonomy":"product_cat","embeddable":true,"href":"https:\/\/wpachem.com\/es\/wp-json\/wp\/v2\/product_cat?post=3500"},{"taxonomy":"product_tag","embeddable":true,"href":"https:\/\/wpachem.com\/es\/wp-json\/wp\/v2\/product_tag?post=3500"}],"curies":[{"name":"wp","href":"https:\/\/api.w.org\/{rel}","templated":true}]}}