{"id":3503,"date":"2023-03-21T07:48:22","date_gmt":"2023-03-21T07:48:22","guid":{"rendered":"http:\/\/site2.easyceotech.com\/?post_type=product&#038;p=3503"},"modified":"2024-03-12T07:48:29","modified_gmt":"2024-03-12T07:48:29","slug":"ascorbic-acid-vitamin-c","status":"publish","type":"product","link":"https:\/\/wpachem.com\/es\/producto\/ascorbic-acid-vitamin-c\/","title":{"rendered":"\u00c1cido asc\u00f3rbico\/vitamina C"},"content":{"rendered":"<p><strong><span data-spm-anchor-id=\"a2700.details.0.i23.4db3381coUncIN\">\u00bfQu\u00e9 es la vitamina C en polvo?<\/span><\/strong><\/p>\n<p>La vitamina C es una vitamina soluble en agua que se encuentra en los c\u00edtricos y otras frutas y verduras y que tambi\u00e9n se vende como suplemento diet\u00e9tico. La vitamina C es un nutriente esencial implicado en la reparaci\u00f3n de tejidos, la formaci\u00f3n de col\u00e1geno y la producci\u00f3n enzim\u00e1tica de ciertos neurotransmisores. Es necesario para el funcionamiento de varias enzimas y es importante para el funcionamiento del sistema inmunol\u00f3gico. Tambi\u00e9n funciona como antioxidante.<\/p>\n<p>&nbsp;<\/p>\n<p>Palabras clave: polvo de vitamina C, \u00e1cido asc\u00f3rbico de vitamina C, polvo de \u00e1cido asc\u00f3rbico de vitamina C de calidad alimentaria<\/p>\n<p><strong>\u00bfD\u00f3nde se puede utilizar la vitamina C en polvo?<\/strong><br \/>\n1, la conservaci\u00f3n de alimentos, frutas y bebidas, principalmente puede retrasar el olor desagradable.<br \/>\n2. Inhibir la formaci\u00f3n de nitrito de amonio en productos c\u00e1rnicos con nitrito.<br \/>\n3. Mejorar la calidad de la masa para maximizar la expansi\u00f3n de los productos horneados.<br \/>\n4. Reponer la vitamina C perdida en el procesamiento de bebidas, frutas y verduras.<br \/>\n5, como aditivo nutritivo.<br \/>\n6. Aditivos alimentarios.<\/p>","protected":false},"excerpt":{"rendered":"<p>Nombre del producto:<a class=\"blue\"><span style=\"color: #ff0000;\">\u00c1cido asc\u00f3rbico<\/span><\/a><br \/>\nN\u00famero CAS: 50-81-7<br \/>\nFrecuencia intermedia: C6H8O6<br \/>\nApariencia: poder blanco<\/p>","protected":false},"featured_media":2181,"template":"","meta":{"_acf_changed":false,"_gspb_post_css":""},"product_brand":[],"product_cat":[55],"product_tag":[],"class_list":{"0":"post-3503","1":"product","2":"type-product","3":"status-publish","4":"has-post-thumbnail","6":"product_cat-food-additives","8":"first","9":"instock","10":"shipping-taxable","11":"product-type-simple"},"acf":[],"_links":{"self":[{"href":"https:\/\/wpachem.com\/es\/wp-json\/wp\/v2\/product\/3503","targetHints":{"allow":["GET"]}}],"collection":[{"href":"https:\/\/wpachem.com\/es\/wp-json\/wp\/v2\/product"}],"about":[{"href":"https:\/\/wpachem.com\/es\/wp-json\/wp\/v2\/types\/product"}],"version-history":[{"count":0,"href":"https:\/\/wpachem.com\/es\/wp-json\/wp\/v2\/product\/3503\/revisions"}],"wp:featuredmedia":[{"embeddable":true,"href":"https:\/\/wpachem.com\/es\/wp-json\/wp\/v2\/media\/2181"}],"wp:attachment":[{"href":"https:\/\/wpachem.com\/es\/wp-json\/wp\/v2\/media?parent=3503"}],"wp:term":[{"taxonomy":"product_brand","embeddable":true,"href":"https:\/\/wpachem.com\/es\/wp-json\/wp\/v2\/product_brand?post=3503"},{"taxonomy":"product_cat","embeddable":true,"href":"https:\/\/wpachem.com\/es\/wp-json\/wp\/v2\/product_cat?post=3503"},{"taxonomy":"product_tag","embeddable":true,"href":"https:\/\/wpachem.com\/es\/wp-json\/wp\/v2\/product_tag?post=3503"}],"curies":[{"name":"wp","href":"https:\/\/api.w.org\/{rel}","templated":true}]}}