{"id":3509,"date":"2023-03-21T07:55:20","date_gmt":"2023-03-21T07:55:20","guid":{"rendered":"http:\/\/site2.easyceotech.com\/?post_type=product&#038;p=3509"},"modified":"2024-03-12T07:48:21","modified_gmt":"2024-03-12T07:48:21","slug":"sodium-ascorbate","status":"publish","type":"product","link":"https:\/\/wpachem.com\/es\/producto\/sodium-ascorbate\/","title":{"rendered":"Ascorbato de sodio"},"content":{"rendered":"<p><strong><span data-spm-anchor-id=\"a2700.details.0.i24.65865dbbSV7DvS\">Descripci\u00f3n del ascorbato de sodio:<\/span><\/strong><\/p>\n<p>El ascorbato de sodio es un s\u00f3lido cristalino de color blanco a ligeramente amarillento, inodoro y ligeramente salado. 1 g de este producto se disuelve en 2 ml de agua. Su temperatura de descomposici\u00f3n es de 218 \u00b0C. Es relativamente estable en estado seco. Al exponerse a la luz, su color se intensifica. Tras la absorci\u00f3n de humedad, se oxida lentamente y se descompone en soluci\u00f3n acuosa. Es m\u00e1s soluble en agua que el \u00e1cido asc\u00f3rbico (62 g\/100 ml) y el pH de la soluci\u00f3n acuosa de 10% es de aproximadamente 7,5. Se recomienda el uso de fortificantes vitam\u00ednicos y antioxidantes.<\/p>\n<div>\n<div>\n<div>\n<div>\n<div>\n<div><strong>Aplicaci\u00f3n del ascorbato de sodio:<\/strong><br \/>\nEl ascorbato de sodio se utiliza ampliamente en diversos campos, como alimentos, bebidas, acuicultura y aditivos alimentarios.<\/p>\n<div>Palabras clave: Sal s\u00f3dica de \u00e1cido L-asc\u00f3rbico, VC s\u00f3dico, polvo de ascorbato s\u00f3dico de vitamina C, CAS 134-03-2<\/div>\n<\/div>\n<\/div>\n<\/div>\n<\/div>\n<\/div>\n<\/div>\n<p>&nbsp;<\/p>","protected":false},"excerpt":{"rendered":"<p>Nombre del producto: Ascorbato de sodio<br \/>\nN.\u00ba CAS: 134-03-2<br \/>\nMF:C6H7NaO6<br \/>\nApariencia: poder blanco<\/p>","protected":false},"featured_media":2172,"template":"","meta":{"_acf_changed":false,"_gspb_post_css":""},"product_brand":[],"product_cat":[55],"product_tag":[],"class_list":{"0":"post-3509","1":"product","2":"type-product","3":"status-publish","4":"has-post-thumbnail","6":"product_cat-food-additives","8":"first","9":"instock","10":"shipping-taxable","11":"product-type-simple"},"acf":[],"_links":{"self":[{"href":"https:\/\/wpachem.com\/es\/wp-json\/wp\/v2\/product\/3509","targetHints":{"allow":["GET"]}}],"collection":[{"href":"https:\/\/wpachem.com\/es\/wp-json\/wp\/v2\/product"}],"about":[{"href":"https:\/\/wpachem.com\/es\/wp-json\/wp\/v2\/types\/product"}],"version-history":[{"count":0,"href":"https:\/\/wpachem.com\/es\/wp-json\/wp\/v2\/product\/3509\/revisions"}],"wp:featuredmedia":[{"embeddable":true,"href":"https:\/\/wpachem.com\/es\/wp-json\/wp\/v2\/media\/2172"}],"wp:attachment":[{"href":"https:\/\/wpachem.com\/es\/wp-json\/wp\/v2\/media?parent=3509"}],"wp:term":[{"taxonomy":"product_brand","embeddable":true,"href":"https:\/\/wpachem.com\/es\/wp-json\/wp\/v2\/product_brand?post=3509"},{"taxonomy":"product_cat","embeddable":true,"href":"https:\/\/wpachem.com\/es\/wp-json\/wp\/v2\/product_cat?post=3509"},{"taxonomy":"product_tag","embeddable":true,"href":"https:\/\/wpachem.com\/es\/wp-json\/wp\/v2\/product_tag?post=3509"}],"curies":[{"name":"wp","href":"https:\/\/api.w.org\/{rel}","templated":true}]}}