{"id":3512,"date":"2023-03-21T07:57:25","date_gmt":"2023-03-21T07:57:25","guid":{"rendered":"http:\/\/site2.easyceotech.com\/?post_type=product&#038;p=3512"},"modified":"2024-03-12T07:48:18","modified_gmt":"2024-03-12T07:48:18","slug":"erythorbic-acid","status":"publish","type":"product","link":"https:\/\/wpachem.com\/es\/producto\/erythorbic-acid\/","title":{"rendered":"\u00c1cido erit\u00f3rbico"},"content":{"rendered":"<p><span data-spm-anchor-id=\"a2700.details.0.i19.1e735334Lwef7Q\">\u00c1cido erit\u00f3rbico utilizado como antioxidante<\/span>El erit\u00f3rbico es un ingrediente y aditivo alimentario que act\u00faa como conservante inhibiendo los efectos del ox\u00edgeno en los alimentos, lo que puede ser beneficioso para la salud. No solo conserva el color y el sabor natural originales de los alimentos, sino que tambi\u00e9n prolonga su vida \u00fatil sin efectos secundarios.<\/p>\n<p>Uso:<br \/>\nEl \u00e1cido erit\u00f3rbico es un antioxidante importante en la industria alimentaria. Puede conservar el color y el sabor natural de los alimentos y prolongar su vida \u00fatil.<br \/>\nSu almacenamiento sin toxicidad ni efectos secundarios. Se puede utilizar en el procesamiento de carnes, frutas, verduras, mermeladas enlatadas, etc.<br \/>\nTambi\u00e9n se utiliza en bebidas, como cerveza, vinos de uva, refrescos, t\u00e9 de frutas, zumos de frutas, etc.<\/p>\n<p>Solicitud:<br \/>\nEl \u00e1cido erit\u00f3rbico se puede utilizar como antioxidante. Los antioxidantes son ingredientes y aditivos alimentarios que act\u00faan como conservantes al...<br \/>\nInhibe los efectos del ox\u00edgeno, lo cual es beneficioso para la salud. Como importante antioxidante en la industria alimentaria, el \u00e1cido erit\u00f3rbico no solo conserva el color y el sabor natural de los alimentos, sino que tambi\u00e9n prolonga su vida \u00fatil sin efectos secundarios.<\/p>","protected":false},"excerpt":{"rendered":"<p>Nombre del producto: \u00c1cido erit\u00f3rbico<br \/>\nN.\u00ba CAS: 89-65-6<br \/>\nFrecuencia intermedia: C6H8O6<br \/>\nApariencia: poder blanco<\/p>","protected":false},"featured_media":2182,"template":"","meta":{"_acf_changed":false,"_gspb_post_css":""},"product_brand":[],"product_cat":[55],"product_tag":[],"class_list":{"0":"post-3512","1":"product","2":"type-product","3":"status-publish","4":"has-post-thumbnail","6":"product_cat-food-additives","8":"first","9":"instock","10":"shipping-taxable","11":"product-type-simple"},"acf":[],"_links":{"self":[{"href":"https:\/\/wpachem.com\/es\/wp-json\/wp\/v2\/product\/3512","targetHints":{"allow":["GET"]}}],"collection":[{"href":"https:\/\/wpachem.com\/es\/wp-json\/wp\/v2\/product"}],"about":[{"href":"https:\/\/wpachem.com\/es\/wp-json\/wp\/v2\/types\/product"}],"version-history":[{"count":0,"href":"https:\/\/wpachem.com\/es\/wp-json\/wp\/v2\/product\/3512\/revisions"}],"wp:featuredmedia":[{"embeddable":true,"href":"https:\/\/wpachem.com\/es\/wp-json\/wp\/v2\/media\/2182"}],"wp:attachment":[{"href":"https:\/\/wpachem.com\/es\/wp-json\/wp\/v2\/media?parent=3512"}],"wp:term":[{"taxonomy":"product_brand","embeddable":true,"href":"https:\/\/wpachem.com\/es\/wp-json\/wp\/v2\/product_brand?post=3512"},{"taxonomy":"product_cat","embeddable":true,"href":"https:\/\/wpachem.com\/es\/wp-json\/wp\/v2\/product_cat?post=3512"},{"taxonomy":"product_tag","embeddable":true,"href":"https:\/\/wpachem.com\/es\/wp-json\/wp\/v2\/product_tag?post=3512"}],"curies":[{"name":"wp","href":"https:\/\/api.w.org\/{rel}","templated":true}]}}