{"id":3518,"date":"2023-03-21T08:01:49","date_gmt":"2023-03-21T08:01:49","guid":{"rendered":"http:\/\/site2.easyceotech.com\/?post_type=product&#038;p=3518"},"modified":"2024-03-12T07:46:24","modified_gmt":"2024-03-12T07:46:24","slug":"tert-butylhydroquinone","status":"publish","type":"product","link":"https:\/\/wpachem.com\/es\/producto\/tert-butylhydroquinone\/","title":{"rendered":"terc-butilhidroquinona"},"content":{"rendered":"<p>El TBHQ se utiliza principalmente como inhibidor del cloruro de polivinilo. En la industria alimentaria, se utiliza como antioxidante en aceites y grasas vegetales, alimentos asados, fritos y productos c\u00e1rnicos. Tambi\u00e9n se utiliza como estabilizador de insecticidas y como intermediario en la fabricaci\u00f3n de tintes y productos farmac\u00e9uticos.<\/p>\n<p>La butilhidroquinona terciaria (TBHQ) es un antioxidante sint\u00e9tico de grado alimenticio que se utiliza para estabilizar diversos aceites vegetales, grasas y alimentos contra el deterioro oxidativo, retardando as\u00ed el desarrollo de rancidez en estos productos y extendiendo su vida \u00fatil.<\/p>\n<p>El TBHQ es un conservante altamente eficaz para aceites vegetales insaturados y muchas grasas animales comestibles. No causa decoloraci\u00f3n, incluso en presencia de hierro, y no altera el sabor ni el olor del material al que se a\u00f1ade. Puede combinarse con otros conservantes como el butilhidroxianisol (BHA). Como aditivo alimentario, su n\u00famero E es E319, donde se utiliza como conservante. Se a\u00f1ade a una amplia gama de alimentos, con el l\u00edmite m\u00e1ximo permitido (1000 mg\/kg) para pescado y productos pesqueros congelados. Su principal ventaja es prolongar su vida \u00fatil.<\/p>","protected":false},"excerpt":{"rendered":"<p>Nombre del producto: terc-butilhidroquinona<br \/>\nN.\u00ba CAS: 1948-33-0<br \/>\nMF:C10H14O2<br \/>\nApariencia: poder blanco<\/p>","protected":false},"featured_media":2180,"template":"","meta":{"_acf_changed":false,"_gspb_post_css":""},"product_brand":[],"product_cat":[55],"product_tag":[],"class_list":{"0":"post-3518","1":"product","2":"type-product","3":"status-publish","4":"has-post-thumbnail","6":"product_cat-food-additives","8":"first","9":"instock","10":"shipping-taxable","11":"product-type-simple"},"acf":[],"_links":{"self":[{"href":"https:\/\/wpachem.com\/es\/wp-json\/wp\/v2\/product\/3518","targetHints":{"allow":["GET"]}}],"collection":[{"href":"https:\/\/wpachem.com\/es\/wp-json\/wp\/v2\/product"}],"about":[{"href":"https:\/\/wpachem.com\/es\/wp-json\/wp\/v2\/types\/product"}],"version-history":[{"count":0,"href":"https:\/\/wpachem.com\/es\/wp-json\/wp\/v2\/product\/3518\/revisions"}],"wp:featuredmedia":[{"embeddable":true,"href":"https:\/\/wpachem.com\/es\/wp-json\/wp\/v2\/media\/2180"}],"wp:attachment":[{"href":"https:\/\/wpachem.com\/es\/wp-json\/wp\/v2\/media?parent=3518"}],"wp:term":[{"taxonomy":"product_brand","embeddable":true,"href":"https:\/\/wpachem.com\/es\/wp-json\/wp\/v2\/product_brand?post=3518"},{"taxonomy":"product_cat","embeddable":true,"href":"https:\/\/wpachem.com\/es\/wp-json\/wp\/v2\/product_cat?post=3518"},{"taxonomy":"product_tag","embeddable":true,"href":"https:\/\/wpachem.com\/es\/wp-json\/wp\/v2\/product_tag?post=3518"}],"curies":[{"name":"wp","href":"https:\/\/api.w.org\/{rel}","templated":true}]}}