{"id":3524,"date":"2023-03-22T03:01:29","date_gmt":"2023-03-22T03:01:29","guid":{"rendered":"http:\/\/site2.easyceotech.com\/?post_type=product&#038;p=3524"},"modified":"2024-03-12T07:46:20","modified_gmt":"2024-03-12T07:46:20","slug":"vitamin-a","status":"publish","type":"product","link":"https:\/\/wpachem.com\/es\/producto\/vitamin-a\/","title":{"rendered":"vitamina a"},"content":{"rendered":"<p>La vitamina A es una vitamina liposoluble que existe en forma de aldeh\u00eddos o \u00e9steres libres en los alimentos de origen animal y es abundante en grasas, prote\u00ednas, leche e h\u00edgado. La vitamina A no se encuentra en las plantas, pero un precursor de la vitamina A (provitaChemicalbookminA) se encuentra en vegetales como las zanahorias y los tomates, que pueden convertirse en vitamina A cuando los animales los absorben. La vitamina A es esencial para el crecimiento, el desarrollo, la reproducci\u00f3n y la estabilidad de las membranas celulares, y desempe\u00f1a un papel importante en la visi\u00f3n.<\/p>","protected":false},"excerpt":{"rendered":"<p>Nombre del producto: vitamina A.<br \/>\nN\u00famero CAS: 68-26-8<br \/>\nFrecuencia intermedia: C20H30O<br \/>\nApariencia: poder amarillo<\/p>","protected":false},"featured_media":2096,"template":"","meta":{"_acf_changed":false,"_gspb_post_css":""},"product_brand":[],"product_cat":[24],"product_tag":[],"class_list":{"0":"post-3524","1":"product","2":"type-product","3":"status-publish","4":"has-post-thumbnail","6":"product_cat-uncategorized","8":"first","9":"instock","10":"shipping-taxable","11":"product-type-simple"},"acf":[],"_links":{"self":[{"href":"https:\/\/wpachem.com\/es\/wp-json\/wp\/v2\/product\/3524","targetHints":{"allow":["GET"]}}],"collection":[{"href":"https:\/\/wpachem.com\/es\/wp-json\/wp\/v2\/product"}],"about":[{"href":"https:\/\/wpachem.com\/es\/wp-json\/wp\/v2\/types\/product"}],"version-history":[{"count":0,"href":"https:\/\/wpachem.com\/es\/wp-json\/wp\/v2\/product\/3524\/revisions"}],"wp:featuredmedia":[{"embeddable":true,"href":"https:\/\/wpachem.com\/es\/wp-json\/wp\/v2\/media\/2096"}],"wp:attachment":[{"href":"https:\/\/wpachem.com\/es\/wp-json\/wp\/v2\/media?parent=3524"}],"wp:term":[{"taxonomy":"product_brand","embeddable":true,"href":"https:\/\/wpachem.com\/es\/wp-json\/wp\/v2\/product_brand?post=3524"},{"taxonomy":"product_cat","embeddable":true,"href":"https:\/\/wpachem.com\/es\/wp-json\/wp\/v2\/product_cat?post=3524"},{"taxonomy":"product_tag","embeddable":true,"href":"https:\/\/wpachem.com\/es\/wp-json\/wp\/v2\/product_tag?post=3524"}],"curies":[{"name":"wp","href":"https:\/\/api.w.org\/{rel}","templated":true}]}}