{"id":3527,"date":"2023-03-22T03:17:45","date_gmt":"2023-03-22T03:17:45","guid":{"rendered":"http:\/\/site2.easyceotech.com\/?post_type=product&#038;p=3527"},"modified":"2024-03-12T07:46:18","modified_gmt":"2024-03-12T07:46:18","slug":"vitamin-d3","status":"publish","type":"product","link":"https:\/\/wpachem.com\/es\/producto\/vitamin-d3\/","title":{"rendered":"Vitamina D3"},"content":{"rendered":"<p><span class=\"magic-10\">La vitamina D3, tambi\u00e9n conocida como colecalciferol, es un tipo de vitamina D. El 7-deshidrocolesterol generado despu\u00e9s de la deshidrogenaci\u00f3n del colesterol se puede irradiar con luz ultravioleta para formar colecalciferol, lo que significa que la vitamina D original del colecalciferol es 7-deshidrocolesterol.<\/span><\/p>\n<p>&nbsp;<\/p>\n<div><b class=\"magic-19\" data-spm-anchor-id=\"a2700.details.0.i26.46524ebf9hkhNH\">Funci\u00f3n :<\/b><\/div>\n<div>1.La vitamina D3 es liposoluble. 2.La vitamina D3 es una de esas vitaminas cuya deficiencia puede provocar efectos graves. Los ni\u00f1os que no obtienen suficiente vitamina D3 en su dieta tienen un mayor riesgo de desarrollar raquitismo, una enfermedad que provoca malformaciones de huesos y dientes en los ni\u00f1os. Los adultos con niveles bajos de vitamina D3 tienen m\u00e1s probabilidades de desarrollar osteomalacia (similar al raquitismo) y de sufrir osteoporosis, una enfermedad que debilita los huesos. 3.La vitamina D3 tambi\u00e9n regula el sistema nervioso y ayuda en el tratamiento del insomnio. \u00a1Un vaso de leche tibia antes de acostarte puede ayudarte a dormir profundamente!<\/div>\n<p>&nbsp;<\/p>","protected":false},"excerpt":{"rendered":"<p>Nombre del producto: vitamina D3<br \/>\nN\u00famero CAS: 67-97-0<br \/>\nFrecuencia intermedia: C27H44O<br \/>\nApariencia: poder blanco<\/p>","protected":false},"featured_media":2217,"template":"","meta":{"_acf_changed":false,"_gspb_post_css":""},"product_brand":[],"product_cat":[55],"product_tag":[],"class_list":{"0":"post-3527","1":"product","2":"type-product","3":"status-publish","4":"has-post-thumbnail","6":"product_cat-food-additives","8":"first","9":"instock","10":"shipping-taxable","11":"product-type-simple"},"acf":[],"_links":{"self":[{"href":"https:\/\/wpachem.com\/es\/wp-json\/wp\/v2\/product\/3527","targetHints":{"allow":["GET"]}}],"collection":[{"href":"https:\/\/wpachem.com\/es\/wp-json\/wp\/v2\/product"}],"about":[{"href":"https:\/\/wpachem.com\/es\/wp-json\/wp\/v2\/types\/product"}],"version-history":[{"count":0,"href":"https:\/\/wpachem.com\/es\/wp-json\/wp\/v2\/product\/3527\/revisions"}],"wp:featuredmedia":[{"embeddable":true,"href":"https:\/\/wpachem.com\/es\/wp-json\/wp\/v2\/media\/2217"}],"wp:attachment":[{"href":"https:\/\/wpachem.com\/es\/wp-json\/wp\/v2\/media?parent=3527"}],"wp:term":[{"taxonomy":"product_brand","embeddable":true,"href":"https:\/\/wpachem.com\/es\/wp-json\/wp\/v2\/product_brand?post=3527"},{"taxonomy":"product_cat","embeddable":true,"href":"https:\/\/wpachem.com\/es\/wp-json\/wp\/v2\/product_cat?post=3527"},{"taxonomy":"product_tag","embeddable":true,"href":"https:\/\/wpachem.com\/es\/wp-json\/wp\/v2\/product_tag?post=3527"}],"curies":[{"name":"wp","href":"https:\/\/api.w.org\/{rel}","templated":true}]}}