{"id":3530,"date":"2023-03-22T03:22:45","date_gmt":"2023-03-22T03:22:45","guid":{"rendered":"http:\/\/site2.easyceotech.com\/?post_type=product&#038;p=3530"},"modified":"2024-03-12T07:46:12","modified_gmt":"2024-03-12T07:46:12","slug":"vitamin-e","status":"publish","type":"product","link":"https:\/\/wpachem.com\/es\/producto\/vitamin-e\/","title":{"rendered":"vitamina e"},"content":{"rendered":"<p><span class=\"magic-6\"><b>El efecto de la vitamina E de calidad alimentaria se muestra espec\u00edficamente de la siguiente manera:<br \/>\n<\/b><\/span>1. Efecto antioxidante biol\u00f3gico para prevenir la peroxidaci\u00f3n de l\u00edpidos y una serie de da\u00f1os y p\u00e9rdidas provocados por la c\u00e9lula.<br \/>\nmembrana;<br \/>\n2. La vitamina E puede mejorar la inmunidad del cuerpo y la resistencia a las enfermedades;<br \/>\n3. La vitamina E es un cofactor de la citocromo reductasa, que participa en la regulaci\u00f3n de la s\u00edntesis del ADN celular;<br \/>\n4. Puede reducir la toxicidad de metales pesados como cadmio, mercurio, ars\u00e9nico y plata;<br \/>\n5. La vitamina E tambi\u00e9n implica la reacci\u00f3n de fosforilaci\u00f3n, la s\u00edntesis de vitamina C y \u00e1cido pantot\u00e9nico y el metabolismo de los amino\u00e1cidos que contienen azufre y la vitamina B12.<br \/>\n<b><span class=\"magic-6\">Uso y dosificaci\u00f3n: Material de mezcla:<br \/>\n<\/span><\/b> Al pollo se le a\u00f1adi\u00f3 50%VE10-20g por 1000kg de alimento.<br \/>\nLos cerdos fueron suplementados con 50%VE6- -10 g por 1000 kg de alimento.<\/p>","protected":false},"excerpt":{"rendered":"<p>Nombre del producto: vitamina E.<br \/>\nN\u00famero CAS: 2074-53-5<br \/>\nFrecuencia intermedia: C29H50O2<br \/>\nApariencia: poder blanco<\/p>","protected":false},"featured_media":2169,"template":"","meta":{"_acf_changed":false,"_gspb_post_css":""},"product_brand":[],"product_cat":[55],"product_tag":[],"class_list":{"0":"post-3530","1":"product","2":"type-product","3":"status-publish","4":"has-post-thumbnail","6":"product_cat-food-additives","8":"first","9":"instock","10":"shipping-taxable","11":"product-type-simple"},"acf":[],"_links":{"self":[{"href":"https:\/\/wpachem.com\/es\/wp-json\/wp\/v2\/product\/3530","targetHints":{"allow":["GET"]}}],"collection":[{"href":"https:\/\/wpachem.com\/es\/wp-json\/wp\/v2\/product"}],"about":[{"href":"https:\/\/wpachem.com\/es\/wp-json\/wp\/v2\/types\/product"}],"version-history":[{"count":0,"href":"https:\/\/wpachem.com\/es\/wp-json\/wp\/v2\/product\/3530\/revisions"}],"wp:featuredmedia":[{"embeddable":true,"href":"https:\/\/wpachem.com\/es\/wp-json\/wp\/v2\/media\/2169"}],"wp:attachment":[{"href":"https:\/\/wpachem.com\/es\/wp-json\/wp\/v2\/media?parent=3530"}],"wp:term":[{"taxonomy":"product_brand","embeddable":true,"href":"https:\/\/wpachem.com\/es\/wp-json\/wp\/v2\/product_brand?post=3530"},{"taxonomy":"product_cat","embeddable":true,"href":"https:\/\/wpachem.com\/es\/wp-json\/wp\/v2\/product_cat?post=3530"},{"taxonomy":"product_tag","embeddable":true,"href":"https:\/\/wpachem.com\/es\/wp-json\/wp\/v2\/product_tag?post=3530"}],"curies":[{"name":"wp","href":"https:\/\/api.w.org\/{rel}","templated":true}]}}