{"id":3539,"date":"2023-03-22T03:38:45","date_gmt":"2023-03-22T03:38:45","guid":{"rendered":"http:\/\/site2.easyceotech.com\/?post_type=product&#038;p=3539"},"modified":"2024-03-12T07:45:57","modified_gmt":"2024-03-12T07:45:57","slug":"riboflavin","status":"publish","type":"product","link":"https:\/\/wpachem.com\/es\/producto\/riboflavin\/","title":{"rendered":"Riboflavina"},"content":{"rendered":"<div class=\"J_module\">\n<div class=\"detail-decorate-json-renderer-container\">\n<div class=\"magic-3\">\n<div class=\"magic-4\">\n<div class=\"magic-5\">\n<div class=\"magic-6\"><span class=\"magic-7\"><b data-spm-anchor-id=\"a2700.details.0.i14.37197bd2FFUvDS\">Solicitud:<\/b><\/span><\/div>\n<\/div>\n<\/div>\n<\/div>\n<\/div>\n<\/div>\n<div class=\"J_module\">\n<div class=\"detail-decorate-json-renderer-container\">\n<div class=\"magic-3\">\n<div class=\"magic-4\">\n<div class=\"magic-5\">\n<div class=\"magic-6\">La vitamina B2, tambi\u00e9n conocida como riboflavina, es una vitamina soluble en agua que el propio cuerpo no puede sintetizar y debe ser aportada por los alimentos. Es esencial para mantener las funciones fisiol\u00f3gicas y el metabolismo normales del cuerpo humano. La vitamina B2 participa en el crecimiento normal de las c\u00e9lulas, favorece la cicatrizaci\u00f3n de heridas, fortalece las u\u00f1as y el cabello y es un componente importante de la coenzima. Interviene en la s\u00edntesis y metabolismo de los tres principales nutrientes: hidratos de carbono, prote\u00ednas y grasas, as\u00ed como en la composici\u00f3n de los gl\u00f3bulos rojos y en el transporte del hierro, lo que ayuda a prevenir la anemia ferrop\u00e9nica, y adem\u00e1s tiene cierto efecto antihipertensivo.<\/div>\n<\/div>\n<\/div>\n<\/div>\n<\/div>\n<\/div>\n<p>&nbsp;<\/p>","protected":false},"excerpt":{"rendered":"<p>Nombre del producto:<a class=\"blue\">Riboflavina<\/a><br \/>\nN\u00famero CAS: 83-88-5<br \/>\nFrecuencia intermedia: C17H20N4O6<br \/>\nAspecto: polvo amarillo anaranjado<\/p>","protected":false},"featured_media":2190,"template":"","meta":{"_acf_changed":false,"_gspb_post_css":""},"product_brand":[],"product_cat":[55],"product_tag":[],"class_list":{"0":"post-3539","1":"product","2":"type-product","3":"status-publish","4":"has-post-thumbnail","6":"product_cat-food-additives","8":"first","9":"instock","10":"shipping-taxable","11":"product-type-simple"},"acf":[],"_links":{"self":[{"href":"https:\/\/wpachem.com\/es\/wp-json\/wp\/v2\/product\/3539","targetHints":{"allow":["GET"]}}],"collection":[{"href":"https:\/\/wpachem.com\/es\/wp-json\/wp\/v2\/product"}],"about":[{"href":"https:\/\/wpachem.com\/es\/wp-json\/wp\/v2\/types\/product"}],"version-history":[{"count":0,"href":"https:\/\/wpachem.com\/es\/wp-json\/wp\/v2\/product\/3539\/revisions"}],"wp:featuredmedia":[{"embeddable":true,"href":"https:\/\/wpachem.com\/es\/wp-json\/wp\/v2\/media\/2190"}],"wp:attachment":[{"href":"https:\/\/wpachem.com\/es\/wp-json\/wp\/v2\/media?parent=3539"}],"wp:term":[{"taxonomy":"product_brand","embeddable":true,"href":"https:\/\/wpachem.com\/es\/wp-json\/wp\/v2\/product_brand?post=3539"},{"taxonomy":"product_cat","embeddable":true,"href":"https:\/\/wpachem.com\/es\/wp-json\/wp\/v2\/product_cat?post=3539"},{"taxonomy":"product_tag","embeddable":true,"href":"https:\/\/wpachem.com\/es\/wp-json\/wp\/v2\/product_tag?post=3539"}],"curies":[{"name":"wp","href":"https:\/\/api.w.org\/{rel}","templated":true}]}}