{"id":3542,"date":"2023-03-22T03:40:50","date_gmt":"2023-03-22T03:40:50","guid":{"rendered":"http:\/\/site2.easyceotech.com\/?post_type=product&#038;p=3542"},"modified":"2024-03-12T07:45:54","modified_gmt":"2024-03-12T07:45:54","slug":"vitamin-b3","status":"publish","type":"product","link":"https:\/\/wpachem.com\/es\/producto\/vitamin-b3\/","title":{"rendered":"Vitamina B3"},"content":{"rendered":"<p><span data-spm-anchor-id=\"a2700.details.0.i23.232437faN4LoRe\">Vitamina B3 <\/span>El polvo de nicotinamida es f\u00e1cil de absorber por v\u00eda oral y puede distribuirse ampliamente en el cuerpo; el exceso de metabolitos o prototipos se expulsa r\u00e1pidamente de la orina. La nicotinamida es parte de la coenzima I y la coenzima II, desempe\u00f1a el papel de suministro de hidr\u00f3geno en la cadena respiratoria de oxidaci\u00f3n biol\u00f3gica, puede promover los procesos de oxidaci\u00f3n biol\u00f3gica y el metabolismo de los tejidos, mantener la integridad del tejido normal (especialmente la piel, el tracto digestivo y el sistema nervioso) tiene un papel importante. .<\/p>\n<p>&nbsp;<\/p>\n<div class=\"J_module\">\n<div id=\"ali-anchor-AliMagic-h5f3ws\" class=\"magic-0\" data-section=\"AliMagic-h5f3ws\" data-section-title=\"Function &amp; Application\">Funci\u00f3n y aplicaci\u00f3n<\/div>\n<\/div>\n<div class=\"J_module\">\n<div class=\"detail-decorate-json-renderer-container\">\n<div class=\"magic-1\">\n<div class=\"magic-2\">\n<div class=\"magic-3\">\n<div class=\"magic-4\">\n<div data-spm-anchor-id=\"a2700.details.0.i24.232437faN4LoRe\">1. Acelera el metabolismo y promueve la exfoliaci\u00f3n de los queratinocitos que contienen melanina.<br \/>\n2. Act\u00faa sobre la melanina ya producida y reduce su transferencia a las c\u00e9lulas de la superficie.<br \/>\n3. Promueve la s\u00edntesis de prote\u00ednas de la capa de epidermis y mejora la textura de la piel.<\/div>\n<\/div>\n<\/div>\n<\/div>\n<\/div>\n<\/div>\n<\/div>\n<p>&nbsp;<\/p>","protected":false},"excerpt":{"rendered":"<p>Nombre del producto: vitamina B3\/nicotinamida<br \/>\nN\u00famero CAS: 98-92-0<br \/>\nFrecuencia intermedia: C6H6N2O<br \/>\nApariencia: poder blanco<\/p>","protected":false},"featured_media":2169,"template":"","meta":{"_acf_changed":false,"_gspb_post_css":""},"product_brand":[],"product_cat":[55],"product_tag":[],"class_list":{"0":"post-3542","1":"product","2":"type-product","3":"status-publish","4":"has-post-thumbnail","6":"product_cat-food-additives","8":"first","9":"instock","10":"shipping-taxable","11":"product-type-simple"},"acf":[],"_links":{"self":[{"href":"https:\/\/wpachem.com\/es\/wp-json\/wp\/v2\/product\/3542","targetHints":{"allow":["GET"]}}],"collection":[{"href":"https:\/\/wpachem.com\/es\/wp-json\/wp\/v2\/product"}],"about":[{"href":"https:\/\/wpachem.com\/es\/wp-json\/wp\/v2\/types\/product"}],"version-history":[{"count":0,"href":"https:\/\/wpachem.com\/es\/wp-json\/wp\/v2\/product\/3542\/revisions"}],"wp:featuredmedia":[{"embeddable":true,"href":"https:\/\/wpachem.com\/es\/wp-json\/wp\/v2\/media\/2169"}],"wp:attachment":[{"href":"https:\/\/wpachem.com\/es\/wp-json\/wp\/v2\/media?parent=3542"}],"wp:term":[{"taxonomy":"product_brand","embeddable":true,"href":"https:\/\/wpachem.com\/es\/wp-json\/wp\/v2\/product_brand?post=3542"},{"taxonomy":"product_cat","embeddable":true,"href":"https:\/\/wpachem.com\/es\/wp-json\/wp\/v2\/product_cat?post=3542"},{"taxonomy":"product_tag","embeddable":true,"href":"https:\/\/wpachem.com\/es\/wp-json\/wp\/v2\/product_tag?post=3542"}],"curies":[{"name":"wp","href":"https:\/\/api.w.org\/{rel}","templated":true}]}}