{"id":3545,"date":"2023-03-22T03:45:15","date_gmt":"2023-03-22T03:45:15","guid":{"rendered":"http:\/\/site2.easyceotech.com\/?post_type=product&#038;p=3545"},"modified":"2024-03-12T07:45:49","modified_gmt":"2024-03-12T07:45:49","slug":"vitamin-b5","status":"publish","type":"product","link":"https:\/\/wpachem.com\/es\/producto\/vitamin-b5\/","title":{"rendered":"Vitamina B5"},"content":{"rendered":"<p><strong>Polvo CAS 137-08-6 del \u00e1cido pantot\u00e9nico Vb5 del pantotenato del calcio del polvo de la vitamina B5\u00a0\u00a0<\/strong><\/p>\n<table border=\"1\">\n<tbody>\n<tr>\n<td>nombre del producto<\/td>\n<td>Pantotenato de calcio y vitamina B5<\/td>\n<\/tr>\n<tr>\n<td>N\u00famero CAS<\/td>\n<td>137-08-6<\/td>\n<\/tr>\n<tr>\n<td>Apariencia<\/td>\n<td>Polvo fino blanco<\/td>\n<\/tr>\n<tr>\n<td>Otro nombre<\/td>\n<td>Vitamina B5 \u00c1cido pantot\u00e9nico, D-pantotenato de calcio<\/td>\n<\/tr>\n<tr>\n<td>Especificaciones\/Pureza<\/td>\n<td>99%<\/td>\n<\/tr>\n<tr>\n<td>Solicitud<\/td>\n<td>Atenci\u00f3n sanitaria, aditivos alimentarios, cosm\u00e9ticos, aditivos alimentarios<\/td>\n<\/tr>\n<tr>\n<td>Almacenamiento<\/td>\n<td>Almacenado en un lugar fresco y seco, mant\u00e9ngalo alejado de la luz y el calor intensos.<\/td>\n<\/tr>\n<tr>\n<td>Duraci\u00f3n<\/td>\n<td>2 a\u00f1os<\/td>\n<\/tr>\n<\/tbody>\n<\/table>\n<p><strong>\u00bfQu\u00e9 es el pantotenato de calcio y vitamina B5?<\/strong><\/p>\n<p>El pantotenato de calcio de vitamina B5 es una sal c\u00e1lcica de la vitamina B5. El pantotenato es un componente de la CoA (Coenzima A) que forma el complejo de vitamina B2. El \u00e1cido D-pantot\u00e9nico es otro nombre para este ingrediente. En pocas palabras, el \u00e1cido D-pantot\u00e9nico es una versi\u00f3n sintetizada (pero segura) de la vitamina B5.<\/p>\n<p><strong>Nombre qu\u00edmico:<\/strong><\/p>\n<p>calcio; 3-[[(2R)-2,4-dihidroxi-3,3-dimetilbutanoil]amino]propanoato<\/p>\n<p>F\u00f3rmula molecular: C18H32CaN2O10 Peso molecular: 476,5<\/p>\n<p>&nbsp;<\/p>\n<p><strong>\u00bfD\u00f3nde se puede utilizar el pantotenato de calcio y vitamina B5?<\/strong><\/p>\n<p data-spm-anchor-id=\"a2700.details.0.i25.13e7c97bD8Csk4\">Se puede utilizar como aditivo alimentario, aditivo alimentario, materias primas qu\u00edmicas y cosm\u00e9ticas farmac\u00e9uticas a granel.<\/p>\n<p>&nbsp;<\/p>","protected":false},"excerpt":{"rendered":"<p>Nombre del producto: vitamina B5<br \/>\nN\u00famero CAS: 137-08-6<br \/>\nFrecuencia intermedia: C9H17NO5.1\/2Ca<br \/>\nApariencia: poder blanco<\/p>","protected":false},"featured_media":2159,"template":"","meta":{"_acf_changed":false,"_gspb_post_css":""},"product_brand":[],"product_cat":[55],"product_tag":[],"class_list":{"0":"post-3545","1":"product","2":"type-product","3":"status-publish","4":"has-post-thumbnail","6":"product_cat-food-additives","8":"first","9":"instock","10":"shipping-taxable","11":"product-type-simple"},"acf":[],"_links":{"self":[{"href":"https:\/\/wpachem.com\/es\/wp-json\/wp\/v2\/product\/3545","targetHints":{"allow":["GET"]}}],"collection":[{"href":"https:\/\/wpachem.com\/es\/wp-json\/wp\/v2\/product"}],"about":[{"href":"https:\/\/wpachem.com\/es\/wp-json\/wp\/v2\/types\/product"}],"version-history":[{"count":0,"href":"https:\/\/wpachem.com\/es\/wp-json\/wp\/v2\/product\/3545\/revisions"}],"wp:featuredmedia":[{"embeddable":true,"href":"https:\/\/wpachem.com\/es\/wp-json\/wp\/v2\/media\/2159"}],"wp:attachment":[{"href":"https:\/\/wpachem.com\/es\/wp-json\/wp\/v2\/media?parent=3545"}],"wp:term":[{"taxonomy":"product_brand","embeddable":true,"href":"https:\/\/wpachem.com\/es\/wp-json\/wp\/v2\/product_brand?post=3545"},{"taxonomy":"product_cat","embeddable":true,"href":"https:\/\/wpachem.com\/es\/wp-json\/wp\/v2\/product_cat?post=3545"},{"taxonomy":"product_tag","embeddable":true,"href":"https:\/\/wpachem.com\/es\/wp-json\/wp\/v2\/product_tag?post=3545"}],"curies":[{"name":"wp","href":"https:\/\/api.w.org\/{rel}","templated":true}]}}