{"id":3551,"date":"2023-03-22T05:19:01","date_gmt":"2023-03-22T05:19:01","guid":{"rendered":"http:\/\/site2.easyceotech.com\/?post_type=product&#038;p=3551"},"modified":"2024-03-12T07:41:24","modified_gmt":"2024-03-12T07:41:24","slug":"folic-acid","status":"publish","type":"product","link":"https:\/\/wpachem.com\/es\/producto\/folic-acid\/","title":{"rendered":"\u00c1cido f\u00f3lico"},"content":{"rendered":"<p><strong><span data-spm-anchor-id=\"a2700.details.0.i24.18b96646o4LjtW\">Suministro de f\u00e1brica de \u00e1cido f\u00f3lico, vitamina B9 en polvo VB9 de grado alimenticio 99%, folato CAS 59-30-3<\/span><\/strong><\/p>\n<table border=\"1\">\n<tbody>\n<tr>\n<td>nombre del producto<\/td>\n<td>\u00c1cido f\u00f3lico Vitamina B9<\/td>\n<\/tr>\n<tr>\n<td>N\u00famero CAS<\/td>\n<td>59-30-3<\/td>\n<\/tr>\n<tr>\n<td>Apariencia<\/td>\n<td>Polvo de cristal amarillo<\/td>\n<\/tr>\n<tr>\n<td>Otro nombre<\/td>\n<td>VB9 Vitamina B9, \u00c1cido f\u00f3lico Vitamina B9, Folato<\/td>\n<\/tr>\n<tr>\n<td>Especificaciones\/Pureza<\/td>\n<td>99%<\/td>\n<\/tr>\n<tr>\n<td>Solicitud<\/td>\n<td>Atenci\u00f3n sanitaria, medicina, aditivos alimentarios<\/td>\n<\/tr>\n<tr>\n<td>Almacenamiento<\/td>\n<td>Almacenado en un lugar fresco y seco, mant\u00e9ngalo alejado de la luz y el calor intensos.<\/td>\n<\/tr>\n<tr>\n<td>Duraci\u00f3n<\/td>\n<td>2 a\u00f1os<\/td>\n<\/tr>\n<\/tbody>\n<\/table>\n<p><strong>\u00bfQu\u00e9 es el \u00e1cido f\u00f3lico vitamina B9?<\/strong><\/p>\n<p>El \u00e1cido f\u00f3lico (vitamina B9) es un polvo cristalino amarillo, inodoro e ins\u00edpido. Es insoluble en agua, etanol, acetona, triclorometano o \u00e9ter diet\u00edlico, y soluble en una base de hidr\u00f3xido o carbonato.<\/p>\n<p><strong>Nombre qu\u00edmico:<\/strong><\/p>\n<p>\u00c1cido N-[4-[ (2-amino-4-oxo-1,4-dihidro-6-pteridina) metilamino] benzoil]-L- glut\u00e1mico<\/p>\n<p>F\u00f3rmula molecular: C19H19N7O6 Peso molecular: 441,40<\/p>\n<p><strong>F\u00f3rmula estructural:<img decoding=\"async\" src=\"https:\/\/s.alicdn.com\/@sc04\/kf\/H6195858a50ab4c77b3cb4ee760fff1d7F\/239322147\/H6195858a50ab4c77b3cb4ee760fff1d7F.jpg?quality=close\" alt=\"Suministro de f\u00e1brica de \u00e1cido f\u00f3lico, vitamina B9 en polvo VB9 de grado alimenticio 99%, folato CAS 59-30-3\" width=\"400\" height=\"108\" data-src=\"\/\/s.alicdn.com\/@sc04\/kf\/H6195858a50ab4c77b3cb4ee760fff1d7F\/239322147\/H6195858a50ab4c77b3cb4ee760fff1d7F.jpg?quality=close\" data-alt=\"Factory Supply Folic Acid Vitamin B9 Powder VB9 Food Grade 99% Folate CAS 59-30-3\" \/><\/strong><\/p>\n<p>Palabras clave: \u00c1cido f\u00f3lico, vitamina B9, polvo de vitamina B9, vitamina B9 VB9, folato<\/p>\n<p><strong>\u00bfD\u00f3nde se puede utilizar el \u00e1cido f\u00f3lico y la vitamina B9?<\/strong><\/p>\n<p>Se puede utilizar como aditivo alimentario, aditivo alimentario y producto qu\u00edmico farmac\u00e9utico a granel.<\/p>","protected":false},"excerpt":{"rendered":"<p>Nombre del producto: \u00c1cido f\u00f3lico<br \/>\nN.\u00ba CAS: 59-30-3<br \/>\nMF:C19H19N7O6<br \/>\nAspecto: Polvo de color amarillo anaranjado<\/p>","protected":false},"featured_media":2187,"template":"","meta":{"_acf_changed":false,"_gspb_post_css":""},"product_brand":[],"product_cat":[55],"product_tag":[],"class_list":{"0":"post-3551","1":"product","2":"type-product","3":"status-publish","4":"has-post-thumbnail","6":"product_cat-food-additives","8":"first","9":"instock","10":"shipping-taxable","11":"product-type-simple"},"acf":[],"_links":{"self":[{"href":"https:\/\/wpachem.com\/es\/wp-json\/wp\/v2\/product\/3551","targetHints":{"allow":["GET"]}}],"collection":[{"href":"https:\/\/wpachem.com\/es\/wp-json\/wp\/v2\/product"}],"about":[{"href":"https:\/\/wpachem.com\/es\/wp-json\/wp\/v2\/types\/product"}],"version-history":[{"count":0,"href":"https:\/\/wpachem.com\/es\/wp-json\/wp\/v2\/product\/3551\/revisions"}],"wp:featuredmedia":[{"embeddable":true,"href":"https:\/\/wpachem.com\/es\/wp-json\/wp\/v2\/media\/2187"}],"wp:attachment":[{"href":"https:\/\/wpachem.com\/es\/wp-json\/wp\/v2\/media?parent=3551"}],"wp:term":[{"taxonomy":"product_brand","embeddable":true,"href":"https:\/\/wpachem.com\/es\/wp-json\/wp\/v2\/product_brand?post=3551"},{"taxonomy":"product_cat","embeddable":true,"href":"https:\/\/wpachem.com\/es\/wp-json\/wp\/v2\/product_cat?post=3551"},{"taxonomy":"product_tag","embeddable":true,"href":"https:\/\/wpachem.com\/es\/wp-json\/wp\/v2\/product_tag?post=3551"}],"curies":[{"name":"wp","href":"https:\/\/api.w.org\/{rel}","templated":true}]}}