{"id":3555,"date":"2023-03-22T05:21:33","date_gmt":"2023-03-22T05:21:33","guid":{"rendered":"http:\/\/site2.easyceotech.com\/?post_type=product&#038;p=3555"},"modified":"2024-03-12T07:41:19","modified_gmt":"2024-03-12T07:41:19","slug":"vitamin-b12","status":"publish","type":"product","link":"https:\/\/wpachem.com\/es\/producto\/vitamin-b12\/","title":{"rendered":"Vitamina B12"},"content":{"rendered":"<p><b><span class=\"magic-11\" data-spm-anchor-id=\"a2700.details.0.i25.23d025afXTy2Gg\">La vitamina B12, tambi\u00e9n conocida como cobalamina, es un compuesto polic\u00edclico que contiene cobalto 3. Cuatro anillos de pirrol reducidos se unen para formar un anillo de golum (similar a la porfirina), que es la \u00fanica vitamina que contiene elementos met\u00e1licos. La vitamina B12 es un polvo cristalino rojo, inodoro e ins\u00edpido, ligeramente soluble en agua y etanol. Es m\u00e1s estable en condiciones de acidez d\u00e9bil de pH 4,5 ~ 5,0. Se descompone en una soluci\u00f3n \u00e1cida fuerte (pH &lt;2) o alcalina, y puede destruirse hasta cierto punto cuando se calienta. Las plantas y los animales superiores no pueden producir vitamina B12, que se sintetiza por\u00a0<\/span><\/b><\/p>","protected":false},"excerpt":{"rendered":"<p>Nombre del producto: Vitamina B12<br \/>\nN.\u00ba CAS: 68-19-9<br \/>\nN\u00famero de modelo: C63H88CoN14O14P<br \/>\nAspecto: polvo fino rojo<\/p>","protected":false},"featured_media":2222,"template":"","meta":{"_acf_changed":false,"_gspb_post_css":""},"product_brand":[],"product_cat":[55],"product_tag":[],"class_list":{"0":"post-3555","1":"product","2":"type-product","3":"status-publish","4":"has-post-thumbnail","6":"product_cat-food-additives","8":"first","9":"instock","10":"shipping-taxable","11":"product-type-simple"},"acf":[],"_links":{"self":[{"href":"https:\/\/wpachem.com\/es\/wp-json\/wp\/v2\/product\/3555","targetHints":{"allow":["GET"]}}],"collection":[{"href":"https:\/\/wpachem.com\/es\/wp-json\/wp\/v2\/product"}],"about":[{"href":"https:\/\/wpachem.com\/es\/wp-json\/wp\/v2\/types\/product"}],"version-history":[{"count":0,"href":"https:\/\/wpachem.com\/es\/wp-json\/wp\/v2\/product\/3555\/revisions"}],"wp:featuredmedia":[{"embeddable":true,"href":"https:\/\/wpachem.com\/es\/wp-json\/wp\/v2\/media\/2222"}],"wp:attachment":[{"href":"https:\/\/wpachem.com\/es\/wp-json\/wp\/v2\/media?parent=3555"}],"wp:term":[{"taxonomy":"product_brand","embeddable":true,"href":"https:\/\/wpachem.com\/es\/wp-json\/wp\/v2\/product_brand?post=3555"},{"taxonomy":"product_cat","embeddable":true,"href":"https:\/\/wpachem.com\/es\/wp-json\/wp\/v2\/product_cat?post=3555"},{"taxonomy":"product_tag","embeddable":true,"href":"https:\/\/wpachem.com\/es\/wp-json\/wp\/v2\/product_tag?post=3555"}],"curies":[{"name":"wp","href":"https:\/\/api.w.org\/{rel}","templated":true}]}}