{"id":3558,"date":"2023-03-22T05:23:39","date_gmt":"2023-03-22T05:23:39","guid":{"rendered":"http:\/\/site2.easyceotech.com\/?post_type=product&#038;p=3558"},"modified":"2024-03-12T07:41:16","modified_gmt":"2024-03-12T07:41:16","slug":"biotin","status":"publish","type":"product","link":"https:\/\/wpachem.com\/es\/producto\/biotin\/","title":{"rendered":"Biotina"},"content":{"rendered":"<div>\n<div data-spm-anchor-id=\"a2700.details.0.i36.19137568jFrKVd\"><strong>Biotina natural pura (vitamina H) D-Biotina Vitamina H Biotina Polvo org\u00e1nico<\/strong><\/div>\n<\/div>\n<table>\n<tbody>\n<tr>\n<td colspan=\"1\" rowspan=\"1\">\n<div>nombre del producto<\/div>\n<\/td>\n<td colspan=\"1\" rowspan=\"1\">\n<div>Biotina natural pura (vitamina H) D-Biotina Vitamina H Biotina Polvo org\u00e1nico<\/div>\n<\/td>\n<\/tr>\n<tr>\n<td colspan=\"1\" rowspan=\"1\">\n<div>Apariencia<\/div>\n<\/td>\n<td colspan=\"1\" rowspan=\"1\">\n<div>polvo blanco<\/div>\n<\/td>\n<\/tr>\n<tr>\n<td colspan=\"1\" rowspan=\"1\">\n<div>CAS<\/div>\n<\/td>\n<td colspan=\"1\" rowspan=\"1\">\n<div>22879-79-4<\/div>\n<\/td>\n<\/tr>\n<tr>\n<td colspan=\"1\" rowspan=\"1\">\n<div>Calificaci\u00f3n<\/div>\n<\/td>\n<td colspan=\"1\" rowspan=\"1\">\n<div>Grado de comida<\/div>\n<\/td>\n<\/tr>\n<tr>\n<td colspan=\"1\" rowspan=\"1\">\n<div>Palabras clave<\/div>\n<\/td>\n<td colspan=\"1\" rowspan=\"1\">\n<div>biotina (vitamina h); vitamina h biotina polvo org\u00e1nico; D-Biotina<\/div>\n<\/td>\n<\/tr>\n<tr>\n<td colspan=\"1\" rowspan=\"1\">\n<div>Almacenamiento<\/div>\n<\/td>\n<td colspan=\"1\" rowspan=\"1\">\n<div>Mant\u00e9ngase en un lugar fresco, seco y oscuro, en un recipiente o cilindro bien cerrado.<\/div>\n<\/td>\n<\/tr>\n<tr>\n<td colspan=\"1\" rowspan=\"1\">\n<div>Duraci\u00f3n<\/div>\n<\/td>\n<td colspan=\"1\" rowspan=\"1\">\n<div>24 meses<\/div>\n<\/td>\n<\/tr>\n<\/tbody>\n<\/table>\n<div>\n<p><strong>\u00bfQu\u00e9 es la biotina (vitamina H)?<br \/>\n<\/strong><\/p>\n<div>La biotina, tambi\u00e9n conocida como vitamina H y coenzima R, es una vitamina hidrosoluble y tambi\u00e9n pertenece a la familia de las vitaminas B, B7. Es una sustancia necesaria para la s\u00edntesis de vitamina C y una sustancia indispensable para el metabolismo normal de las grasas y las prote\u00ednas.<\/div>\n<div><strong>Funci\u00f3n de la biotina (vitamina H)<br \/>\n<\/strong>Biotina natural pura (vitamina H) D-Biotina Vitamina H Biotina Polvo org\u00e1nico<\/div>\n<\/div>\n<p>&nbsp;<\/p>","protected":false},"excerpt":{"rendered":"<p>Nombre del producto: Biotina<br \/>\nN.\u00ba CAS: 22879-79-4<br \/>\nFrecuencia intermedia: C10H16N2O3S<br \/>\nApariencia: poder blanco<\/p>","protected":false},"featured_media":2169,"template":"","meta":{"_acf_changed":false,"_gspb_post_css":""},"product_brand":[],"product_cat":[55],"product_tag":[],"class_list":{"0":"post-3558","1":"product","2":"type-product","3":"status-publish","4":"has-post-thumbnail","6":"product_cat-food-additives","8":"first","9":"instock","10":"shipping-taxable","11":"product-type-simple"},"acf":[],"_links":{"self":[{"href":"https:\/\/wpachem.com\/es\/wp-json\/wp\/v2\/product\/3558","targetHints":{"allow":["GET"]}}],"collection":[{"href":"https:\/\/wpachem.com\/es\/wp-json\/wp\/v2\/product"}],"about":[{"href":"https:\/\/wpachem.com\/es\/wp-json\/wp\/v2\/types\/product"}],"version-history":[{"count":0,"href":"https:\/\/wpachem.com\/es\/wp-json\/wp\/v2\/product\/3558\/revisions"}],"wp:featuredmedia":[{"embeddable":true,"href":"https:\/\/wpachem.com\/es\/wp-json\/wp\/v2\/media\/2169"}],"wp:attachment":[{"href":"https:\/\/wpachem.com\/es\/wp-json\/wp\/v2\/media?parent=3558"}],"wp:term":[{"taxonomy":"product_brand","embeddable":true,"href":"https:\/\/wpachem.com\/es\/wp-json\/wp\/v2\/product_brand?post=3558"},{"taxonomy":"product_cat","embeddable":true,"href":"https:\/\/wpachem.com\/es\/wp-json\/wp\/v2\/product_cat?post=3558"},{"taxonomy":"product_tag","embeddable":true,"href":"https:\/\/wpachem.com\/es\/wp-json\/wp\/v2\/product_tag?post=3558"}],"curies":[{"name":"wp","href":"https:\/\/api.w.org\/{rel}","templated":true}]}}