{"id":3561,"date":"2023-03-22T05:31:18","date_gmt":"2023-03-22T05:31:18","guid":{"rendered":"http:\/\/site2.easyceotech.com\/?post_type=product&#038;p=3561"},"modified":"2024-03-12T07:41:12","modified_gmt":"2024-03-12T07:41:12","slug":"carotene","status":"publish","type":"product","link":"https:\/\/wpachem.com\/es\/producto\/carotene\/","title":{"rendered":"caroteno"},"content":{"rendered":"<h3 class=\"magic-14\" data-spm-anchor-id=\"a2700.wholesale.0.i36.7fba73b9DCJrOw\"><span class=\"magic-15\"><span class=\"magic-16\">alfa-caroteno<\/span><\/span><\/h3>\n<div class=\"magic-17\">\n<div class=\"magic-18\">\n<div class=\"magic-19\">\n<div><\/div>\n<div>\n<div><span class=\"magic-16\" style=\"color: #2196ed; font-family: Verdana;\">Solicitud:<\/span><\/div>\n<div><\/div>\n<div><span class=\"magic-20\" style=\"font-family: Verdana;\"><span class=\"magic-20\" style=\"font-family: Verdana;\">2. Aditivo alimentario<br \/>\nAdem\u00e1s de mejorar la resistencia a la caducidad y el sistema inmunitario, el extracto de zanahoria es un pigmento importante y se ha comprobado como un aditivo alimentario nutritivo. Puede utilizarse como intensificador de l\u00edpidos en alimentos como la margarina, el aceite de ensalada y el aceite de berro, para facilitar su absorci\u00f3n en el cuerpo humano.<\/span><\/span>3.Cosm\u00e9ticos<br \/>\nLos extractos de extracto de zanahoria contienen abundantes amino\u00e1cidos, vitaminas, factor h\u00famedo natural, microelementos y otras sustancias bioactivas, y los cosm\u00e9ticos, agregados con extracto de zanahoria, presentan un color y brillo naturales y completos y protegen la piel.<\/p>\n<p>4. Aditivo para forrajes<br \/>\nEl extracto de zanahoria puede mejorar la tasa de crecimiento y la calidad de la carne de los animales, la reproductividad del ganado, los caballos y los cerdos, el color y el brillo del pescado rojo y el camar\u00f3n, y oscurecer el color de los huevos de las aves.<\/p>\n<\/div>\n<\/div>\n<div>\n<p><em data-spm-anchor-id=\"a2700.details.0.i23.4c70348fZEdsdg\">El betacaroteno es la mol\u00e9cula que da a las zanahorias su color naranja. Pertenece a una familia de sustancias qu\u00edmicas llamadas carotenoides, presentes en muchas frutas y verduras, as\u00ed como en algunos productos animales como la yema de huevo. Biol\u00f3gicamente, el betacaroteno es fundamental como precursor de la vitamina A.\u00a0<\/em><\/p>\n<p><em>El betacaroteno tambi\u00e9n se conoce como provitamina, ya que puede convertirse en vitamina A en nuestro organismo tras la descomposici\u00f3n oxidativa de la betacaroteno 15, 150 dioxigenasa. En las plantas, el betacaroteno act\u00faa como antioxidante y neutraliza los radicales singlete de ox\u00edgeno que se forman durante la fotos\u00edntesis.\u00a0<\/em><\/p>\n<\/div>\n<\/div>\n<\/div>\n<\/div>\n<p>&nbsp;<\/p>","protected":false},"excerpt":{"rendered":"<p>Nombre del producto:a\/<a class=\"blue\">\u03b2-caroteno<\/a><br \/>\nN.\u00ba CAS: 7488-99-5\/7235-40-7<br \/>\nN\u00famero de modelo: C40H56<br \/>\nApariencia: Polvo naranja<\/p>","protected":false},"featured_media":2188,"template":"","meta":{"_acf_changed":false,"_gspb_post_css":""},"product_brand":[],"product_cat":[55],"product_tag":[],"class_list":{"0":"post-3561","1":"product","2":"type-product","3":"status-publish","4":"has-post-thumbnail","6":"product_cat-food-additives","8":"first","9":"instock","10":"shipping-taxable","11":"product-type-simple"},"acf":[],"_links":{"self":[{"href":"https:\/\/wpachem.com\/es\/wp-json\/wp\/v2\/product\/3561","targetHints":{"allow":["GET"]}}],"collection":[{"href":"https:\/\/wpachem.com\/es\/wp-json\/wp\/v2\/product"}],"about":[{"href":"https:\/\/wpachem.com\/es\/wp-json\/wp\/v2\/types\/product"}],"version-history":[{"count":0,"href":"https:\/\/wpachem.com\/es\/wp-json\/wp\/v2\/product\/3561\/revisions"}],"wp:featuredmedia":[{"embeddable":true,"href":"https:\/\/wpachem.com\/es\/wp-json\/wp\/v2\/media\/2188"}],"wp:attachment":[{"href":"https:\/\/wpachem.com\/es\/wp-json\/wp\/v2\/media?parent=3561"}],"wp:term":[{"taxonomy":"product_brand","embeddable":true,"href":"https:\/\/wpachem.com\/es\/wp-json\/wp\/v2\/product_brand?post=3561"},{"taxonomy":"product_cat","embeddable":true,"href":"https:\/\/wpachem.com\/es\/wp-json\/wp\/v2\/product_cat?post=3561"},{"taxonomy":"product_tag","embeddable":true,"href":"https:\/\/wpachem.com\/es\/wp-json\/wp\/v2\/product_tag?post=3561"}],"curies":[{"name":"wp","href":"https:\/\/api.w.org\/{rel}","templated":true}]}}