{"id":3564,"date":"2023-03-22T05:34:32","date_gmt":"2023-03-22T05:34:32","guid":{"rendered":"http:\/\/site2.easyceotech.com\/?post_type=product&#038;p=3564"},"modified":"2024-03-12T07:41:06","modified_gmt":"2024-03-12T07:41:06","slug":"citric-acid-monohydrate","status":"publish","type":"product","link":"https:\/\/wpachem.com\/es\/producto\/citric-acid-monohydrate\/","title":{"rendered":"\u00c1cido c\u00edtrico monohidrato"},"content":{"rendered":"<p><b>\u00c1cido c\u00edtrico monohidrato de grado alimenticio<\/b><br \/>\nEl \u00e1cido c\u00edtrico monohidratado se utiliza principalmente en las industrias de alimentos y bebidas como acidulante, aromatizante, conservante y conservante. Tambi\u00e9n se utiliza como antioxidante, plastificante y detergente en la industria qu\u00edmica, la industria cosm\u00e9tica y la industria del lavado.<\/p>","protected":false},"excerpt":{"rendered":"<p>Nombre del producto:\u00c1cido c\u00edtrico monohidrato<br \/>\nN.\u00ba CAS: 5949-29-1<br \/>\nMb:C6H10O8<br \/>\nApariencia: poder blanco<\/p>","protected":false},"featured_media":2168,"template":"","meta":{"_acf_changed":false,"_gspb_post_css":""},"product_brand":[],"product_cat":[55,59],"product_tag":[],"class_list":{"0":"post-3564","1":"product","2":"type-product","3":"status-publish","4":"has-post-thumbnail","6":"product_cat-food-additives","7":"product_cat-acidity-regulators","9":"first","10":"instock","11":"shipping-taxable","12":"product-type-simple"},"acf":[],"_links":{"self":[{"href":"https:\/\/wpachem.com\/es\/wp-json\/wp\/v2\/product\/3564","targetHints":{"allow":["GET"]}}],"collection":[{"href":"https:\/\/wpachem.com\/es\/wp-json\/wp\/v2\/product"}],"about":[{"href":"https:\/\/wpachem.com\/es\/wp-json\/wp\/v2\/types\/product"}],"version-history":[{"count":0,"href":"https:\/\/wpachem.com\/es\/wp-json\/wp\/v2\/product\/3564\/revisions"}],"wp:featuredmedia":[{"embeddable":true,"href":"https:\/\/wpachem.com\/es\/wp-json\/wp\/v2\/media\/2168"}],"wp:attachment":[{"href":"https:\/\/wpachem.com\/es\/wp-json\/wp\/v2\/media?parent=3564"}],"wp:term":[{"taxonomy":"product_brand","embeddable":true,"href":"https:\/\/wpachem.com\/es\/wp-json\/wp\/v2\/product_brand?post=3564"},{"taxonomy":"product_cat","embeddable":true,"href":"https:\/\/wpachem.com\/es\/wp-json\/wp\/v2\/product_cat?post=3564"},{"taxonomy":"product_tag","embeddable":true,"href":"https:\/\/wpachem.com\/es\/wp-json\/wp\/v2\/product_tag?post=3564"}],"curies":[{"name":"wp","href":"https:\/\/api.w.org\/{rel}","templated":true}]}}