{"id":3573,"date":"2023-03-22T05:53:09","date_gmt":"2023-03-22T05:53:09","guid":{"rendered":"http:\/\/site2.easyceotech.com\/?post_type=product&#038;p=3573"},"modified":"2024-03-12T07:40:52","modified_gmt":"2024-03-12T07:40:52","slug":"calcium-citrate","status":"publish","type":"product","link":"https:\/\/wpachem.com\/es\/producto\/calcium-citrate\/","title":{"rendered":"Citrato de calcio"},"content":{"rendered":"<h3 class=\"magic-2\" data-spm-anchor-id=\"a2700.details.0.i21.5c9d52f0Rx0oYu\"><span class=\"magic-3\" style=\"font-family: Verdana;\"><span class=\"magic-4\">Materia prima de alta calidad de los agentes aromatizantes del citrato de calcio de VLAND para la comida CAS 813-94-5<\/span><\/span><\/h3>\n<div class=\"magic-5\">\n<div class=\"magic-6\">\n<div class=\"magic-7\">\n<div><span class=\"magic-4\" style=\"font-family: Verdana;\"><b class=\"magic-3\">Informaci\u00f3n de venta y embalaje:<\/b><\/span><\/div>\n<div><span class=\"magic-4\" style=\"font-family: Verdana;\">Este producto se envasa en barriles de pl\u00e1stico de polietileno de alta densidad o bolsas de papel kraft, con un peso neto de 20kg cada una (o pueden formularse seg\u00fan requerimiento del cliente).<br \/>\n<\/span><\/div>\n<div><span class=\"magic-4\" style=\"font-family: Verdana;\"><b>Aplicaciones del producto:<\/b><\/span><\/div>\n<div><span class=\"magic-3\" style=\"font-family: Verdana;\"><span class=\"magic-4\">Potenciador de calcio alimentario, el efecto de absorci\u00f3n es mejor que el calcio inorg\u00e1nico. Puede usarse para fortificar una variedad de alimentos, incluidas f\u00f3rmulas infantiles, jugos de frutas, productos l\u00e1cteos, bebidas s\u00f3lidas, bebidas deportivas, leche, leche de soja, productos para la salud y productos de cereales.<\/span><\/span><\/div>\n<\/div>\n<\/div>\n<\/div>\n<p>&nbsp;<\/p>","protected":false},"excerpt":{"rendered":"<p>Nombre del producto: Citrato de calcio<br \/>\nN\u00famero CAS: 813-94-5<br \/>\nFrecuencia intermedia: C12H10Ca3O14<br \/>\nApariencia: poder blanco<\/p>","protected":false},"featured_media":2161,"template":"","meta":{"_acf_changed":false,"_gspb_post_css":""},"product_brand":[],"product_cat":[55,59],"product_tag":[],"class_list":{"0":"post-3573","1":"product","2":"type-product","3":"status-publish","4":"has-post-thumbnail","6":"product_cat-food-additives","7":"product_cat-acidity-regulators","9":"first","10":"instock","11":"shipping-taxable","12":"product-type-simple"},"acf":[],"_links":{"self":[{"href":"https:\/\/wpachem.com\/es\/wp-json\/wp\/v2\/product\/3573","targetHints":{"allow":["GET"]}}],"collection":[{"href":"https:\/\/wpachem.com\/es\/wp-json\/wp\/v2\/product"}],"about":[{"href":"https:\/\/wpachem.com\/es\/wp-json\/wp\/v2\/types\/product"}],"version-history":[{"count":0,"href":"https:\/\/wpachem.com\/es\/wp-json\/wp\/v2\/product\/3573\/revisions"}],"wp:featuredmedia":[{"embeddable":true,"href":"https:\/\/wpachem.com\/es\/wp-json\/wp\/v2\/media\/2161"}],"wp:attachment":[{"href":"https:\/\/wpachem.com\/es\/wp-json\/wp\/v2\/media?parent=3573"}],"wp:term":[{"taxonomy":"product_brand","embeddable":true,"href":"https:\/\/wpachem.com\/es\/wp-json\/wp\/v2\/product_brand?post=3573"},{"taxonomy":"product_cat","embeddable":true,"href":"https:\/\/wpachem.com\/es\/wp-json\/wp\/v2\/product_cat?post=3573"},{"taxonomy":"product_tag","embeddable":true,"href":"https:\/\/wpachem.com\/es\/wp-json\/wp\/v2\/product_tag?post=3573"}],"curies":[{"name":"wp","href":"https:\/\/api.w.org\/{rel}","templated":true}]}}