{"id":3576,"date":"2023-03-22T07:12:50","date_gmt":"2023-03-22T07:12:50","guid":{"rendered":"http:\/\/site2.easyceotech.com\/?post_type=product&#038;p=3576"},"modified":"2024-03-12T07:40:47","modified_gmt":"2024-03-12T07:40:47","slug":"potassium-citrate","status":"publish","type":"product","link":"https:\/\/wpachem.com\/es\/producto\/potassium-citrate\/","title":{"rendered":"Citrato de potasio"},"content":{"rendered":"<div class=\"text-title\"><span data-spm-anchor-id=\"a2700.details.0.i31.5377126f26VXex\">citrato de potasio<\/span><\/div>\n<div class=\"text-content\" data-spm-anchor-id=\"a2700.details.0.i33.5377126f26VXex\">El citrato de potasio es un tipo de citrato, con f\u00f3rmula qu\u00edmica C\u2086H\u2083K\u2083O\u2083 y peso molecular 306,39500. Se presenta en forma de polvo cristalino blanco, ligeramente higrof\u00edtico. Es inodoro, de sabor salino, soluble en agua, lentamente soluble en glicerina, insoluble en alcohol y con un sabor salado y refrescante. Act\u00faa como estabilizador y regulador de pH. Se puede utilizar en todo tipo de alimentos, seg\u00fan las necesidades de producci\u00f3n. En medicina, se utiliza para controlar el \u00e1cido \u00farico o la cistina, as\u00ed como los c\u00e1lculos renales, para la prevenci\u00f3n y el tratamiento de la hipopotasemia y la alcalinizaci\u00f3n de la orina.<\/div>\n<p>&nbsp;<\/p>","protected":false},"excerpt":{"rendered":"<p>Nombre del producto: Citrato de potasio<br \/>\nN.\u00ba CAS: 866-84-2<br \/>\nMF:C6H9KO7<br \/>\nApariencia: poder blanco<\/p>","protected":false},"featured_media":2153,"template":"","meta":{"_acf_changed":false,"_gspb_post_css":""},"product_brand":[],"product_cat":[55,59],"product_tag":[],"class_list":{"0":"post-3576","1":"product","2":"type-product","3":"status-publish","4":"has-post-thumbnail","6":"product_cat-food-additives","7":"product_cat-acidity-regulators","9":"first","10":"instock","11":"shipping-taxable","12":"product-type-simple"},"acf":[],"_links":{"self":[{"href":"https:\/\/wpachem.com\/es\/wp-json\/wp\/v2\/product\/3576","targetHints":{"allow":["GET"]}}],"collection":[{"href":"https:\/\/wpachem.com\/es\/wp-json\/wp\/v2\/product"}],"about":[{"href":"https:\/\/wpachem.com\/es\/wp-json\/wp\/v2\/types\/product"}],"version-history":[{"count":0,"href":"https:\/\/wpachem.com\/es\/wp-json\/wp\/v2\/product\/3576\/revisions"}],"wp:featuredmedia":[{"embeddable":true,"href":"https:\/\/wpachem.com\/es\/wp-json\/wp\/v2\/media\/2153"}],"wp:attachment":[{"href":"https:\/\/wpachem.com\/es\/wp-json\/wp\/v2\/media?parent=3576"}],"wp:term":[{"taxonomy":"product_brand","embeddable":true,"href":"https:\/\/wpachem.com\/es\/wp-json\/wp\/v2\/product_brand?post=3576"},{"taxonomy":"product_cat","embeddable":true,"href":"https:\/\/wpachem.com\/es\/wp-json\/wp\/v2\/product_cat?post=3576"},{"taxonomy":"product_tag","embeddable":true,"href":"https:\/\/wpachem.com\/es\/wp-json\/wp\/v2\/product_tag?post=3576"}],"curies":[{"name":"wp","href":"https:\/\/api.w.org\/{rel}","templated":true}]}}