{"id":3579,"date":"2023-03-22T07:14:22","date_gmt":"2023-03-22T07:14:22","guid":{"rendered":"http:\/\/site2.easyceotech.com\/?post_type=product&#038;p=3579"},"modified":"2024-03-12T07:40:44","modified_gmt":"2024-03-12T07:40:44","slug":"fumaric-acid","status":"publish","type":"product","link":"https:\/\/wpachem.com\/es\/producto\/fumaric-acid\/","title":{"rendered":"\u00c1cido fum\u00e1rico"},"content":{"rendered":"<p>\u00c1cido fum\u00e1rico HACCP Kosher Halal ISO9001 GMP BP USP EP Certificado de salud de la Embajada<br \/>\nEl \u00e1cido fum\u00e1rico tiene forma de cristal incoloro y se encuentra en muchos tipos de hongos y carne fresca.<br \/>\nComo proveedor l\u00edder de aditivos e ingredientes alimentarios en China, podemos ofrecerle \u00e1cido fum\u00e1rico de alta calidad. Utilizado como acidulante, el \u00e1cido fum\u00e1rico tiene funciones bacteriost\u00e1ticas y antis\u00e9pticas. Tambi\u00e9n se puede utilizar como regulador de acidez, acidificante, auxiliar de resistencia t\u00e9rmica-oxidativa, acelerador de curado y especia.<br \/>\nUtilizado como sustancia \u00e1cida de agente efervescente, puede producir burbujas extensas y exquisitas. El \u00e1cido fum\u00e1rico se puede utilizar como agente blanqueador \u00f3ptico e intermedio farmac\u00e9utico. En la industria farmac\u00e9utica, se utiliza para producir sodio alexif\u00e1rmico.<br \/>\ndimercaptosuccinato y fumarato ferroso. El \u00e1cido fum\u00e1rico tambi\u00e9n se utiliza en la fabricaci\u00f3n de resina de poli\u00e9ster insaturada.<\/p>","protected":false},"excerpt":{"rendered":"<p>Nombre del producto: \u00e1cido fum\u00e1rico<br \/>\nN\u00famero CAS: 110-17-8<br \/>\nFrecuencia intermedia: C4H4O4<br \/>\nApariencia: poder blanco<\/p>","protected":false},"featured_media":2161,"template":"","meta":{"_acf_changed":false,"_gspb_post_css":""},"product_brand":[],"product_cat":[24],"product_tag":[],"class_list":{"0":"post-3579","1":"product","2":"type-product","3":"status-publish","4":"has-post-thumbnail","6":"product_cat-uncategorized","8":"first","9":"instock","10":"shipping-taxable","11":"product-type-simple"},"acf":[],"_links":{"self":[{"href":"https:\/\/wpachem.com\/es\/wp-json\/wp\/v2\/product\/3579","targetHints":{"allow":["GET"]}}],"collection":[{"href":"https:\/\/wpachem.com\/es\/wp-json\/wp\/v2\/product"}],"about":[{"href":"https:\/\/wpachem.com\/es\/wp-json\/wp\/v2\/types\/product"}],"version-history":[{"count":0,"href":"https:\/\/wpachem.com\/es\/wp-json\/wp\/v2\/product\/3579\/revisions"}],"wp:featuredmedia":[{"embeddable":true,"href":"https:\/\/wpachem.com\/es\/wp-json\/wp\/v2\/media\/2161"}],"wp:attachment":[{"href":"https:\/\/wpachem.com\/es\/wp-json\/wp\/v2\/media?parent=3579"}],"wp:term":[{"taxonomy":"product_brand","embeddable":true,"href":"https:\/\/wpachem.com\/es\/wp-json\/wp\/v2\/product_brand?post=3579"},{"taxonomy":"product_cat","embeddable":true,"href":"https:\/\/wpachem.com\/es\/wp-json\/wp\/v2\/product_cat?post=3579"},{"taxonomy":"product_tag","embeddable":true,"href":"https:\/\/wpachem.com\/es\/wp-json\/wp\/v2\/product_tag?post=3579"}],"curies":[{"name":"wp","href":"https:\/\/api.w.org\/{rel}","templated":true}]}}