{"id":3585,"date":"2023-03-22T07:23:38","date_gmt":"2023-03-22T07:23:38","guid":{"rendered":"http:\/\/site2.easyceotech.com\/?post_type=product&#038;p=3585"},"modified":"2024-03-12T07:36:02","modified_gmt":"2024-03-12T07:36:02","slug":"phosphoric-acid","status":"publish","type":"product","link":"https:\/\/wpachem.com\/es\/producto\/phosphoric-acid\/","title":{"rendered":"\u00c1cido fosf\u00f3rico"},"content":{"rendered":"<p><span data-spm-anchor-id=\"a2700.details.0.i12.4bac579aHzn4oo\">El \u00e1cido fosf\u00f3rico (\u00e1cido ortofosf\u00f3rico, \u00e1cido monofosf\u00f3rico o \u00e1cido fosf\u00f3rico (V)) es un compuesto s\u00f3lido e inorg\u00e1nico incoloro e inodoro que contiene f\u00f3sforo con la f\u00f3rmula qu\u00edmica H3PO4. Se encuentra com\u00fanmente como una soluci\u00f3n acuosa 85%, que es un l\u00edquido almibarado incoloro, inodoro y no vol\u00e1til.<\/span><\/p>\n<div>\n<div>El \u00e1cido fosf\u00f3rico es un componente de fertilizantes, detergentes y muchos productos de limpieza dom\u00e9sticos.<\/div>\n<div>Las soluciones diluidas tienen un agradable sabor \u00e1cido; Tambi\u00e9n se utiliza como aditivo alimentario, lo que confiere propiedades \u00e1cidas a los refrescos y otros alimentos preparados, y en productos para el tratamiento del agua.<\/div>\n<\/div>\n<p>&nbsp;<\/p>","protected":false},"excerpt":{"rendered":"<p>Nombre del producto: \u00c1cido fosf\u00f3rico<br \/>\nN.\u00ba CAS: 7664-38-2<br \/>\nMF:H3O4P<br \/>\nAspecto: L\u00edquido viscoso, transparente e incoloro.<\/p>","protected":false},"featured_media":2114,"template":"","meta":{"_acf_changed":false,"_gspb_post_css":""},"product_brand":[],"product_cat":[55,59],"product_tag":[],"class_list":{"0":"post-3585","1":"product","2":"type-product","3":"status-publish","4":"has-post-thumbnail","6":"product_cat-food-additives","7":"product_cat-acidity-regulators","9":"first","10":"instock","11":"shipping-taxable","12":"product-type-simple"},"acf":[],"_links":{"self":[{"href":"https:\/\/wpachem.com\/es\/wp-json\/wp\/v2\/product\/3585","targetHints":{"allow":["GET"]}}],"collection":[{"href":"https:\/\/wpachem.com\/es\/wp-json\/wp\/v2\/product"}],"about":[{"href":"https:\/\/wpachem.com\/es\/wp-json\/wp\/v2\/types\/product"}],"version-history":[{"count":0,"href":"https:\/\/wpachem.com\/es\/wp-json\/wp\/v2\/product\/3585\/revisions"}],"wp:featuredmedia":[{"embeddable":true,"href":"https:\/\/wpachem.com\/es\/wp-json\/wp\/v2\/media\/2114"}],"wp:attachment":[{"href":"https:\/\/wpachem.com\/es\/wp-json\/wp\/v2\/media?parent=3585"}],"wp:term":[{"taxonomy":"product_brand","embeddable":true,"href":"https:\/\/wpachem.com\/es\/wp-json\/wp\/v2\/product_brand?post=3585"},{"taxonomy":"product_cat","embeddable":true,"href":"https:\/\/wpachem.com\/es\/wp-json\/wp\/v2\/product_cat?post=3585"},{"taxonomy":"product_tag","embeddable":true,"href":"https:\/\/wpachem.com\/es\/wp-json\/wp\/v2\/product_tag?post=3585"}],"curies":[{"name":"wp","href":"https:\/\/api.w.org\/{rel}","templated":true}]}}