{"id":3591,"date":"2023-03-22T07:28:20","date_gmt":"2023-03-22T07:28:20","guid":{"rendered":"http:\/\/site2.easyceotech.com\/?post_type=product&#038;p=3591"},"modified":"2024-03-12T07:35:53","modified_gmt":"2024-03-12T07:35:53","slug":"calcium-lactate","status":"publish","type":"product","link":"https:\/\/wpachem.com\/es\/producto\/calcium-lactate\/","title":{"rendered":"Lactato de calcio"},"content":{"rendered":"<p><span class=\"magic-7\">El lactato de calcio es un derivado del \u00e1cido l\u00e1ctico despu\u00e9s de la fermentaci\u00f3n del ma\u00edz o del arroz, gr\u00e1nulos o polvo blanco, con sabor a fermentaci\u00f3n del \u00e1cido l\u00e1ctico, ligeramente degradado, el lactato de calcio es f\u00e1cilmente soluble en agua caliente (aproximadamente 5%), insoluble en etanol y otros no- soluciones polares. Al enriquecer bebidas, se puede obtener una soluci\u00f3n estable y transparente, el pH de la soluci\u00f3n acuosa es de 6,0 a 7,0 y el sabor es suave despu\u00e9s de disolverse.<\/span>gramo.<\/p>\n<p>&nbsp;<\/p>\n<p>Solicitud<\/p>\n<p>&nbsp;<\/p>\n<p><span class=\"magic-7\" style=\"font-family: Arial;\">1. El lactato de calcio es adecuado para diversas bebidas, etc. Debido a que el lactato de calcio tiene buena solubilidad, es f\u00e1cil formar una gelificaci\u00f3n uniforme y, a menudo, se usa como agente gelificante.<\/span><\/p>\n<div data-spm-anchor-id=\"a2700.details.0.i26.27f72c1aGwRPIe\"><span class=\"magic-7\" style=\"font-family: Arial;\"> 2. El lactato de calcio se utiliza como aditivo alimentario, no como deficiencia de calcio en el cuerpo humano, agente tamp\u00f3n y agente leudante para pan y pasteles.<\/span><\/div>\n<p>&nbsp;<\/p>","protected":false},"excerpt":{"rendered":"<p>Nombre del producto: Lactato de calcio<br \/>\nN.\u00ba CAS: 814-80-2<br \/>\nMF:C3H8CaO3<br \/>\nApariencia: poder blanco<\/p>","protected":false},"featured_media":3146,"template":"","meta":{"_acf_changed":false,"_gspb_post_css":""},"product_brand":[],"product_cat":[55,59],"product_tag":[],"class_list":{"0":"post-3591","1":"product","2":"type-product","3":"status-publish","4":"has-post-thumbnail","6":"product_cat-food-additives","7":"product_cat-acidity-regulators","9":"first","10":"instock","11":"shipping-taxable","12":"product-type-simple"},"acf":[],"_links":{"self":[{"href":"https:\/\/wpachem.com\/es\/wp-json\/wp\/v2\/product\/3591","targetHints":{"allow":["GET"]}}],"collection":[{"href":"https:\/\/wpachem.com\/es\/wp-json\/wp\/v2\/product"}],"about":[{"href":"https:\/\/wpachem.com\/es\/wp-json\/wp\/v2\/types\/product"}],"version-history":[{"count":0,"href":"https:\/\/wpachem.com\/es\/wp-json\/wp\/v2\/product\/3591\/revisions"}],"wp:featuredmedia":[{"embeddable":true,"href":"https:\/\/wpachem.com\/es\/wp-json\/wp\/v2\/media\/3146"}],"wp:attachment":[{"href":"https:\/\/wpachem.com\/es\/wp-json\/wp\/v2\/media?parent=3591"}],"wp:term":[{"taxonomy":"product_brand","embeddable":true,"href":"https:\/\/wpachem.com\/es\/wp-json\/wp\/v2\/product_brand?post=3591"},{"taxonomy":"product_cat","embeddable":true,"href":"https:\/\/wpachem.com\/es\/wp-json\/wp\/v2\/product_cat?post=3591"},{"taxonomy":"product_tag","embeddable":true,"href":"https:\/\/wpachem.com\/es\/wp-json\/wp\/v2\/product_tag?post=3591"}],"curies":[{"name":"wp","href":"https:\/\/api.w.org\/{rel}","templated":true}]}}