{"id":3600,"date":"2023-03-22T07:33:12","date_gmt":"2023-03-22T07:33:12","guid":{"rendered":"http:\/\/site2.easyceotech.com\/?post_type=product&#038;p=3600"},"modified":"2024-03-12T07:35:43","modified_gmt":"2024-03-12T07:35:43","slug":"magnesium-lactate","status":"publish","type":"product","link":"https:\/\/wpachem.com\/es\/producto\/magnesium-lactate\/","title":{"rendered":"lactato de magnesio"},"content":{"rendered":"<div class=\"magic-2\">\n<div class=\"magic-3\">\n<h3 class=\"magic-4\"><span data-spm-anchor-id=\"a2700.details.0.i24.7fb33d04qKqUBG\">Lactato de magnesio<\/span> Identificaci\u00f3n de polvo<\/h3>\n<\/div>\n<div class=\"magic-5\">\n<div class=\"magic-6\">\n<p><b>nombre del producto<\/b>:Lactato de magnesio dihidrato<\/p>\n<div><b>NO CAS.<\/b>:179308-96-4<\/div>\n<div><b>F\u00f3rmula qu\u00edmica<\/b>:Mg[CH3CH(OH)COO]2\u00b72H2O<\/div>\n<div>\n<p><b>Peso molecular<\/b>:238.44<\/p>\n<div><b>Apariencia<\/b>:Polvo blanco<\/div>\n<div><b>Solubilidad<\/b>:Libremente soluble en agua caliente<\/div>\n<div><b>Calificaci\u00f3n<\/b>:Grado de comida<\/div>\n<div><b>Est\u00e1ndar:<\/b>USP\/BP\/CP\/FCC<\/div>\n<div><b>n\u00famero E<\/b>:E329<\/div>\n<\/div>\n<\/div>\n<\/div>\n<\/div>\n<div class=\"magic-2\">\n<div class=\"magic-3\">\n<h3 class=\"magic-4\">Breve introducci\u00f3n al lactato de magnesio<\/h3>\n<\/div>\n<div class=\"magic-5\">\n<div class=\"magic-7\">\n<p>El lactato de magnesio, la sal magn\u00e9sica del \u00e1cido l\u00e1ctico, es un suplemento mineral.<\/p>\n<div><\/div>\n<div><\/div>\n<p>El lactato de magnesio dihidrato EP es un producto granulado de color blanco que se utiliza como complemento diet\u00e9tico o como nutriente. El lactato de magnesio ayuda a respaldar la funci\u00f3n cardiovascular, desarrollar huesos fuertes, mantener la eficiencia celular y normalizar el metabolismo y la funci\u00f3n nerviosa. Tambi\u00e9n se utiliza para regular la acidez y fortificar alimentos y bebidas.<\/p>\n<\/div>\n<\/div>\n<\/div>\n<p>&nbsp;<\/p>","protected":false},"excerpt":{"rendered":"<p>Nombre del producto: lactato de magnesio<br \/>\nN\u00famero CAS: 179308-96-4<br \/>\nFrecuencia intermedia: C6H10MgO6<br \/>\nApariencia: poder blanco<\/p>","protected":false},"featured_media":2169,"template":"","meta":{"_acf_changed":false,"_gspb_post_css":""},"product_brand":[],"product_cat":[55,59],"product_tag":[],"class_list":{"0":"post-3600","1":"product","2":"type-product","3":"status-publish","4":"has-post-thumbnail","6":"product_cat-food-additives","7":"product_cat-acidity-regulators","9":"first","10":"instock","11":"shipping-taxable","12":"product-type-simple"},"acf":[],"_links":{"self":[{"href":"https:\/\/wpachem.com\/es\/wp-json\/wp\/v2\/product\/3600","targetHints":{"allow":["GET"]}}],"collection":[{"href":"https:\/\/wpachem.com\/es\/wp-json\/wp\/v2\/product"}],"about":[{"href":"https:\/\/wpachem.com\/es\/wp-json\/wp\/v2\/types\/product"}],"version-history":[{"count":0,"href":"https:\/\/wpachem.com\/es\/wp-json\/wp\/v2\/product\/3600\/revisions"}],"wp:featuredmedia":[{"embeddable":true,"href":"https:\/\/wpachem.com\/es\/wp-json\/wp\/v2\/media\/2169"}],"wp:attachment":[{"href":"https:\/\/wpachem.com\/es\/wp-json\/wp\/v2\/media?parent=3600"}],"wp:term":[{"taxonomy":"product_brand","embeddable":true,"href":"https:\/\/wpachem.com\/es\/wp-json\/wp\/v2\/product_brand?post=3600"},{"taxonomy":"product_cat","embeddable":true,"href":"https:\/\/wpachem.com\/es\/wp-json\/wp\/v2\/product_cat?post=3600"},{"taxonomy":"product_tag","embeddable":true,"href":"https:\/\/wpachem.com\/es\/wp-json\/wp\/v2\/product_tag?post=3600"}],"curies":[{"name":"wp","href":"https:\/\/api.w.org\/{rel}","templated":true}]}}