{"id":3606,"date":"2023-03-22T07:52:05","date_gmt":"2023-03-22T07:52:05","guid":{"rendered":"http:\/\/site2.easyceotech.com\/?post_type=product&#038;p=3606"},"modified":"2024-03-12T07:35:33","modified_gmt":"2024-03-12T07:35:33","slug":"sodium-acid-pyrophosphate","status":"publish","type":"product","link":"https:\/\/wpachem.com\/es\/producto\/sodium-acid-pyrophosphate\/","title":{"rendered":"Pirofosfato \u00e1cido de sodio"},"content":{"rendered":"<p><strong><span data-spm-anchor-id=\"a2700.details.0.i17.36ba2608OmAAGV\">Descripci\u00f3n:<\/span><\/strong><\/p>\n<p>El pirofosfato \u00e1cido de sodio es un s\u00f3lido en polvo blanco anhidro. Se puede utilizar como agente leudante y secuestrante, que cumple con la especificaci\u00f3n de GB 25567-2010, FCC, Reglamento CE para aditivos alimentarios.<\/p>\n<p>&nbsp;<\/p>\n<p><strong>Usos:<\/strong><\/p>\n<p>Se utiliza como agente tamp\u00f3n, agente leudante, agente secuestrante. Se puede utilizar en alimentos enlatados, jam\u00f3n, carne, levadura en polvo, etc.<\/p>","protected":false},"excerpt":{"rendered":"<p>Nombre del producto: pirofosfato \u00e1cido de sodio<br \/>\nN\u00famero CAS: 7758-16-9<br \/>\nMF:H5NaO7P2<br \/>\nApariencia: poder blanco<\/p>","protected":false},"featured_media":2155,"template":"","meta":{"_acf_changed":false,"_gspb_post_css":""},"product_brand":[],"product_cat":[55],"product_tag":[],"class_list":{"0":"post-3606","1":"product","2":"type-product","3":"status-publish","4":"has-post-thumbnail","6":"product_cat-food-additives","8":"first","9":"instock","10":"shipping-taxable","11":"product-type-simple"},"acf":[],"_links":{"self":[{"href":"https:\/\/wpachem.com\/es\/wp-json\/wp\/v2\/product\/3606","targetHints":{"allow":["GET"]}}],"collection":[{"href":"https:\/\/wpachem.com\/es\/wp-json\/wp\/v2\/product"}],"about":[{"href":"https:\/\/wpachem.com\/es\/wp-json\/wp\/v2\/types\/product"}],"version-history":[{"count":0,"href":"https:\/\/wpachem.com\/es\/wp-json\/wp\/v2\/product\/3606\/revisions"}],"wp:featuredmedia":[{"embeddable":true,"href":"https:\/\/wpachem.com\/es\/wp-json\/wp\/v2\/media\/2155"}],"wp:attachment":[{"href":"https:\/\/wpachem.com\/es\/wp-json\/wp\/v2\/media?parent=3606"}],"wp:term":[{"taxonomy":"product_brand","embeddable":true,"href":"https:\/\/wpachem.com\/es\/wp-json\/wp\/v2\/product_brand?post=3606"},{"taxonomy":"product_cat","embeddable":true,"href":"https:\/\/wpachem.com\/es\/wp-json\/wp\/v2\/product_cat?post=3606"},{"taxonomy":"product_tag","embeddable":true,"href":"https:\/\/wpachem.com\/es\/wp-json\/wp\/v2\/product_tag?post=3606"}],"curies":[{"name":"wp","href":"https:\/\/api.w.org\/{rel}","templated":true}]}}