{"id":3609,"date":"2023-03-22T07:56:03","date_gmt":"2023-03-22T07:56:03","guid":{"rendered":"http:\/\/site2.easyceotech.com\/?post_type=product&#038;p=3609"},"modified":"2024-03-12T07:35:28","modified_gmt":"2024-03-12T07:35:28","slug":"sodium-tripolyphosphate","status":"publish","type":"product","link":"https:\/\/wpachem.com\/es\/producto\/sodium-tripolyphosphate\/","title":{"rendered":"Tripolifosfato de sodio"},"content":{"rendered":"<div><strong>1. Nombre qu\u00edmico: Tripolifosfato de sodio<br \/>\n2. F\u00f3rmula molecular: Na5O10P3<br \/>\n3. Peso molecular: 367,86<br \/>\n4. CAS: 231-838-7<br \/>\n5. Embalaje: Se envasa con una bolsa de polietileno como capa interior y una bolsa de pl\u00e1stico tejido como capa exterior. El peso neto de cada bolsa es de 50 kg.<br \/>\n6. Almacenamiento y transporte: Debe almacenarse en un almac\u00e9n seco y ventilado, protegido del calor y la humedad durante el transporte, y descargarse con cuidado para evitar da\u00f1os. Adem\u00e1s, debe almacenarse separado de sustancias t\u00f3xicas.<\/strong><\/div>\n<div><strong>Especificaci\u00f3n:<\/strong><\/div>\n<table>\n<tbody>\n<tr>\n<td colspan=\"1\" rowspan=\"1\">\n<div>ART\u00cdCULO<\/div>\n<\/td>\n<td colspan=\"1\" rowspan=\"1\">\n<div>EST\u00c1NDAR<\/div>\n<\/td>\n<\/tr>\n<tr>\n<td colspan=\"1\" rowspan=\"1\">\n<div>ENSAYO (Na5P3O10)<\/div>\n<\/td>\n<td colspan=\"1\" rowspan=\"1\">\n<div>\u226595<\/div>\n<\/td>\n<\/tr>\n<tr>\n<td colspan=\"1\" rowspan=\"1\">\n<div>APARIENCIA<\/div>\n<\/td>\n<td colspan=\"1\" rowspan=\"1\">\n<div>GRANULAR BLANCO<\/div>\n<\/td>\n<\/tr>\n<tr>\n<td colspan=\"1\" rowspan=\"1\">\n<div>P2O5<\/div>\n<\/td>\n<td colspan=\"1\" rowspan=\"1\">\n<div>\u2265 57,0<\/div>\n<\/td>\n<\/tr>\n<tr>\n<td colspan=\"1\" rowspan=\"1\">\n<div>FLUORURO (PPM)<\/div>\n<\/td>\n<td colspan=\"1\" rowspan=\"1\">\n<div>\u2264 10<\/div>\n<\/td>\n<\/tr>\n<tr>\n<td colspan=\"1\" rowspan=\"1\">\n<div>CADMIO (PPM)<\/div>\n<\/td>\n<td colspan=\"1\" rowspan=\"1\">\n<div>\u22641<\/div>\n<\/td>\n<\/tr>\n<tr>\n<td colspan=\"1\" rowspan=\"1\">\n<div>PLOMO (PPM)<\/div>\n<\/td>\n<td colspan=\"1\" rowspan=\"1\">\n<div>\u22644<\/div>\n<\/td>\n<\/tr>\n<tr>\n<td colspan=\"1\" rowspan=\"1\">\n<div>MERCURIO (PPM)<\/div>\n<\/td>\n<td colspan=\"1\" rowspan=\"1\">\n<div>\u22641<\/div>\n<\/td>\n<\/tr>\n<tr>\n<td colspan=\"1\" rowspan=\"1\">\n<div>ARS\u00c9NICO (PPM)<\/div>\n<\/td>\n<td colspan=\"1\" rowspan=\"1\">\n<div>\u22643<\/div>\n<\/td>\n<\/tr>\n<tr>\n<td colspan=\"1\" rowspan=\"1\">\n<div>MENTAL PESADO (COMO PB) (PPM)<\/div>\n<\/td>\n<td colspan=\"1\" rowspan=\"1\">\n<div>\u226410<\/div>\n<\/td>\n<\/tr>\n<tr>\n<td colspan=\"1\" rowspan=\"1\">\n<div>CLORUROS (COMO CL)<\/div>\n<\/td>\n<td colspan=\"1\" rowspan=\"1\">\n<div>\u22640,025 %<\/div>\n<\/td>\n<\/tr>\n<tr>\n<td colspan=\"1\" rowspan=\"1\">\n<div>SULFATOS (SO42-)<\/div>\n<\/td>\n<td colspan=\"1\" rowspan=\"1\">\n<div>\u22640,4 %<\/div>\n<\/td>\n<\/tr>\n<tr>\n<td colspan=\"1\" rowspan=\"1\">\n<div>SUSTANCIAS NO DISUELTAS EN AGUA<\/div>\n<\/td>\n<td colspan=\"1\" rowspan=\"1\">\n<div>\u22640,05 %<\/div>\n<\/td>\n<\/tr>\n<tr>\n<td colspan=\"1\" rowspan=\"1\">\n<div>VALOR DE PH<\/div>\n<\/td>\n<td colspan=\"1\" rowspan=\"1\">\n<div>9.5% &#8211; 10.0%<\/div>\n<\/td>\n<\/tr>\n<tr>\n<td colspan=\"1\" rowspan=\"1\">\n<div>P\u00c9RDIDA POR SECADO<\/div>\n<\/td>\n<td colspan=\"1\" rowspan=\"1\">\n<div>\u22640,7%<\/div>\n<\/td>\n<\/tr>\n<tr>\n<td colspan=\"1\" rowspan=\"1\">\n<div>HEXAHIDRATO<\/div>\n<\/td>\n<td colspan=\"1\" rowspan=\"1\">\n<div>\u226423,5%<\/div>\n<\/td>\n<\/tr>\n<tr>\n<td colspan=\"1\" rowspan=\"1\">\n<div>SUSTANCIAS INSOLUBLES EN AGUA<\/div>\n<\/td>\n<td colspan=\"1\" rowspan=\"1\">\n<div>\u22640,1%<\/div>\n<\/td>\n<\/tr>\n<tr>\n<td colspan=\"1\" rowspan=\"1\">\n<div>POLIFOSFATOS SUPERIORES<\/div>\n<\/td>\n<td colspan=\"1\" rowspan=\"1\">\n<div>\u22641%<\/div>\n<\/td>\n<\/tr>\n<\/tbody>\n<\/table>\n<p>&nbsp;<\/p>","protected":false},"excerpt":{"rendered":"<p>Nombre del producto: Tripolifosfato de sodio<br \/>\nN.\u00ba CAS: 7758-29-4<br \/>\nMF:Na5O10P3<br \/>\nApariencia: poder blanco<\/p>","protected":false},"featured_media":2161,"template":"","meta":{"_acf_changed":false,"_gspb_post_css":""},"product_brand":[],"product_cat":[55],"product_tag":[],"class_list":{"0":"post-3609","1":"product","2":"type-product","3":"status-publish","4":"has-post-thumbnail","6":"product_cat-food-additives","8":"first","9":"instock","10":"shipping-taxable","11":"product-type-simple"},"acf":[],"_links":{"self":[{"href":"https:\/\/wpachem.com\/es\/wp-json\/wp\/v2\/product\/3609","targetHints":{"allow":["GET"]}}],"collection":[{"href":"https:\/\/wpachem.com\/es\/wp-json\/wp\/v2\/product"}],"about":[{"href":"https:\/\/wpachem.com\/es\/wp-json\/wp\/v2\/types\/product"}],"version-history":[{"count":0,"href":"https:\/\/wpachem.com\/es\/wp-json\/wp\/v2\/product\/3609\/revisions"}],"wp:featuredmedia":[{"embeddable":true,"href":"https:\/\/wpachem.com\/es\/wp-json\/wp\/v2\/media\/2161"}],"wp:attachment":[{"href":"https:\/\/wpachem.com\/es\/wp-json\/wp\/v2\/media?parent=3609"}],"wp:term":[{"taxonomy":"product_brand","embeddable":true,"href":"https:\/\/wpachem.com\/es\/wp-json\/wp\/v2\/product_brand?post=3609"},{"taxonomy":"product_cat","embeddable":true,"href":"https:\/\/wpachem.com\/es\/wp-json\/wp\/v2\/product_cat?post=3609"},{"taxonomy":"product_tag","embeddable":true,"href":"https:\/\/wpachem.com\/es\/wp-json\/wp\/v2\/product_tag?post=3609"}],"curies":[{"name":"wp","href":"https:\/\/api.w.org\/{rel}","templated":true}]}}