{"id":3615,"date":"2023-03-22T08:04:08","date_gmt":"2023-03-22T08:04:08","guid":{"rendered":"http:\/\/site2.easyceotech.com\/?post_type=product&#038;p=3615"},"modified":"2024-03-12T07:34:19","modified_gmt":"2024-03-12T07:34:19","slug":"sodium-polyphosphate","status":"publish","type":"product","link":"https:\/\/wpachem.com\/es\/producto\/sodium-polyphosphate\/","title":{"rendered":"Polifosfato de sodio"},"content":{"rendered":"<p><b>Polifosfato de sodio<\/b>F\u00e1cilmente soluble en agua, insoluble en disolventes org\u00e1nicos. Alta higroscopicidad, se hidroliza f\u00e1cilmente a ortofosfato en agua tibia, soluciones \u00e1cidas o alcalinas. Se utiliza principalmente para el procesamiento de diversos productos c\u00e1rnicos y alimentos para aves.<\/p>\n<p>&nbsp;<\/p>\n<div class=\"J_module\">\n<div id=\"ali-anchor-AliMagic-zr76kk\" class=\"magic-0\" data-section=\"AliMagic-zr76kk\" data-section-title=\"Specification\" data-spm-anchor-id=\"a2700.details.0.i18.70294919g4yi9r\">Especificaci\u00f3n<\/div>\n<\/div>\n<div class=\"J_module\">\n<div class=\"ife-detail-decorate-table\">\n<table class=\"has-title all magic-10\">\n<tbody>\n<tr>\n<td colspan=\"1\" rowspan=\"1\">\n<div class=\"magic-11\">Nombre del producto<\/div>\n<\/td>\n<td colspan=\"1\" rowspan=\"1\">\n<div class=\"magic-12\">Polifosfato de sodio<\/div>\n<\/td>\n<\/tr>\n<tr>\n<td colspan=\"1\" rowspan=\"1\">\n<div class=\"magic-11\">CAS<\/div>\n<\/td>\n<td colspan=\"1\" rowspan=\"1\">\n<div class=\"magic-12\">68915-31-1<\/div>\n<\/td>\n<\/tr>\n<tr>\n<td colspan=\"1\" rowspan=\"1\">\n<div class=\"magic-11\">F\u00f3rmula molecular<\/div>\n<\/td>\n<td colspan=\"1\" rowspan=\"1\">\n<div class=\"magic-12\">Na3O10P3X2<\/div>\n<\/td>\n<\/tr>\n<tr>\n<td colspan=\"1\" rowspan=\"1\">\n<div class=\"magic-11\">Peso molecular<\/div>\n<\/td>\n<td colspan=\"1\" rowspan=\"1\">\n<div class=\"magic-12\">321.88<\/div>\n<\/td>\n<\/tr>\n<tr>\n<td colspan=\"1\" rowspan=\"1\">\n<div class=\"magic-11\">EINECS<\/div>\n<\/td>\n<td colspan=\"1\" rowspan=\"1\">\n<div class=\"magic-12\">272-808-3<\/div>\n<\/td>\n<\/tr>\n<tr>\n<td colspan=\"1\" rowspan=\"1\">\n<div class=\"magic-11\">Forma<\/div>\n<\/td>\n<td colspan=\"1\" rowspan=\"1\">\n<div class=\"magic-12\">Polvo cristalino blanco<\/div>\n<\/td>\n<\/tr>\n<tr>\n<td colspan=\"1\" rowspan=\"1\">\n<div class=\"magic-11\">Solicitud<\/div>\n<\/td>\n<td colspan=\"1\" rowspan=\"1\">\n<div class=\"magic-12\">Mejorador de calidad; Regulador de pH; Agente quelante de iones met\u00e1licos; Agente aglutinante y expansor, etc. Puede estabilizar pigmentos naturales en<br \/>\nfrijoles, frutas y verduras enlatadas, y proteger el color de los alimentos; La grasa se puede emulsionar en las latas de carne para mantener la textura uniforme;<br \/>\nSe puede utilizar en productos c\u00e1rnicos para mejorar la retenci\u00f3n de agua y evitar el deterioro de la grasa de la carne. Al a\u00f1adirlo a la cerveza,<br \/>\nEl licor se puede clarificar para evitar la turbidez. El agua no contiene ablandador precipitado.<\/div>\n<\/td>\n<\/tr>\n<\/tbody>\n<\/table>\n<\/div>\n<\/div>\n<p>&nbsp;<\/p>","protected":false},"excerpt":{"rendered":"<p>Nombre del producto:Polifosfato de sodio<br \/>\nN.\u00ba CAS: 68915-31-1<br \/>\nMF:Na3O10P3X2<br \/>\nApariencia: poder blanco<\/p>","protected":false},"featured_media":2169,"template":"","meta":{"_acf_changed":false,"_gspb_post_css":""},"product_brand":[],"product_cat":[55],"product_tag":[],"class_list":{"0":"post-3615","1":"product","2":"type-product","3":"status-publish","4":"has-post-thumbnail","6":"product_cat-food-additives","8":"first","9":"instock","10":"shipping-taxable","11":"product-type-simple"},"acf":[],"_links":{"self":[{"href":"https:\/\/wpachem.com\/es\/wp-json\/wp\/v2\/product\/3615","targetHints":{"allow":["GET"]}}],"collection":[{"href":"https:\/\/wpachem.com\/es\/wp-json\/wp\/v2\/product"}],"about":[{"href":"https:\/\/wpachem.com\/es\/wp-json\/wp\/v2\/types\/product"}],"version-history":[{"count":0,"href":"https:\/\/wpachem.com\/es\/wp-json\/wp\/v2\/product\/3615\/revisions"}],"wp:featuredmedia":[{"embeddable":true,"href":"https:\/\/wpachem.com\/es\/wp-json\/wp\/v2\/media\/2169"}],"wp:attachment":[{"href":"https:\/\/wpachem.com\/es\/wp-json\/wp\/v2\/media?parent=3615"}],"wp:term":[{"taxonomy":"product_brand","embeddable":true,"href":"https:\/\/wpachem.com\/es\/wp-json\/wp\/v2\/product_brand?post=3615"},{"taxonomy":"product_cat","embeddable":true,"href":"https:\/\/wpachem.com\/es\/wp-json\/wp\/v2\/product_cat?post=3615"},{"taxonomy":"product_tag","embeddable":true,"href":"https:\/\/wpachem.com\/es\/wp-json\/wp\/v2\/product_tag?post=3615"}],"curies":[{"name":"wp","href":"https:\/\/api.w.org\/{rel}","templated":true}]}}