{"id":3621,"date":"2023-03-22T08:19:26","date_gmt":"2023-03-22T08:19:26","guid":{"rendered":"http:\/\/site2.easyceotech.com\/?post_type=product&#038;p=3621"},"modified":"2024-03-12T07:34:19","modified_gmt":"2024-03-12T07:34:19","slug":"monocalcium-phosphate","status":"publish","type":"product","link":"https:\/\/wpachem.com\/es\/producto\/monocalcium-phosphate\/","title":{"rendered":"Fosfato monoc\u00e1lcico"},"content":{"rendered":"<div><span data-spm-anchor-id=\"a2700.details.0.i15.7e8521a3rP2zHO\">El tungstato de calcio (CaWO4) es un material \u00f3ptico que se puede utilizar como material anfitri\u00f3n de l\u00e1ser para una variedad de aplicaciones electr\u00f3nicas. Tiene una estructura de scheelita con propiedades luminiscentes y termoluminiscentes. CaWO4 se puede utilizar en la fabricaci\u00f3n de un radiosensibilizador para aplicaciones de radioterapia contra el c\u00e1ncer.<\/span><\/div>\n<div><\/div>\n<div>Nombre del producto: Tungstato de calcio<\/div>\n<div>N\u00famero CAS: 7790-75-2<br \/>\nF\u00f3rmula compuesta: CaWO4<br \/>\nPeso molecular: 287,92<br \/>\nAspecto: Polvo de color blanco a amarillo claro<\/div>\n<div><\/div>\n<div><strong>Especificaciones:<\/strong><\/div>\n<div>\n<table border=\"1\">\n<tbody>\n<tr>\n<td>Pureza<\/td>\n<td>99.5% min<\/td>\n<\/tr>\n<tr>\n<td>Tama\u00f1o de part\u00edcula<\/td>\n<td>0,5-3,0 \u00b5m<\/td>\n<\/tr>\n<tr>\n<td>P\u00e9rdida por secado<\/td>\n<td>1% m\u00e1x.<\/td>\n<\/tr>\n<tr>\n<td>Fe2O3<\/td>\n<td>0,1% m\u00e1x.<\/td>\n<\/tr>\n<tr>\n<td>SrO<\/td>\n<td>0,1% m\u00e1x.<\/td>\n<\/tr>\n<tr>\n<td>Na2O+K2O<\/td>\n<td>0,1% m\u00e1x.<\/td>\n<\/tr>\n<tr>\n<td>Al2O3<\/td>\n<td>0,1% m\u00e1x.<\/td>\n<\/tr>\n<tr>\n<td>SiO2<\/td>\n<td>0,1% m\u00e1x.<\/td>\n<\/tr>\n<tr>\n<td>H2O<\/td>\n<td>0,5% m\u00e1x.<\/td>\n<\/tr>\n<\/tbody>\n<\/table>\n<\/div>\n<p>&nbsp;<\/p>","protected":false},"excerpt":{"rendered":"<p>Nombre del producto: fosfato monoc\u00e1lcico<br \/>\nN\u00famero CAS: 7790-75-2<br \/>\nFrecuencia intermedia: CaO4W<br \/>\nApariencia: poder blanco<\/p>","protected":false},"featured_media":2180,"template":"","meta":{"_acf_changed":false,"_gspb_post_css":""},"product_brand":[],"product_cat":[55],"product_tag":[],"class_list":{"0":"post-3621","1":"product","2":"type-product","3":"status-publish","4":"has-post-thumbnail","6":"product_cat-food-additives","8":"first","9":"instock","10":"shipping-taxable","11":"product-type-simple"},"acf":[],"_links":{"self":[{"href":"https:\/\/wpachem.com\/es\/wp-json\/wp\/v2\/product\/3621","targetHints":{"allow":["GET"]}}],"collection":[{"href":"https:\/\/wpachem.com\/es\/wp-json\/wp\/v2\/product"}],"about":[{"href":"https:\/\/wpachem.com\/es\/wp-json\/wp\/v2\/types\/product"}],"version-history":[{"count":0,"href":"https:\/\/wpachem.com\/es\/wp-json\/wp\/v2\/product\/3621\/revisions"}],"wp:featuredmedia":[{"embeddable":true,"href":"https:\/\/wpachem.com\/es\/wp-json\/wp\/v2\/media\/2180"}],"wp:attachment":[{"href":"https:\/\/wpachem.com\/es\/wp-json\/wp\/v2\/media?parent=3621"}],"wp:term":[{"taxonomy":"product_brand","embeddable":true,"href":"https:\/\/wpachem.com\/es\/wp-json\/wp\/v2\/product_brand?post=3621"},{"taxonomy":"product_cat","embeddable":true,"href":"https:\/\/wpachem.com\/es\/wp-json\/wp\/v2\/product_cat?post=3621"},{"taxonomy":"product_tag","embeddable":true,"href":"https:\/\/wpachem.com\/es\/wp-json\/wp\/v2\/product_tag?post=3621"}],"curies":[{"name":"wp","href":"https:\/\/api.w.org\/{rel}","templated":true}]}}