{"id":3627,"date":"2023-03-22T08:24:44","date_gmt":"2023-03-22T08:24:44","guid":{"rendered":"http:\/\/site2.easyceotech.com\/?post_type=product&#038;p=3627"},"modified":"2024-03-12T07:34:19","modified_gmt":"2024-03-12T07:34:19","slug":"tricalcium-phosphate","status":"publish","type":"product","link":"https:\/\/wpachem.com\/es\/producto\/tricalcium-phosphate\/","title":{"rendered":"Fosfato tric\u00e1lcico"},"content":{"rendered":"<h2>Mejor precio Pasta de dientes en polvo de hidroxiapatita de calcio Cas 1306-06-5, pasta<\/h2>\n<p><strong>\u00bfPor qu\u00e9 elegirnos?<\/strong><\/p>\n<p>1: PRECIO DIRECTO DE F\u00c1BRICA.<br \/>\n2: BUENA CALIDAD.<br \/>\n3: ENV\u00cdO R\u00c1PIDO EN 5 D\u00cdAS.<br \/>\n4: SIN MOQ, 1KG OK. PEQUE\u00d1OS PEDIDOS BIENVENIDOS..<br \/>\n5: PAGO EN L\u00cdNEA.<br \/>\n6: SOPORTE REEMBOLSO DE 7 D\u00cdAS.<br \/>\n7: SERVICIOS POSTVENTA 24\/7<\/p>\n<p>&nbsp;<\/p>\n<table border=\"1\">\n<tbody>\n<tr>\n<td><span data-spm-anchor-id=\"a2700.details.0.i28.4e5e2088RdrEV4\">nombre del producto<\/span><\/td>\n<td>hidroxiapatita<\/td>\n<\/tr>\n<tr>\n<td>Calificaci\u00f3n<\/td>\n<td>Grado cosm\u00e9tico y grado alimenticio.<\/td>\n<\/tr>\n<tr>\n<td data-spm-anchor-id=\"a2700.details.0.i27.4e5e2088RdrEV4\">Especificaci\u00f3n<\/td>\n<td>nano<\/td>\n<\/tr>\n<tr>\n<td>CAS<\/td>\n<td>1306-06-5<\/td>\n<\/tr>\n<tr>\n<td>Almacenamiento<\/td>\n<td>Mantener estrictamente alejado de la humedad y el calor pero en un lugar fresco y seco.<\/td>\n<\/tr>\n<tr>\n<td>Apariencia<\/td>\n<td>polvo blanco<\/td>\n<\/tr>\n<tr>\n<td>Duraci\u00f3n<\/td>\n<td>2 a\u00f1os<\/td>\n<\/tr>\n<\/tbody>\n<\/table>\n<p>&nbsp;<\/p>","protected":false},"excerpt":{"rendered":"<p>Nombre del producto: fosfato tric\u00e1lcico<br \/>\nN\u00famero CAS: 1306-06-5<br \/>\nFrecuencia intermedia:Ca5HO13P3<br \/>\nApariencia: poder blanco<\/p>","protected":false},"featured_media":0,"template":"","meta":{"_acf_changed":false,"_gspb_post_css":""},"product_brand":[],"product_cat":[55],"product_tag":[],"class_list":{"0":"post-3627","1":"product","2":"type-product","3":"status-publish","5":"product_cat-food-additives","7":"first","8":"instock","9":"shipping-taxable","10":"product-type-simple"},"acf":[],"_links":{"self":[{"href":"https:\/\/wpachem.com\/es\/wp-json\/wp\/v2\/product\/3627","targetHints":{"allow":["GET"]}}],"collection":[{"href":"https:\/\/wpachem.com\/es\/wp-json\/wp\/v2\/product"}],"about":[{"href":"https:\/\/wpachem.com\/es\/wp-json\/wp\/v2\/types\/product"}],"version-history":[{"count":0,"href":"https:\/\/wpachem.com\/es\/wp-json\/wp\/v2\/product\/3627\/revisions"}],"wp:attachment":[{"href":"https:\/\/wpachem.com\/es\/wp-json\/wp\/v2\/media?parent=3627"}],"wp:term":[{"taxonomy":"product_brand","embeddable":true,"href":"https:\/\/wpachem.com\/es\/wp-json\/wp\/v2\/product_brand?post=3627"},{"taxonomy":"product_cat","embeddable":true,"href":"https:\/\/wpachem.com\/es\/wp-json\/wp\/v2\/product_cat?post=3627"},{"taxonomy":"product_tag","embeddable":true,"href":"https:\/\/wpachem.com\/es\/wp-json\/wp\/v2\/product_tag?post=3627"}],"curies":[{"name":"wp","href":"https:\/\/api.w.org\/{rel}","templated":true}]}}