{"id":3640,"date":"2023-03-24T05:26:07","date_gmt":"2023-03-24T05:26:07","guid":{"rendered":"http:\/\/site2.easyceotech.com\/?post_type=product&#038;p=3640"},"modified":"2024-03-12T07:33:16","modified_gmt":"2024-03-12T07:33:16","slug":"ethyl-vanillin","status":"publish","type":"product","link":"https:\/\/wpachem.com\/es\/producto\/ethyl-vanillin\/","title":{"rendered":"etil vainillina"},"content":{"rendered":"<div class=\"J_module\">\n<div class=\"detail-decorate-json-renderer-container\">\n<div class=\"magic-4\">\n<div class=\"magic-5\">\n<div class=\"magic-6\">\n<div class=\"magic-7\">\n<div><span class=\"magic-8\" style=\"font-family: Arial;\"><span class=\"magic-9\" data-spm-anchor-id=\"a2700.details.0.i25.5dc33058F8KHm6\">Nombre del producto:<\/span> etil vainillina<\/span><\/div>\n<div><span class=\"magic-8\" style=\"font-family: Arial;\">CAS: 121-32-4<\/span><\/div>\n<div><span class=\"magic-8\" style=\"font-family: Arial;\">Peso molecular: 166,17<\/span><\/div>\n<div><span class=\"magic-8\" style=\"font-family: Arial;\">MF: C9H10O3<\/span><\/div>\n<div><span class=\"magic-8\" style=\"font-family: Arial;\">Aspecto: Polvo cristalino blanco o ligeramente amarillento.<\/span><\/div>\n<div><span class=\"magic-8\" style=\"font-family: Arial;\">Pureza: 99%<\/span><\/div>\n<\/div>\n<\/div>\n<\/div>\n<\/div>\n<\/div>\n<\/div>\n<div class=\"J_module\">\n<div id=\"ali-anchor-AliMagic-irdkp0\" class=\"magic-0\" data-section=\"AliMagic-irdkp0\" data-section-title=\"Specification\">Especificaci\u00f3n<\/div>\n<\/div>\n<div class=\"J_module\">\n<div class=\"ife-detail-decorate-table\">\n<table class=\"has-title is-zebra hight-light-first-column all magic-10\">\n<tbody>\n<tr>\n<td colspan=\"1\" rowspan=\"1\">\n<div class=\"magic-11\"><span class=\"magic-8\" style=\"font-family: Arial;\">Contenido del an\u00e1lisis<\/span><\/div>\n<\/td>\n<td colspan=\"1\" rowspan=\"1\">\n<div class=\"magic-12\"><span class=\"magic-8\" style=\"font-family: Arial;\">Est\u00e1ndar de an\u00e1lisis<\/span><\/div>\n<\/td>\n<td colspan=\"1\" rowspan=\"1\">\n<div class=\"magic-13\"><span class=\"magic-8\" style=\"font-family: Arial;\">Resultados de analisis<\/span><\/div>\n<\/td>\n<\/tr>\n<tr>\n<td colspan=\"1\" rowspan=\"1\">\n<div class=\"magic-11\"><span class=\"magic-8\" style=\"font-family: Arial;\">Apariencia<\/span><\/div>\n<\/td>\n<td colspan=\"1\" rowspan=\"1\">\n<div class=\"magic-12\"><span class=\"magic-8\" style=\"font-family: Arial;\">Polvo cristalino blanco o ligeramente amarillento<\/span><\/div>\n<\/td>\n<td colspan=\"1\" rowspan=\"1\">\n<div class=\"magic-13\"><span class=\"magic-8\" style=\"font-family: Arial;\">Cumplido<\/span><\/div>\n<\/td>\n<\/tr>\n<tr>\n<td colspan=\"1\" rowspan=\"1\">\n<div class=\"magic-11\"><span class=\"magic-8\" style=\"font-family: Arial;\">Ensayo<\/span><\/div>\n<\/td>\n<td colspan=\"1\" rowspan=\"1\">\n<div class=\"magic-12\"><span class=\"magic-8\" style=\"font-family: Arial;\">98% m\u00edn.<\/span><\/div>\n<\/td>\n<td colspan=\"1\" rowspan=\"1\">\n<div class=\"magic-13\"><span class=\"magic-8\" style=\"font-family: Arial;\">98.81%<\/span><\/div>\n<\/td>\n<\/tr>\n<tr>\n<td colspan=\"1\" rowspan=\"1\">\n<div class=\"magic-11\"><span class=\"magic-8\" style=\"font-family: Arial;\">Olor\/Sabor<\/span><\/div>\n<\/td>\n<td colspan=\"1\" rowspan=\"1\">\n<div class=\"magic-12\"><span class=\"magic-8\" style=\"font-family: Arial;\">Similar al sabor de la vainilla.<\/span><\/div>\n<\/td>\n<td colspan=\"1\" rowspan=\"1\">\n<div class=\"magic-13\"><span class=\"magic-8\" style=\"font-family: Arial;\">Cumplido<\/span><\/div>\n<\/td>\n<\/tr>\n<tr>\n<td colspan=\"1\" rowspan=\"1\">\n<div class=\"magic-11\"><span class=\"magic-8\" style=\"font-family: Arial;\">Solubilidad (25 grados C)<\/span><\/div>\n<\/td>\n<td colspan=\"1\" rowspan=\"1\">\n<div class=\"magic-12\"><span class=\"magic-8\" style=\"font-family: Arial;\">1 g de soluci\u00f3n completa en 3 ml de alcohol et\u00edlico 70% o 2 ml de alcohol et\u00edlico 95%<\/span><\/div>\n<\/td>\n<td colspan=\"1\" rowspan=\"1\">\n<div class=\"magic-13\"><span class=\"magic-8\" style=\"font-family: Arial;\">Cumplido<\/span><\/div>\n<\/td>\n<\/tr>\n<tr>\n<td colspan=\"1\" rowspan=\"1\">\n<div class=\"magic-11\"><span class=\"magic-8\" style=\"font-family: Arial;\">Punto de fusi\u00f3n (25 grados C)<\/span><\/div>\n<\/td>\n<td colspan=\"1\" rowspan=\"1\">\n<div class=\"magic-12\"><span class=\"magic-8\" style=\"font-family: Arial;\">76.0-78.0<\/span><\/div>\n<\/td>\n<td colspan=\"1\" rowspan=\"1\">\n<div class=\"magic-13\"><span class=\"magic-8\" style=\"font-family: Arial;\">76.7<\/span><\/div>\n<\/td>\n<\/tr>\n<tr>\n<td colspan=\"1\" rowspan=\"1\">\n<div class=\"magic-11\"><span class=\"magic-8\" style=\"font-family: Arial;\">P\u00e9rdida por secado<\/span><\/div>\n<\/td>\n<td colspan=\"1\" rowspan=\"1\">\n<div class=\"magic-12\"><span class=\"magic-8\" style=\"font-family: Arial;\">0,5% m\u00e1x.<\/span><\/div>\n<\/td>\n<td colspan=\"1\" rowspan=\"1\">\n<div class=\"magic-13\"><span class=\"magic-8\" style=\"font-family: Arial;\">0.11%<\/span><\/div>\n<\/td>\n<\/tr>\n<tr>\n<td colspan=\"1\" rowspan=\"1\">\n<div class=\"magic-11\"><span class=\"magic-8\" style=\"font-family: Arial;\">Contenido de Como<\/span><\/div>\n<\/td>\n<td colspan=\"1\" rowspan=\"1\">\n<div class=\"magic-12\"><span class=\"magic-8\" style=\"font-family: Arial;\">3 ppm m\u00e1ximo<\/span><\/div>\n<\/td>\n<td colspan=\"1\" rowspan=\"1\">\n<div class=\"magic-13\"><span class=\"magic-8\" style=\"font-family: Arial;\">Cumplido<\/span><\/div>\n<\/td>\n<\/tr>\n<tr>\n<td colspan=\"1\" rowspan=\"1\">\n<div class=\"magic-11\"><span class=\"magic-8\" style=\"font-family: Arial;\">Metales pesados (como pb)<\/span><\/div>\n<\/td>\n<td colspan=\"1\" rowspan=\"1\">\n<div class=\"magic-12\"><span class=\"magic-8\" style=\"font-family: Arial;\">10 ppm m\u00e1ximo<\/span><\/div>\n<\/td>\n<td colspan=\"1\" rowspan=\"1\">\n<div class=\"magic-13\"><span class=\"magic-8\" style=\"font-family: Arial;\">Cumplido<\/span><\/div>\n<\/td>\n<\/tr>\n<tr>\n<td colspan=\"1\" rowspan=\"1\">\n<div class=\"magic-11\"><span class=\"magic-8\" style=\"font-family: Arial;\">Residuos en ignici\u00f3n<\/span><\/div>\n<\/td>\n<td colspan=\"1\" rowspan=\"1\">\n<div class=\"magic-12\"><span class=\"magic-8\" style=\"font-family: Arial;\">0,05% m\u00e1x.<\/span><\/div>\n<\/td>\n<td colspan=\"1\" rowspan=\"1\">\n<div class=\"magic-13\"><span class=\"magic-8\" style=\"font-family: Arial;\">0.01%<\/span><\/div>\n<\/td>\n<\/tr>\n<\/tbody>\n<\/table>\n<\/div>\n<\/div>\n<div class=\"J_module\">\n<div id=\"ali-anchor-AliMagic-7xd6wv\" class=\"magic-0\" data-section=\"AliMagic-7xd6wv\" data-section-title=\"Application\">Solicitud<\/div>\n<\/div>\n<div class=\"J_module\">\n<div class=\"detail-decorate-json-renderer-container\">\n<div class=\"magic-4\">\n<div class=\"magic-5\">\n<div class=\"magic-6\">\n<div class=\"magic-7\"><span class=\"magic-8\" style=\"font-family: Arial;\">1. La etilvainillina es uno de los sabores comestibles m\u00e1s importantes, es una materia prima indispensable e importante en la industria de aditivos alimentarios y se usa ampliamente en alimentos, dulces, helados, bebidas y cosm\u00e9ticos como potenciador de fragancias y fijador. 2. Tambi\u00e9n se utiliza como aditivo alimentario y abrillantador en la industria de galvanoplastia.<\/span><\/div>\n<\/div>\n<\/div>\n<\/div>\n<\/div>\n<\/div>\n<p>&nbsp;<\/p>","protected":false},"excerpt":{"rendered":"<p>Nombre del producto: etil vainillina<br \/>\nN\u00famero CAS: 121-32-4<br \/>\nFrecuencia intermedia: C9H10O3<br \/>\nAspecto: Polvo cristalino blanco o ligeramente amarillento.<\/p>","protected":false},"featured_media":2103,"template":"","meta":{"_acf_changed":false,"_gspb_post_css":""},"product_brand":[],"product_cat":[55,101],"product_tag":[],"class_list":{"0":"post-3640","1":"product","2":"type-product","3":"status-publish","4":"has-post-thumbnail","6":"product_cat-food-additives","7":"product_cat-flavour-enhancer-food-additives","9":"first","10":"instock","11":"shipping-taxable","12":"product-type-simple"},"acf":[],"_links":{"self":[{"href":"https:\/\/wpachem.com\/es\/wp-json\/wp\/v2\/product\/3640","targetHints":{"allow":["GET"]}}],"collection":[{"href":"https:\/\/wpachem.com\/es\/wp-json\/wp\/v2\/product"}],"about":[{"href":"https:\/\/wpachem.com\/es\/wp-json\/wp\/v2\/types\/product"}],"version-history":[{"count":0,"href":"https:\/\/wpachem.com\/es\/wp-json\/wp\/v2\/product\/3640\/revisions"}],"wp:featuredmedia":[{"embeddable":true,"href":"https:\/\/wpachem.com\/es\/wp-json\/wp\/v2\/media\/2103"}],"wp:attachment":[{"href":"https:\/\/wpachem.com\/es\/wp-json\/wp\/v2\/media?parent=3640"}],"wp:term":[{"taxonomy":"product_brand","embeddable":true,"href":"https:\/\/wpachem.com\/es\/wp-json\/wp\/v2\/product_brand?post=3640"},{"taxonomy":"product_cat","embeddable":true,"href":"https:\/\/wpachem.com\/es\/wp-json\/wp\/v2\/product_cat?post=3640"},{"taxonomy":"product_tag","embeddable":true,"href":"https:\/\/wpachem.com\/es\/wp-json\/wp\/v2\/product_tag?post=3640"}],"curies":[{"name":"wp","href":"https:\/\/api.w.org\/{rel}","templated":true}]}}