{"id":3649,"date":"2023-03-24T05:32:55","date_gmt":"2023-03-24T05:32:55","guid":{"rendered":"http:\/\/site2.easyceotech.com\/?post_type=product&#038;p=3649"},"modified":"2024-03-12T07:32:08","modified_gmt":"2024-03-12T07:32:08","slug":"span-80","status":"publish","type":"product","link":"https:\/\/wpachem.com\/es\/producto\/span-80\/","title":{"rendered":"Lapso 80"},"content":{"rendered":"<div class=\"J_module\">\n<div class=\"detail-decorate-json-renderer-container\">\n<div class=\"magic-3\">\n<h3 class=\"magic-4\"><span data-spm-anchor-id=\"a2700.details.0.i27.40743586IFUIe4\">Composici\u00f3n qu\u00edmica: \u00e9ster de \u00e1cido graso de glucitol deshidratado.<br \/>\nTipo: no i\u00f3nico<br \/>\nModelo: S-80, S-60, S-40, S-20<\/span><\/h3>\n<div class=\"magic-5\">\n<div class=\"magic-6\">\n<div class=\"magic-7\"><b>Especificaci\u00f3n t\u00e9cnica:<\/b><\/div>\n<\/div>\n<\/div>\n<\/div>\n<\/div>\n<\/div>\n<div class=\"J_module\">\n<div class=\"ife-detail-decorate-table\">\n<table class=\"all magic-8\">\n<tbody>\n<tr>\n<td colspan=\"1\" rowspan=\"1\">\n<div class=\"magic-9\">Marca<\/div>\n<\/td>\n<td colspan=\"1\" rowspan=\"1\">\n<div class=\"magic-10\">S-80<\/div>\n<\/td>\n<td colspan=\"1\" rowspan=\"1\">\n<div class=\"magic-10\">S-60<\/div>\n<\/td>\n<td colspan=\"1\" rowspan=\"1\">\n<div class=\"magic-10\">S-40<\/div>\n<\/td>\n<td colspan=\"1\" rowspan=\"1\">\n<div class=\"magic-9\">S-20<\/div>\n<\/td>\n<\/tr>\n<tr>\n<td colspan=\"1\" rowspan=\"1\">\n<div class=\"magic-9\">apariencia<\/div>\n<\/td>\n<td colspan=\"1\" rowspan=\"1\">\n<div class=\"magic-10\">Grasa viscosa amb<\/div>\n<\/td>\n<td colspan=\"1\" rowspan=\"1\">\n<div class=\"magic-10\">S\u00f3lido cer\u00e1ceo de color amarillo tenue<\/div>\n<\/td>\n<td colspan=\"1\" rowspan=\"1\">\n<div class=\"magic-10\">S\u00f3lido cer\u00e1ceo de color amarillo tenue<\/div>\n<\/td>\n<td colspan=\"1\" rowspan=\"1\">\n<div class=\"magic-9\">L\u00edquido viscoso amb<\/div>\n<\/td>\n<\/tr>\n<tr>\n<td colspan=\"1\" rowspan=\"1\">\n<div class=\"magic-9\">Valor de hidroxilo (mgKOH\/g)<\/div>\n<\/td>\n<td colspan=\"1\" rowspan=\"1\">\n<div class=\"magic-10\">190-220<\/div>\n<\/td>\n<td colspan=\"1\" rowspan=\"1\">\n<div class=\"magic-10\">240-270<\/div>\n<\/td>\n<td colspan=\"1\" rowspan=\"1\">\n<div class=\"magic-10\">255-290<\/div>\n<\/td>\n<td colspan=\"1\" rowspan=\"1\">\n<div class=\"magic-9\">330-360<\/div>\n<\/td>\n<\/tr>\n<tr>\n<td colspan=\"1\" rowspan=\"1\">\n<div class=\"magic-9\">N\u00famero de saponificaci\u00f3n (mgKOH\/g)<\/div>\n<\/td>\n<td colspan=\"1\" rowspan=\"1\">\n<div class=\"magic-10\">140-160<\/div>\n<\/td>\n<td colspan=\"1\" rowspan=\"1\">\n<div class=\"magic-10\">145-160<\/div>\n<\/td>\n<td colspan=\"1\" rowspan=\"1\">\n<div class=\"magic-10\">140-150<\/div>\n<\/td>\n<td colspan=\"1\" rowspan=\"1\">\n<div class=\"magic-9\">160-175<\/div>\n<\/td>\n<\/tr>\n<tr>\n<td colspan=\"1\" rowspan=\"1\">\n<div class=\"magic-9\">N\u00famero de acidez (mgKOH\/g)<\/div>\n<\/td>\n<td colspan=\"1\" rowspan=\"1\">\n<div class=\"magic-10\">\u22648<\/div>\n<\/td>\n<td colspan=\"1\" rowspan=\"1\">\n<div class=\"magic-10\">\u226410<\/div>\n<\/td>\n<td colspan=\"1\" rowspan=\"1\">\n<div class=\"magic-10\">\u226410<\/div>\n<\/td>\n<td colspan=\"1\" rowspan=\"1\">\n<div class=\"magic-9\">\u226410<\/div>\n<\/td>\n<\/tr>\n<tr>\n<td colspan=\"1\" rowspan=\"1\">\n<div class=\"magic-9\">Agua%<\/div>\n<\/td>\n<td colspan=\"1\" rowspan=\"1\">\n<div class=\"magic-10\">\u22641,5<\/div>\n<\/td>\n<td colspan=\"1\" rowspan=\"1\">\n<div class=\"magic-10\">\u22641,5<\/div>\n<\/td>\n<td colspan=\"1\" rowspan=\"1\">\n<div class=\"magic-10\">\u22642<\/div>\n<\/td>\n<td colspan=\"1\" rowspan=\"1\">\n<div class=\"magic-9\">\u22642<\/div>\n<\/td>\n<\/tr>\n<tr>\n<td colspan=\"1\" rowspan=\"1\">\n<div class=\"magic-9\">HBL<\/div>\n<\/td>\n<td colspan=\"1\" rowspan=\"1\">\n<div class=\"magic-10\">4.3<\/div>\n<\/td>\n<td colspan=\"1\" rowspan=\"1\">\n<div class=\"magic-10\">4.7<\/div>\n<\/td>\n<td colspan=\"1\" rowspan=\"1\">\n<div class=\"magic-10\">6.7<\/div>\n<\/td>\n<td colspan=\"1\" rowspan=\"1\">\n<div class=\"magic-9\">8.6<\/div>\n<\/td>\n<\/tr>\n<\/tbody>\n<\/table>\n<\/div>\n<\/div>\n<div class=\"J_module\">\n<div class=\"ife-detail-decorate-table\">\n<table class=\"all magic-8\">\n<tbody>\n<tr>\n<td colspan=\"1\" rowspan=\"1\">\n<div class=\"magic-9\">Marca<\/div>\n<\/td>\n<td colspan=\"1\" rowspan=\"1\">\n<div class=\"magic-11\">Caracter\u00edsticas y aplicaciones<\/div>\n<\/td>\n<\/tr>\n<tr>\n<td colspan=\"1\" rowspan=\"1\">\n<div class=\"magic-9\">S-80<\/div>\n<\/td>\n<td colspan=\"1\" rowspan=\"1\">\n<div class=\"magic-11\">1. Dif\u00edcilmente disuelto en agua, disuelto en aceite caliente y disolvente org\u00e1nico, emulgente de lipofilicidad de alto grado.<br \/>\n2.Utilizado como explosivo en emulsi\u00f3n W\/O, agente de preparaci\u00f3n de textiles, emulsionante de lodo artesiano bien ponderado y producci\u00f3n de alimentos y<br \/>\ncosm\u00e9tico, dispersante en pintura perlada, estabilizador de di\u00f3xido de itanio, insecticida, agente humectante y emulgente en pesticida,<br \/>\ncosolvente de la producci\u00f3n de petr\u00f3leo, antioxidante del aceite de granizado, lubricante y agente suavizante de textiles y cuero.<\/div>\n<\/td>\n<\/tr>\n<tr>\n<td colspan=\"1\" rowspan=\"1\">\n<div class=\"magic-9\">S-60<\/div>\n<\/td>\n<td colspan=\"1\" rowspan=\"1\">\n<div class=\"magic-11\">1. Insoluble en agua, disperso en agua caliente.<br \/>\n2. Se utiliza como emulsionante y estabilizador en la industria alimentaria, pesticida, cosm\u00e9tica, pintura con cuentas y pl\u00e1stico, anlistatig, suavizante y aceite.<br \/>\nagente en la industria textil.<br \/>\n3. Utilizado como agente antigoteo de membranas de PVC, EVA, PE, dosis: 1.5-1.8% en PVC, 0.7-1% en EVA.<\/div>\n<\/td>\n<\/tr>\n<tr>\n<td colspan=\"1\" rowspan=\"1\">\n<div class=\"magic-9\">S40<\/div>\n<\/td>\n<td colspan=\"1\" rowspan=\"1\">\n<div class=\"magic-11\">1. Disuelto en aceite y disolvente org\u00e1nico, disperso en agua.<br \/>\n2. Utilizado como emulsionante y difusor en la industria alimentaria y cosm\u00e9tica, emulsionante y estabilizador de polimerizaci\u00f3n de l\u00e1tex. Dispersante de<br \/>\naceite de impresi\u00f3n, aditivo de pintura con cuentas resistente al agua textil y dispersante emulsionante de productos derivados del petr\u00f3leo.<br \/>\n3. Ampliamente utilizado como gotas antivaho de pol\u00edmero, dosificaci\u00f3n: 1-1.7% en PVC, 0.5-0.7% en EVA.<\/div>\n<\/td>\n<\/tr>\n<tr>\n<td colspan=\"1\" rowspan=\"1\">\n<div class=\"magic-9\">S-20<\/div>\n<\/td>\n<td colspan=\"1\" rowspan=\"1\">\n<div class=\"magic-11\">1. Disuelto en aceite y disolvente org\u00e1nico, disperso en agua hasta obtener un l\u00edquido semi-lechoso.<br \/>\n2. Se utiliza como emulsionante, estabilizador, lubricante, plastificante y desecante W\/O en la producci\u00f3n m\u00e9dica y cosm\u00e9tica. agente suavizante,<br \/>\nanlistatig y agente de acabado en la industria textil. Tambi\u00e9n se utiliza como lubricante para m\u00e1quinas.<\/div>\n<\/td>\n<\/tr>\n<\/tbody>\n<\/table>\n<\/div>\n<\/div>\n<p>&nbsp;<\/p>","protected":false},"excerpt":{"rendered":"<p>Nombre del producto: Span 80<br \/>\nN\u00famero CAS: 1338-43-8<br \/>\nFrecuencia intermedia: C24H44O6<br \/>\nApariencia: L\u00edquido viscoso<\/p>","protected":false},"featured_media":3321,"template":"","meta":{"_acf_changed":false,"_gspb_post_css":""},"product_brand":[],"product_cat":[55,102],"product_tag":[],"class_list":{"0":"post-3649","1":"product","2":"type-product","3":"status-publish","4":"has-post-thumbnail","6":"product_cat-food-additives","7":"product_cat-emulsifiers","9":"first","10":"instock","11":"shipping-taxable","12":"product-type-simple"},"acf":[],"_links":{"self":[{"href":"https:\/\/wpachem.com\/es\/wp-json\/wp\/v2\/product\/3649","targetHints":{"allow":["GET"]}}],"collection":[{"href":"https:\/\/wpachem.com\/es\/wp-json\/wp\/v2\/product"}],"about":[{"href":"https:\/\/wpachem.com\/es\/wp-json\/wp\/v2\/types\/product"}],"version-history":[{"count":0,"href":"https:\/\/wpachem.com\/es\/wp-json\/wp\/v2\/product\/3649\/revisions"}],"wp:featuredmedia":[{"embeddable":true,"href":"https:\/\/wpachem.com\/es\/wp-json\/wp\/v2\/media\/3321"}],"wp:attachment":[{"href":"https:\/\/wpachem.com\/es\/wp-json\/wp\/v2\/media?parent=3649"}],"wp:term":[{"taxonomy":"product_brand","embeddable":true,"href":"https:\/\/wpachem.com\/es\/wp-json\/wp\/v2\/product_brand?post=3649"},{"taxonomy":"product_cat","embeddable":true,"href":"https:\/\/wpachem.com\/es\/wp-json\/wp\/v2\/product_cat?post=3649"},{"taxonomy":"product_tag","embeddable":true,"href":"https:\/\/wpachem.com\/es\/wp-json\/wp\/v2\/product_tag?post=3649"}],"curies":[{"name":"wp","href":"https:\/\/api.w.org\/{rel}","templated":true}]}}