{"id":3652,"date":"2023-03-24T05:35:09","date_gmt":"2023-03-24T05:35:09","guid":{"rendered":"http:\/\/site2.easyceotech.com\/?post_type=product&#038;p=3652"},"modified":"2024-03-12T07:32:02","modified_gmt":"2024-03-12T07:32:02","slug":"tween-80","status":"publish","type":"product","link":"https:\/\/wpachem.com\/es\/producto\/tween-80\/","title":{"rendered":"entre 80"},"content":{"rendered":"<p style=\"font-style: inherit; font-weight: inherit;\">Composici\u00f3n qu\u00edmica :<br \/>\n\u00c9ster de \u00e1cido graso de glucitol por deshidrataci\u00f3n de polietilenglicol<br \/>\nTipo: no i\u00f3nico<br \/>\nModelo: T-80, T-60, T-40, T-20<\/p>\n<p><b><strong>Caracter\u00edsticas y aplicaciones:<\/strong><\/b><br \/>\n1. Se disuelve f\u00e1cilmente en varios disolventes como agua, carbinol, etanol y alcohol isoprop\u00edlico. Insoluble en aceite animal y mineral.<br \/>\nAceite, con propiedades de solubilizaci\u00f3n, emulsificaci\u00f3n, difusi\u00f3n y estabilizaci\u00f3n.<br \/>\n2. Se utiliza como emulgente, solubilizador, estabilizador, difusor y lubricante en la industria alimentaria, cosm\u00e9tica, m\u00e9dica, pl\u00e1stica y de pesticidas.<br \/>\nagente suavizante y anlistatig en la industria textil, componente del agente de hilatura de poliacrilonitrilo.<br \/>\n3. T-80 utilizado como agente humectante y dispersante en la producci\u00f3n de pel\u00edculas cinematogr\u00e1ficas con material sensible. Emulsionar el aceite de silicona durante la prueba.<br \/>\nde textil. Se utiliza como agente de preparaci\u00f3n y emulsionante de solubilidad en agua de cord\u00f3n de tela Chinlon y novamat, generalmente se mezcla con S-80.<span style=\"font-style: inherit; font-weight: inherit;\"><br \/>\n<\/span><\/p>\n<p><b><strong>Especificaci\u00f3n t\u00e9cnica :<\/strong><\/b><\/p>\n<table style=\"font-style: inherit; font-weight: inherit;\">\n<tbody style=\"font-style: inherit; font-weight: inherit;\">\n<tr style=\"font-style: inherit; font-weight: inherit;\">\n<td style=\"font-style: inherit; font-weight: 400;\" colspan=\"1\" rowspan=\"1\">Marca<\/td>\n<td style=\"font-style: inherit; font-weight: 400;\" colspan=\"1\" rowspan=\"1\">T-80<\/td>\n<td style=\"font-style: inherit; font-weight: 400;\" colspan=\"1\" rowspan=\"1\">T-60<\/td>\n<td style=\"font-style: inherit; font-weight: 400;\" colspan=\"1\" rowspan=\"1\">T-40<\/td>\n<td style=\"font-style: inherit; font-weight: 400;\" colspan=\"1\" rowspan=\"1\">T-20<\/td>\n<\/tr>\n<tr style=\"font-style: inherit; font-weight: inherit;\">\n<td style=\"font-style: inherit; font-weight: 400;\" colspan=\"1\" rowspan=\"1\">Apariencia<\/td>\n<td style=\"font-style: inherit; font-weight: 400;\" colspan=\"4\" rowspan=\"1\">L\u00edquido o crema aceitoso de amarillo a \u00e1mbar<\/td>\n<\/tr>\n<tr style=\"font-style: inherit; font-weight: inherit;\">\n<td style=\"font-style: inherit; font-weight: 400;\" colspan=\"1\" rowspan=\"1\">Valor de hidroxilo (mgKOH\/g)<\/td>\n<td style=\"font-style: inherit; font-weight: 400;\" colspan=\"1\" rowspan=\"1\">65-82<\/td>\n<td style=\"font-style: inherit; font-weight: 400;\" colspan=\"1\" rowspan=\"1\">80-105<\/td>\n<td style=\"font-style: inherit; font-weight: 400;\" colspan=\"1\" rowspan=\"1\">85-100<\/td>\n<td style=\"font-style: inherit; font-weight: 400;\" colspan=\"1\" rowspan=\"1\">90-110<\/td>\n<\/tr>\n<tr style=\"font-style: inherit; font-weight: inherit;\">\n<td style=\"font-style: inherit; font-weight: 400;\" colspan=\"1\" rowspan=\"1\">N\u00famero de saponificaci\u00f3n (mgKOH\/g)<\/td>\n<td style=\"font-style: inherit; font-weight: 400;\" colspan=\"1\" rowspan=\"1\">43-55<\/td>\n<td style=\"font-style: inherit; font-weight: 400;\" colspan=\"1\" rowspan=\"1\">40-55<\/td>\n<td style=\"font-style: inherit; font-weight: 400;\" colspan=\"1\" rowspan=\"1\">40-55<\/td>\n<td style=\"font-style: inherit; font-weight: 400;\" colspan=\"1\" rowspan=\"1\">40-50<\/td>\n<\/tr>\n<tr style=\"font-style: inherit; font-weight: inherit;\">\n<td style=\"font-style: inherit; font-weight: 400;\" colspan=\"1\" rowspan=\"1\">N\u00famero de acidez (mgKOH\/g)<\/td>\n<td style=\"font-style: inherit; font-weight: 400;\" colspan=\"1\" rowspan=\"1\">\u2264 2 .0<\/td>\n<td style=\"font-style: inherit; font-weight: 400;\" colspan=\"1\" rowspan=\"1\">\u2264 2,0<\/td>\n<td style=\"font-style: inherit; font-weight: 400;\" colspan=\"1\" rowspan=\"1\">\u2264 2,0<\/td>\n<td style=\"font-style: inherit; font-weight: 400;\" colspan=\"1\" rowspan=\"1\">\u2264 2,0<\/td>\n<\/tr>\n<tr style=\"font-style: inherit; font-weight: inherit;\">\n<td style=\"font-style: inherit; font-weight: 400;\" colspan=\"1\" rowspan=\"1\">Agua(%)<\/td>\n<td style=\"font-style: inherit; font-weight: 400;\" colspan=\"1\" rowspan=\"1\">\u2264 2,0<\/td>\n<td style=\"font-style: inherit; font-weight: 400;\" colspan=\"1\" rowspan=\"1\">\u2264 3<\/td>\n<td style=\"font-style: inherit; font-weight: 400;\" colspan=\"1\" rowspan=\"1\">\u2264 2,5<\/td>\n<td style=\"font-style: inherit; font-weight: 400;\" colspan=\"1\" rowspan=\"1\">\u2264 2,5<\/td>\n<\/tr>\n<tr style=\"font-style: inherit; font-weight: inherit;\">\n<td style=\"font-style: inherit; font-weight: 400;\" colspan=\"1\" rowspan=\"1\">HLB<\/td>\n<td style=\"font-style: inherit; font-weight: 400;\" colspan=\"1\" rowspan=\"1\">15<\/td>\n<td style=\"font-style: inherit; font-weight: 400;\" colspan=\"1\" rowspan=\"1\">14.5<\/td>\n<td style=\"font-style: inherit; font-weight: 400;\" colspan=\"1\" rowspan=\"1\">15.5<\/td>\n<td style=\"font-style: inherit; font-weight: 400;\" colspan=\"1\" rowspan=\"1\">16.5<\/td>\n<\/tr>\n<\/tbody>\n<\/table>\n<p>&nbsp;<\/p>","protected":false},"excerpt":{"rendered":"<p>Nombre del producto: Tween 80<br \/>\nN.\u00ba CAS: 9005-65-6<br \/>\nFrecuencia intermedia: C24H44O6<br \/>\nAspecto:Grasa viscosa de color \u00e1mbar.<\/p>","protected":false},"featured_media":3322,"template":"","meta":{"_acf_changed":false,"_gspb_post_css":""},"product_brand":[],"product_cat":[55,102],"product_tag":[],"class_list":{"0":"post-3652","1":"product","2":"type-product","3":"status-publish","4":"has-post-thumbnail","6":"product_cat-food-additives","7":"product_cat-emulsifiers","9":"first","10":"instock","11":"shipping-taxable","12":"product-type-simple"},"acf":[],"_links":{"self":[{"href":"https:\/\/wpachem.com\/es\/wp-json\/wp\/v2\/product\/3652","targetHints":{"allow":["GET"]}}],"collection":[{"href":"https:\/\/wpachem.com\/es\/wp-json\/wp\/v2\/product"}],"about":[{"href":"https:\/\/wpachem.com\/es\/wp-json\/wp\/v2\/types\/product"}],"version-history":[{"count":0,"href":"https:\/\/wpachem.com\/es\/wp-json\/wp\/v2\/product\/3652\/revisions"}],"wp:featuredmedia":[{"embeddable":true,"href":"https:\/\/wpachem.com\/es\/wp-json\/wp\/v2\/media\/3322"}],"wp:attachment":[{"href":"https:\/\/wpachem.com\/es\/wp-json\/wp\/v2\/media?parent=3652"}],"wp:term":[{"taxonomy":"product_brand","embeddable":true,"href":"https:\/\/wpachem.com\/es\/wp-json\/wp\/v2\/product_brand?post=3652"},{"taxonomy":"product_cat","embeddable":true,"href":"https:\/\/wpachem.com\/es\/wp-json\/wp\/v2\/product_cat?post=3652"},{"taxonomy":"product_tag","embeddable":true,"href":"https:\/\/wpachem.com\/es\/wp-json\/wp\/v2\/product_tag?post=3652"}],"curies":[{"name":"wp","href":"https:\/\/api.w.org\/{rel}","templated":true}]}}