{"id":3655,"date":"2023-03-24T05:38:52","date_gmt":"2023-03-24T05:38:52","guid":{"rendered":"http:\/\/site2.easyceotech.com\/?post_type=product&#038;p=3655"},"modified":"2024-03-12T07:31:56","modified_gmt":"2024-03-12T07:31:56","slug":"creatine-monohydrate","status":"publish","type":"product","link":"https:\/\/wpachem.com\/es\/producto\/creatine-monohydrate\/","title":{"rendered":"Monohidrato de Creatina"},"content":{"rendered":"<p><strong><span data-spm-anchor-id=\"a2700.details.0.i24.756a2610Y6qyVH\">Monohidrato de Creatina<\/span><\/strong>\u00a0CAS\u00a0<strong>6020-87-7\u00a0<\/strong>en el cuerpo humano se forma a partir de amino\u00e1cidos en el proceso qu\u00edmico del h\u00edgado, que luego se env\u00eda desde la sangre a las c\u00e9lulas musculares y se convierte en\u00a0<strong>Monohidrato de Creatina<\/strong>\u00a0CAS\u00a0<strong>6020-87-7<\/strong>\u00a0Sal en las c\u00e9lulas musculares. El movimiento de los m\u00fasculos humanos depende de la descomposici\u00f3n del trifosfato de adenosina para proporcionar energ\u00eda.<\/p>\n<p>&nbsp;<\/p>\n<p><strong>Monohidrato de Creatina<\/strong>\u00a0CAS\u00a0<strong>6020-87-7<\/strong>\u00a0Puede regular autom\u00e1ticamente el agua que ingresa al m\u00fasculo, expandir el m\u00fasculo y aumentar el poder explosivo del m\u00fasculo. Sint\u00e9tico\u00a0<strong>Monohidrato de Creatina<\/strong>\u00a0CAS\u00a0<strong>6020-87-7<\/strong>\u00a0Puede utilizarse como complemento nutricional para promover la adaptaci\u00f3n del m\u00fasculo esquel\u00e9tico al ejercicio extenuante y combatir la fatiga en personas d\u00e9biles.<\/p>\n<p>Solicitud<\/p>\n<p>&nbsp;<\/p>\n<p><strong><span data-spm-anchor-id=\"a2700.details.0.i25.756a2610Y6qyVH\">Monohidrato de Creatina<\/span><\/strong>\u00a0CAS\u00a0<strong>6020-87-7<\/strong>\u00a0Se puede convertir en fosfato de creatina bajo la acci\u00f3n de la creatina quinasa, a fin de aumentar la reserva de metabolismo energ\u00e9tico del fosfato de creatina. los cambios de\u00a0<strong>Monohidrato de Creatina<\/strong>\u00a0CAS\u00a0<strong>6020-87-7<\/strong>\u00a0El metabolismo inducido por el monohidrato de creatina puede cambiar el crecimiento y desarrollo originales y la calidad de la carne del cuerpo.<\/p>\n<p>&nbsp;<\/p>\n<p>Aunque existen pocos informes sobre la aplicaci\u00f3n de\u00a0<strong>Monohidrato de Creatina<\/strong>\u00a0CAS\u00a0<strong>6020-87-7<\/strong>\u00a0en la producci\u00f3n ganadera y av\u00edcola, y los resultados son bastante diferentes, proporciona un m\u00e9todo nuevo y eficaz para mejorar la calidad de la carne de ganado y aves y muestra un gran potencial de aplicaci\u00f3n.<\/p>\n<p>&nbsp;<\/p>\n<p><strong>Monohidrato de Creatina<\/strong>\u00a0CAS\u00a0<strong>6020-87-7<\/strong>\u00a0Se usa ampliamente en alimentos, bebidas, aditivos, etc. Puede inhibir la generaci\u00f3n de factores de fatiga muscular, reducir la fatiga y la tensi\u00f3n.\u00a0<strong>Monohidrato de Creatina<\/strong>\u00a0CAS\u00a0<strong>6020-87-7\u00a0<\/strong>puede restaurar la aptitud f\u00edsica, acelerar la s\u00edntesis de prote\u00ednas humanas, fortalecer los m\u00fasculos, mejorar la elasticidad muscular, reducir el colesterol, los l\u00edpidos en sangre y los niveles de glucosa en sangre y retrasar el envejecimiento.<\/p>","protected":false},"excerpt":{"rendered":"<p>Nombre del producto: monohidrato de creatina<br \/>\nN\u00famero CAS: 6020-87-7<br \/>\nFrecuencia intermedia: C4H11N3O3<br \/>\nApariencia: poder blanco<\/p>","protected":false},"featured_media":0,"template":"","meta":{"_acf_changed":false,"_gspb_post_css":""},"product_brand":[],"product_cat":[55,103],"product_tag":[],"class_list":{"0":"post-3655","1":"product","2":"type-product","3":"status-publish","5":"product_cat-food-additives","6":"product_cat-nutrition-enhancer","8":"first","9":"outofstock","10":"shipping-taxable","11":"product-type-simple"},"acf":[],"_links":{"self":[{"href":"https:\/\/wpachem.com\/es\/wp-json\/wp\/v2\/product\/3655","targetHints":{"allow":["GET"]}}],"collection":[{"href":"https:\/\/wpachem.com\/es\/wp-json\/wp\/v2\/product"}],"about":[{"href":"https:\/\/wpachem.com\/es\/wp-json\/wp\/v2\/types\/product"}],"version-history":[{"count":0,"href":"https:\/\/wpachem.com\/es\/wp-json\/wp\/v2\/product\/3655\/revisions"}],"wp:attachment":[{"href":"https:\/\/wpachem.com\/es\/wp-json\/wp\/v2\/media?parent=3655"}],"wp:term":[{"taxonomy":"product_brand","embeddable":true,"href":"https:\/\/wpachem.com\/es\/wp-json\/wp\/v2\/product_brand?post=3655"},{"taxonomy":"product_cat","embeddable":true,"href":"https:\/\/wpachem.com\/es\/wp-json\/wp\/v2\/product_cat?post=3655"},{"taxonomy":"product_tag","embeddable":true,"href":"https:\/\/wpachem.com\/es\/wp-json\/wp\/v2\/product_tag?post=3655"}],"curies":[{"name":"wp","href":"https:\/\/api.w.org\/{rel}","templated":true}]}}