{"id":3658,"date":"2023-03-24T05:40:58","date_gmt":"2023-03-24T05:40:58","guid":{"rendered":"http:\/\/site2.easyceotech.com\/?post_type=product&#038;p=3658"},"modified":"2024-03-12T07:31:52","modified_gmt":"2024-03-12T07:31:52","slug":"taurine","status":"publish","type":"product","link":"https:\/\/wpachem.com\/es\/producto\/taurine\/","title":{"rendered":"taurina"},"content":{"rendered":"<p><strong data-spm-anchor-id=\"a2700.details.0.i24.21d33cbcIEJbfS\">TaurinaDetalles r\u00e1pidos<\/strong><\/p>\n<p>Nombre qu\u00edmico: Taurina<\/p>\n<p>N\u00famero CAS: 107-35-7<\/p>\n<p>F\u00f3rmula molecular: C2H7NO3S<\/p>\n<p>Peso molecular: 125,15<\/p>\n<p>Aspecto: Polvo cristalino blanco<\/p>\n<p>Ensayo: 99%<\/p>\n<p><strong>Propiedades t\u00edpicas de la taurina<\/strong><\/p>\n<table>\n<tbody>\n<tr>\n<td>Art\u00edculo<\/td>\n<td>Est\u00e1ndar de JP16<\/td>\n<td>Est\u00e1ndar de USP38<\/td>\n<\/tr>\n<tr>\n<td>Caracter\u00edsticas<\/td>\n<td colspan=\"2\">Un polvo cristalino blanco, inodoro.<\/td>\n<\/tr>\n<tr>\n<td>Identificaci\u00f3n<\/td>\n<td>Positivo<\/td>\n<td>Positivo<\/td>\n<\/tr>\n<tr>\n<td>Claridad y color de la soluci\u00f3n.<\/td>\n<td>Claro e incoloro<\/td>\n<td>\u2014\u2014\u2014-<\/td>\n<\/tr>\n<tr>\n<td>Cloruro<\/td>\n<td>0,011% m\u00e1x.<\/td>\n<td>0,05% m\u00e1x.<\/td>\n<\/tr>\n<tr>\n<td>Sulfato<\/td>\n<td>0,010% m\u00e1x.<\/td>\n<td>0,03%m\u00e1x<\/td>\n<\/tr>\n<tr>\n<td>Amonio<\/td>\n<td>0.02% m\u00e1x.<\/td>\n<td>\u2014\u2014\u2014\u2013<\/td>\n<\/tr>\n<tr>\n<td>Metales pesados<\/td>\n<td>10 ppm m\u00e1ximo<\/td>\n<td>15 ppm m\u00e1ximo<\/td>\n<\/tr>\n<tr>\n<td>Hierro<\/td>\n<td>10 ppm m\u00e1ximo<\/td>\n<td>30 ppm m\u00e1ximo<\/td>\n<\/tr>\n<tr>\n<td>PH<\/td>\n<td>4.1~5.6<\/td>\n<td>\u2014\u2014\u2014-<\/td>\n<\/tr>\n<tr>\n<td>Sustancias relacionadas<\/td>\n<td>Cumplir con el requisito<\/td>\n<td>\u2014\u2014\u2014-<\/td>\n<\/tr>\n<tr>\n<td>P\u00e9rdida por secado<\/td>\n<td>0.20%(105\u2103, 2 horas) m\u00e1x.<\/td>\n<td>0,3%(105\u2103, 3 horas) m\u00e1x.<\/td>\n<\/tr>\n<tr>\n<td>Residuos en ignici\u00f3n<\/td>\n<td>0,1% m\u00e1x.<\/td>\n<td>0,3%m\u00e1x.<\/td>\n<\/tr>\n<tr>\n<td>Ensayo (seco)<\/td>\n<td>99.0%~101.0%<\/td>\n<td>98.5%~101.5%<\/td>\n<\/tr>\n<tr>\n<td>Recuento total de placas<\/td>\n<td>No m\u00e1s de 100\/g<\/td>\n<td>No m\u00e1s de 1.000\/g<\/td>\n<\/tr>\n<tr>\n<td>Moho<\/td>\n<td>No m\u00e1s de 50\/g<\/td>\n<td>No m\u00e1s de 50\/g<\/td>\n<\/tr>\n<tr>\n<td>Levadura<\/td>\n<td>No m\u00e1s de 50\/g<\/td>\n<td>No m\u00e1s de 50\/g<\/td>\n<\/tr>\n<tr>\n<td>Salmonela<\/td>\n<td>Negativo\/385g<\/td>\n<td>Negativo\/385g<\/td>\n<\/tr>\n<tr>\n<td>Estafilococo aureus<\/td>\n<td>Negativo\/25g<\/td>\n<td>Netativo\/25g<\/td>\n<\/tr>\n<tr>\n<td>Compuestos relacionados<\/td>\n<td>Cumplir con el requisito<\/td>\n<td>0,5% m\u00e1x.<\/td>\n<\/tr>\n<tr>\n<td>Solventes residuales<\/td>\n<td>\u2014\u2014\u2014\u2013<\/td>\n<td>M\u00e1s al requisito<\/td>\n<\/tr>\n<\/tbody>\n<\/table>\n<p><strong>TaurinaAplicaci\u00f3n<\/strong><\/p>\n<p>1.Suplemento de taurina<\/p>\n<p>Aunque la taurina no es un amino\u00e1cido que constituya una prote\u00edna, est\u00e1 ampliamente distribuida y es un amino\u00e1cido esencial para el crecimiento humano. Desempe\u00f1a un papel importante en la promoci\u00f3n del crecimiento de \u00f3rganos importantes como el cerebro de los ni\u00f1os, especialmente los beb\u00e9s y los ni\u00f1os peque\u00f1os.<\/p>\n<p>Se utiliza como fortificante nutricional (especialmente para lactantes sin lactancia materna).<\/p>\n<p>2.Taurina en bebidas energ\u00e9ticas<\/p>\n<p>Es un importante aditivo energ\u00e9tico para los alimentos de nutrici\u00f3n deportiva.<\/p>\n<p>3.Taurina en medicina<\/p>\n<p>Se utiliza para tratar enfermedades como resfriados, fiebre, neuralgia, amigdalitis, bronquitis, artritis reumatoide e intoxicaciones por medicamentos.<\/p>\n<p>4.Taurina en otras industrias<\/p>\n<p>Se utiliza en la industria de los detergentes y en la producci\u00f3n de agentes blanqueadores fluorescentes. Tambi\u00e9n se utiliza en otros reactivos bioqu\u00edmicos y de s\u00edntesis org\u00e1nica.<\/p>\n<p>5.Efectos taurinos<\/p>\n<p>Es un agonista end\u00f3geno no selectivo del receptor de glicina. Es un amino\u00e1cido sulfonado esencial que regula la apoptosis en algunas c\u00e9lulas y participa en muchas actividades metab\u00f3licas del cuerpo. Son los metabolitos de la metionina y la ciste\u00edna.<\/p>","protected":false},"excerpt":{"rendered":"<p>Nombre del producto: taurina<br \/>\nN\u00famero CAS: 107-35-7<br \/>\nFrecuencia intermedia: C2H7NO3S<br \/>\nApariencia: poder blanco<\/p>","protected":false},"featured_media":2172,"template":"","meta":{"_acf_changed":false,"_gspb_post_css":""},"product_brand":[],"product_cat":[55,102],"product_tag":[],"class_list":{"0":"post-3658","1":"product","2":"type-product","3":"status-publish","4":"has-post-thumbnail","6":"product_cat-food-additives","7":"product_cat-emulsifiers","9":"first","10":"instock","11":"shipping-taxable","12":"product-type-simple"},"acf":[],"_links":{"self":[{"href":"https:\/\/wpachem.com\/es\/wp-json\/wp\/v2\/product\/3658","targetHints":{"allow":["GET"]}}],"collection":[{"href":"https:\/\/wpachem.com\/es\/wp-json\/wp\/v2\/product"}],"about":[{"href":"https:\/\/wpachem.com\/es\/wp-json\/wp\/v2\/types\/product"}],"version-history":[{"count":0,"href":"https:\/\/wpachem.com\/es\/wp-json\/wp\/v2\/product\/3658\/revisions"}],"wp:featuredmedia":[{"embeddable":true,"href":"https:\/\/wpachem.com\/es\/wp-json\/wp\/v2\/media\/2172"}],"wp:attachment":[{"href":"https:\/\/wpachem.com\/es\/wp-json\/wp\/v2\/media?parent=3658"}],"wp:term":[{"taxonomy":"product_brand","embeddable":true,"href":"https:\/\/wpachem.com\/es\/wp-json\/wp\/v2\/product_brand?post=3658"},{"taxonomy":"product_cat","embeddable":true,"href":"https:\/\/wpachem.com\/es\/wp-json\/wp\/v2\/product_cat?post=3658"},{"taxonomy":"product_tag","embeddable":true,"href":"https:\/\/wpachem.com\/es\/wp-json\/wp\/v2\/product_tag?post=3658"}],"curies":[{"name":"wp","href":"https:\/\/api.w.org\/{rel}","templated":true}]}}