{"id":3661,"date":"2023-03-24T05:43:01","date_gmt":"2023-03-24T05:43:01","guid":{"rendered":"http:\/\/site2.easyceotech.com\/?post_type=product&#038;p=3661"},"modified":"2024-03-12T07:31:44","modified_gmt":"2024-03-12T07:31:44","slug":"glycine","status":"publish","type":"product","link":"https:\/\/wpachem.com\/es\/producto\/glycine\/","title":{"rendered":"glicina"},"content":{"rendered":"<p><strong data-spm-anchor-id=\"a2700.details.0.i23.4ac626ae2GLFZ9\">GlicinaCAS 56-40-6Detalles r\u00e1pidos<\/strong><\/p>\n<p>Nombre qu\u00edmico: glicina<\/p>\n<p>CAS: 56-40-6<\/p>\n<p>F\u00f3rmula molecular: C2H5NO2<\/p>\n<p>Peso molecular: 75,07<\/p>\n<p>Estructura qu\u00edmica:<\/p>\n<p>Apariencia: Polvo de cristal blanco<\/p>\n<p>Ensayo: 98,5 -101,5%<\/p>\n<p><strong>GlicinaCAS 56-40-6Propiedades t\u00edpicas<\/strong><\/p>\n<table cellspacing=\"1\" bgcolor=\"#CCCCCC\">\n<tbody>\n<tr>\n<td align=\"center\" bgcolor=\"#FFFFFF\">Calificaci\u00f3n<\/td>\n<td align=\"center\" bgcolor=\"#FFFFFF\">Grado m\u00e9dico<\/td>\n<td align=\"center\" bgcolor=\"#FFFFFF\">Grado de alimentaci\u00f3n<\/td>\n<td align=\"center\" bgcolor=\"#FFFFFF\">jard\u00edn industrial<\/td>\n<\/tr>\n<tr>\n<td align=\"center\" bgcolor=\"#FFFFFF\">Est\u00e1ndar<\/td>\n<td align=\"center\" bgcolor=\"#FFFFFF\">USP-34<\/td>\n<td align=\"center\" bgcolor=\"#FFFFFF\">GB25542-2010<\/td>\n<td align=\"center\" bgcolor=\"#FFFFFF\">YotechEst\u00e1ndar<\/td>\n<\/tr>\n<tr>\n<td bgcolor=\"#FFFFFF\">Ensayo %<\/td>\n<td bgcolor=\"#FFFFFF\">98.5-101.5<\/td>\n<td bgcolor=\"#FFFFFF\">\u226599,0<\/td>\n<td bgcolor=\"#FFFFFF\">\u226598,5<\/td>\n<\/tr>\n<tr>\n<td bgcolor=\"#FFFFFF\">P\u00e9rdida por secado %<\/td>\n<td bgcolor=\"#FFFFFF\">\u22640,2<\/td>\n<td bgcolor=\"#FFFFFF\">\u22640,2<\/td>\n<td bgcolor=\"#FFFFFF\">\u22640,5<\/td>\n<\/tr>\n<tr>\n<td bgcolor=\"#FFFFFF\">Metal pesado %<\/td>\n<td bgcolor=\"#FFFFFF\">\u22640,002<\/td>\n<td bgcolor=\"#FFFFFF\">\u22640,002<\/td>\n<td bgcolor=\"#FFFFFF\">\u22640,003<\/td>\n<\/tr>\n<tr>\n<td bgcolor=\"#FFFFFF\">Cloruro(Cl) %<\/td>\n<td bgcolor=\"#FFFFFF\">\u22640,007<\/td>\n<td bgcolor=\"#FFFFFF\">\u22640,4<\/td>\n<td bgcolor=\"#FFFFFF\">\u22640,5<\/td>\n<\/tr>\n<tr>\n<td bgcolor=\"#FFFFFF\">Residuo de encendido %<\/td>\n<td bgcolor=\"#FFFFFF\">\u22640,1<\/td>\n<td bgcolor=\"#FFFFFF\">\u22640,1<\/td>\n<td bgcolor=\"#FFFFFF\">\u22640,1<\/td>\n<\/tr>\n<tr>\n<td bgcolor=\"#FFFFFF\">Sulfato(SO42-) %<\/td>\n<td bgcolor=\"#FFFFFF\">\u22640,0065<\/td>\n<td bgcolor=\"#FFFFFF\">\u22640,007<\/td>\n<td bgcolor=\"#FFFFFF\">\u22640,01<\/td>\n<\/tr>\n<tr>\n<td bgcolor=\"#FFFFFF\">Hierro (Fe) %<\/td>\n<td bgcolor=\"#FFFFFF\">\u22640,001<\/td>\n<td bgcolor=\"#FFFFFF\">\u22640,003<\/td>\n<td bgcolor=\"#FFFFFF\">\u22640,003<\/td>\n<\/tr>\n<tr>\n<td bgcolor=\"#FFFFFF\">Sal de amonio (NH4) %<\/td>\n<td bgcolor=\"#FFFFFF\">\u22640,01<\/td>\n<td bgcolor=\"#FFFFFF\">\u22640,02<\/td>\n<td bgcolor=\"#FFFFFF\">\u22640,02<\/td>\n<\/tr>\n<tr>\n<td bgcolor=\"#FFFFFF\">Ars\u00e9nico(As) %<\/td>\n<td bgcolor=\"#FFFFFF\">\u22640,0001<\/td>\n<td bgcolor=\"#FFFFFF\">\u22640,0003<\/td>\n<td bgcolor=\"#FFFFFF\">\u22640,0005<\/td>\n<\/tr>\n<tr>\n<td bgcolor=\"#FFFFFF\">Plomo(Pb) %<\/td>\n<td bgcolor=\"#FFFFFF\">\u22640,0001<\/td>\n<td bgcolor=\"#FFFFFF\">\u22640,0005<\/td>\n<td bgcolor=\"#FFFFFF\">\u22640,0005<\/td>\n<\/tr>\n<tr>\n<td bgcolor=\"#FFFFFF\">PH(5%) %<\/td>\n<td bgcolor=\"#FFFFFF\">\u22645,5-7,0<\/td>\n<td bgcolor=\"#FFFFFF\">\u22645,5-7,0<\/td>\n<td bgcolor=\"#FFFFFF\">\u22645,5-7,0<\/td>\n<\/tr>\n<\/tbody>\n<\/table>\n<p><strong>GlicinaCAS 56-40-6Uso<\/strong><\/p>\n<p>1. Este producto se utiliza como complemento nutricional para la alimentaci\u00f3n de pollos.<\/p>\n<p>2. El clorhidrato de \u00e9ster et\u00edlico de glicina, que se utiliza en la s\u00edntesis de insecticidas piretroides en la producci\u00f3n de pesticidas, tambi\u00e9n puede sintetizar el fungicida, la iprodiona y el herbicida glifosato s\u00f3lido.<\/p>\n<p><strong>Embalaje de glicinaCAS 56-40-6<\/strong><\/p>\n<p>25 kg\/tambor seg\u00fan el requisito de los clientes.<\/p>","protected":false},"excerpt":{"rendered":"<p>Nombre del producto:Glicina<br \/>\nN.\u00ba CAS: 56-40-6<br \/>\nMF:C2H5NO2<br \/>\nApariencia: poder blanco<\/p>","protected":false},"featured_media":2157,"template":"","meta":{"_acf_changed":false,"_gspb_post_css":""},"product_brand":[],"product_cat":[55,102],"product_tag":[],"class_list":{"0":"post-3661","1":"product","2":"type-product","3":"status-publish","4":"has-post-thumbnail","6":"product_cat-food-additives","7":"product_cat-emulsifiers","9":"first","10":"instock","11":"shipping-taxable","12":"product-type-simple"},"acf":[],"_links":{"self":[{"href":"https:\/\/wpachem.com\/es\/wp-json\/wp\/v2\/product\/3661","targetHints":{"allow":["GET"]}}],"collection":[{"href":"https:\/\/wpachem.com\/es\/wp-json\/wp\/v2\/product"}],"about":[{"href":"https:\/\/wpachem.com\/es\/wp-json\/wp\/v2\/types\/product"}],"version-history":[{"count":0,"href":"https:\/\/wpachem.com\/es\/wp-json\/wp\/v2\/product\/3661\/revisions"}],"wp:featuredmedia":[{"embeddable":true,"href":"https:\/\/wpachem.com\/es\/wp-json\/wp\/v2\/media\/2157"}],"wp:attachment":[{"href":"https:\/\/wpachem.com\/es\/wp-json\/wp\/v2\/media?parent=3661"}],"wp:term":[{"taxonomy":"product_brand","embeddable":true,"href":"https:\/\/wpachem.com\/es\/wp-json\/wp\/v2\/product_brand?post=3661"},{"taxonomy":"product_cat","embeddable":true,"href":"https:\/\/wpachem.com\/es\/wp-json\/wp\/v2\/product_cat?post=3661"},{"taxonomy":"product_tag","embeddable":true,"href":"https:\/\/wpachem.com\/es\/wp-json\/wp\/v2\/product_tag?post=3661"}],"curies":[{"name":"wp","href":"https:\/\/api.w.org\/{rel}","templated":true}]}}