{"id":3667,"date":"2023-03-24T05:48:41","date_gmt":"2023-03-24T05:48:41","guid":{"rendered":"http:\/\/site2.easyceotech.com\/?post_type=product&#038;p=3667"},"modified":"2024-03-12T07:31:32","modified_gmt":"2024-03-12T07:31:32","slug":"coenzyme-q10","status":"publish","type":"product","link":"https:\/\/wpachem.com\/es\/producto\/coenzyme-q10\/","title":{"rendered":"Coenzima Q10"},"content":{"rendered":"<h1 data-spm-anchor-id=\"a2700.details.0.i25.28f73e4f2523if\">Coenzima Q10 CAS 303-98-0 del polvo de la ubiquinona COQ10 de la venta caliente de Julyherb<\/h1>\n<p><img decoding=\"async\" src=\"https:\/\/s.alicdn.com\/@sc04\/kf\/H07d16adc811d463f93e11f7d563bf007c\/257302160\/H07d16adc811d463f93e11f7d563bf007c.jpg?quality=close\" alt=\"Coenzima Q10 CAS 303-98-0 del polvo de la ubiquinona COQ10 de la venta caliente de Julyherb\" width=\"750\" height=\"36.80371352785146\" data-src=\"\/\/s.alicdn.com\/@sc04\/kf\/H07d16adc811d463f93e11f7d563bf007c\/257302160\/H07d16adc811d463f93e11f7d563bf007c.jpg?quality=close\" data-alt=\"Julyherb hot sell Ubiquinone COQ10 Powder Coenzyme Q10 CAS 303-98-0\" data-width=\"750\" \/><\/p>\n<table border=\"1\">\n<tbody>\n<tr>\n<td>Nombre:<\/td>\n<td>Coenzima Q10 CAS 303-98-0 del polvo de la ubiquinona COQ10 de la venta caliente de Julyherb<\/td>\n<\/tr>\n<tr>\n<td>Sin\u00f3nimos:<\/td>\n<td>Ubidecarenona;Coenzima Q10;COQ 10<\/td>\n<\/tr>\n<tr>\n<td>TAS:<\/td>\n<td>303-98-0<\/td>\n<\/tr>\n<tr>\n<td>F\u00f3rmula molecular:<\/td>\n<td>C59H90O4<\/td>\n<\/tr>\n<tr>\n<td>Peso molecular:<\/td>\n<td>863.34<\/td>\n<\/tr>\n<tr>\n<td>Apariencia:<\/td>\n<td>Naranja en polvo<\/td>\n<\/tr>\n<tr>\n<td>Solicitud:<\/td>\n<td>Alimentos para el cuidado de la salud<\/td>\n<\/tr>\n<tr>\n<td>Ensayo:<\/td>\n<td>98%<\/td>\n<\/tr>\n<\/tbody>\n<\/table>\n<p>&nbsp;<\/p>\n<p><strong>\u00bfQu\u00e9 es la coenzima Q10?<\/strong><\/p>\n<p>El polvo de ubiquinona COQ10, tambi\u00e9n conocido como CoQ10 o ubiquinona 10, es un compuesto quinonoide extra\u00eddo mediante fermentaci\u00f3n microbiana. Es una 1,4-benzoquinona, donde Q se refiere al grupo qu\u00edmico quinona y 10 se refiere al n\u00famero de subunidades qu\u00edmicas de isoprenilo en su cola.<\/p>","protected":false},"excerpt":{"rendered":"<p>Nombre del producto: Coenzima Q10<br \/>\nN.\u00ba CAS: 303-98-0<br \/>\nN\u00famero de modelo: C59H90O4<br \/>\nAspecto: polvo amarillo<\/p>","protected":false},"featured_media":2187,"template":"","meta":{"_acf_changed":false,"_gspb_post_css":""},"product_brand":[],"product_cat":[55,102],"product_tag":[],"class_list":{"0":"post-3667","1":"product","2":"type-product","3":"status-publish","4":"has-post-thumbnail","6":"product_cat-food-additives","7":"product_cat-emulsifiers","9":"first","10":"instock","11":"shipping-taxable","12":"product-type-simple"},"acf":[],"_links":{"self":[{"href":"https:\/\/wpachem.com\/es\/wp-json\/wp\/v2\/product\/3667","targetHints":{"allow":["GET"]}}],"collection":[{"href":"https:\/\/wpachem.com\/es\/wp-json\/wp\/v2\/product"}],"about":[{"href":"https:\/\/wpachem.com\/es\/wp-json\/wp\/v2\/types\/product"}],"version-history":[{"count":0,"href":"https:\/\/wpachem.com\/es\/wp-json\/wp\/v2\/product\/3667\/revisions"}],"wp:featuredmedia":[{"embeddable":true,"href":"https:\/\/wpachem.com\/es\/wp-json\/wp\/v2\/media\/2187"}],"wp:attachment":[{"href":"https:\/\/wpachem.com\/es\/wp-json\/wp\/v2\/media?parent=3667"}],"wp:term":[{"taxonomy":"product_brand","embeddable":true,"href":"https:\/\/wpachem.com\/es\/wp-json\/wp\/v2\/product_brand?post=3667"},{"taxonomy":"product_cat","embeddable":true,"href":"https:\/\/wpachem.com\/es\/wp-json\/wp\/v2\/product_cat?post=3667"},{"taxonomy":"product_tag","embeddable":true,"href":"https:\/\/wpachem.com\/es\/wp-json\/wp\/v2\/product_tag?post=3667"}],"curies":[{"name":"wp","href":"https:\/\/api.w.org\/{rel}","templated":true}]}}