{"id":3670,"date":"2023-03-24T05:50:37","date_gmt":"2023-03-24T05:50:37","guid":{"rendered":"http:\/\/site2.easyceotech.com\/?post_type=product&#038;p=3670"},"modified":"2024-03-12T07:31:26","modified_gmt":"2024-03-12T07:31:26","slug":"calcium-caseinate","status":"publish","type":"product","link":"https:\/\/wpachem.com\/es\/producto\/calcium-caseinate\/","title":{"rendered":"Caseinato de calcio"},"content":{"rendered":"<div id=\"ali-anchor-AliPostDhMb-t00ew\" class=\"mceSectionContainer\" data-section=\"AliPostDhMb-t00ew\" data-section-title=\"Product Description\">\n<div>\n<p><strong><span data-spm-anchor-id=\"a2700.details.0.i23.44a75ac9FydAvq\">Polvo de quimosina de cuajo enzim\u00e1tico de alta calidad CAS 9005-43-0<\/span><\/strong><\/p>\n<p>&nbsp;<\/p>\n<table border=\"0\" cellspacing=\"0\">\n<tbody>\n<tr>\n<td valign=\"top\">nombre del producto<\/td>\n<td valign=\"top\"><strong>Polvo de quimosina de cuajo enzim\u00e1tico de alta calidad CAS 9005-43-0<\/strong><\/td>\n<\/tr>\n<tr>\n<td valign=\"top\">CAS<\/td>\n<td valign=\"top\">9005-43-0<\/td>\n<\/tr>\n<tr>\n<td valign=\"top\">organol\u00e9ptico<\/td>\n<td valign=\"top\">Polvo blanco<\/td>\n<\/tr>\n<tr>\n<td valign=\"top\">Calificaci\u00f3n<\/td>\n<td valign=\"top\">Grado de comida<\/td>\n<\/tr>\n<tr>\n<td valign=\"top\">Ensayo<\/td>\n<td valign=\"top\">99%<\/td>\n<\/tr>\n<tr>\n<td valign=\"top\">MF<\/td>\n<td valign=\"top\">C6H12O6<\/td>\n<\/tr>\n<tr>\n<td valign=\"top\">Almacenamiento<\/td>\n<td valign=\"top\">Almacenado en un recipiente fresco y seco y bien cerrado, mantener alejado de la humedad y de la luz\/calor fuerte.<\/td>\n<\/tr>\n<tr>\n<td valign=\"top\">Duraci\u00f3n<\/td>\n<td valign=\"top\">24 meses<\/td>\n<\/tr>\n<\/tbody>\n<\/table>\n<\/div>\n<\/div>\n<p>&nbsp;<\/p>\n<p><strong>Descripci\u00f3n de la enzima quimosina:<\/strong><\/p>\n<p>El uso de alta tecnolog\u00eda de fermentaci\u00f3n de microorganismos, refinando la purificaci\u00f3n de agentes enzim\u00e1ticos s\u00f3lidos, se aplica ampliamente a la industria l\u00e1ctea, preparaci\u00f3n indispensable en la producci\u00f3n del m\u00e9todo enzim\u00e1tico para hacer case\u00edna, queso y cuajada de pud\u00edn.<\/p>\n<div>\n<div>\n<div>\n<div>\n<div>\n<div><strong>Funci\u00f3n de la enzima quimosina:<\/strong><\/div>\n<div>\n<div>Cuajo de queso La quimosina promueve la coagulaci\u00f3n de la leche cruda y proporciona las condiciones para la descarga del suero. Cuajo de queso<br \/>\nLa quimosina promueve la coagulaci\u00f3n de la leche cruda y proporciona las condiciones para la descarga del suero.<\/p>\n<div>\n<p>El cuajo de queso quimosina se utiliza ampliamente en la fabricaci\u00f3n de queso y yogur.<\/p>\n<div>\n<div>\n<div>\n<div>\n<div>\n<div><strong>Aplicaci\u00f3n de la enzima quimosina:<\/strong><\/div>\n<\/div>\n<\/div>\n<\/div>\n<\/div>\n<\/div>\n<\/div>\n<\/div>\n<div>1.El cuajo es una preparaci\u00f3n indispensable para la producci\u00f3n de queso y su valor de producci\u00f3n representa 15,51 TP3T del valor de producci\u00f3n total de la preparaci\u00f3n enzim\u00e1tica. La fuente principal es la mucosa g\u00e1strica del ternero al destete.<br \/>\n2.El cuajo promueve la coagulaci\u00f3n de la leche cruda y proporciona las condiciones para la descarga del suero.<br \/>\n3.El cuajo se utiliza ampliamente en la fabricaci\u00f3n de queso y yogur.<\/div>\n<div>palabras clave: quimosina en polvo; cuajo de enzima quimosina; quimosina; CAS 9005-43-0;<\/div>\n<div><\/div>\n<\/div>\n<\/div>\n<\/div>\n<\/div>\n<\/div>\n<\/div>\n<p>Detalle de embalaje<span data-spm-anchor-id=\"a2700.details.0.i24.44a75ac9FydAvq\">:Embalado en bidones de papel de 40cmX50cm y dos bolsas de pl\u00e1stico en su interior.<\/span><\/p>\n<p>Peso neto: 25 kg\/tambor.<\/p>\n<p>Situaci\u00f3n de almacenamiento: Almacenado en un recipiente fresco y seco y bien cerrado, mant\u00e9ngalo alejado de la humedad y la luz\/calor intenso.<\/p>\n<p>Vida \u00fatil: Dos a\u00f1os en buenas condiciones de almacenamiento y lejos de la luz solar directa.<\/p>","protected":false},"excerpt":{"rendered":"<p>Nombre del producto:Caseinato de calcio<br \/>\nN.\u00ba CAS: 9005-43-0<br \/>\nMF:<br \/>\nApariencia: poder blanco<\/p>","protected":false},"featured_media":2182,"template":"","meta":{"_acf_changed":false,"_gspb_post_css":""},"product_brand":[],"product_cat":[55,102],"product_tag":[],"class_list":{"0":"post-3670","1":"product","2":"type-product","3":"status-publish","4":"has-post-thumbnail","6":"product_cat-food-additives","7":"product_cat-emulsifiers","9":"first","10":"instock","11":"shipping-taxable","12":"product-type-simple"},"acf":[],"_links":{"self":[{"href":"https:\/\/wpachem.com\/es\/wp-json\/wp\/v2\/product\/3670","targetHints":{"allow":["GET"]}}],"collection":[{"href":"https:\/\/wpachem.com\/es\/wp-json\/wp\/v2\/product"}],"about":[{"href":"https:\/\/wpachem.com\/es\/wp-json\/wp\/v2\/types\/product"}],"version-history":[{"count":0,"href":"https:\/\/wpachem.com\/es\/wp-json\/wp\/v2\/product\/3670\/revisions"}],"wp:featuredmedia":[{"embeddable":true,"href":"https:\/\/wpachem.com\/es\/wp-json\/wp\/v2\/media\/2182"}],"wp:attachment":[{"href":"https:\/\/wpachem.com\/es\/wp-json\/wp\/v2\/media?parent=3670"}],"wp:term":[{"taxonomy":"product_brand","embeddable":true,"href":"https:\/\/wpachem.com\/es\/wp-json\/wp\/v2\/product_brand?post=3670"},{"taxonomy":"product_cat","embeddable":true,"href":"https:\/\/wpachem.com\/es\/wp-json\/wp\/v2\/product_cat?post=3670"},{"taxonomy":"product_tag","embeddable":true,"href":"https:\/\/wpachem.com\/es\/wp-json\/wp\/v2\/product_tag?post=3670"}],"curies":[{"name":"wp","href":"https:\/\/api.w.org\/{rel}","templated":true}]}}