{"id":3673,"date":"2023-03-24T05:52:41","date_gmt":"2023-03-24T05:52:41","guid":{"rendered":"http:\/\/site2.easyceotech.com\/?post_type=product&#038;p=3673"},"modified":"2024-03-12T07:25:24","modified_gmt":"2024-03-12T07:25:24","slug":"lipoic-acid","status":"publish","type":"product","link":"https:\/\/wpachem.com\/es\/producto\/lipoic-acid\/","title":{"rendered":"\u00c1cido lipoico"},"content":{"rendered":"<p><strong>\u00c1cido (R)-( )-1,2-ditiolano-3-pentanoicoDetalles<\/strong><\/p>\n<p>Nombre qu\u00edmico: \u00e1cido (R)-()-1,2-ditiolano-3-pentanoico<\/p>\n<p>N\u00famero CAS: 1200-22-2<\/p>\n<p>F\u00f3rmula molecular: C8H14O2S2<\/p>\n<p>Peso molecular: 206,33<\/p>\n<p>Estructura molecular:<\/p>\n<p>&nbsp;<\/p>\n<p>Aspecto: polvo cristalino amarillo<\/p>\n<p><strong>Propiedades t\u00edpicas del \u00e1cido (R)-( )-1,2-ditiolano-3-pentanoico<\/strong><\/p>\n<p>&nbsp;<\/p>\n<table cellspacing=\"0\">\n<tbody>\n<tr>\n<td>Art\u00edculo<\/td>\n<td>Especificaciones<\/td>\n<td>Resultados<\/td>\n<\/tr>\n<tr>\n<td>Apariencia<\/td>\n<td>Polvo cristalino amarillo<\/td>\n<td>Polvo cristalino amarillo<\/td>\n<\/tr>\n<tr>\n<td>Ensayo (\u00e1cido lipoico)<\/td>\n<td>\u226599.0%<\/td>\n<td>99.46%<\/td>\n<\/tr>\n<tr>\n<td>Ensayo (\u00e1cido R-lipoico)<\/td>\n<td>\u226598.0%<\/td>\n<td>99.13%<\/td>\n<\/tr>\n<tr>\n<td>P\u00e9rdida por secado<\/td>\n<td>\u22640,5%<\/td>\n<td>0.21<\/td>\n<\/tr>\n<tr>\n<td>Metal pesado<\/td>\n<td>\u226410 ppm<\/td>\n<td>Confirmar<\/td>\n<\/tr>\n<tr>\n<td>Conclusi\u00f3n<\/td>\n<td colspan=\"2\">Cumple con el requisito.<\/td>\n<\/tr>\n<\/tbody>\n<\/table>\n<p><strong>\u00c1cido (R)-()-1,2-ditiolano-3-pentanoicoUso<\/strong><\/p>\n<p>1. Vitaminas B, para hepatitis aguda y cr\u00f3nica, cirrosis, coma hep\u00e1tico, h\u00edgado graso, diabetes, etc., la eficacia es superior a la del \u00e1cido lipoico.<\/p>\n<p>2. Para hepatitis aguda y cr\u00f3nica, cirrosis, coma hep\u00e1tico, etc.<\/p>\n<p>3. Antioxidantes<\/p>\n<p><strong>\u00c1cido (R)-( )-1,2-ditiolano-3-pentanoicoEmbalaje y env\u00edo<\/strong><\/p>\n<p>25 kg\/tambor, peso neto<\/p>\n<p><strong>\u00c1cido (R)-( )-1,2-ditiolano-3-pentanoico Almacenamiento<\/strong><\/p>\n<p>Almacenado en un almac\u00e9n fresco, seco y ventilado, lejos de los alimentos.<\/p>","protected":false},"excerpt":{"rendered":"<p>Nombre del producto:\u00c1cido lipoico<br \/>\nN.\u00ba CAS: 62-46-4<br \/>\nMb:C8H14O2S2<br \/>\nApariencia: poder amarillo<\/p>","protected":false},"featured_media":2190,"template":"","meta":{"_acf_changed":false,"_gspb_post_css":""},"product_brand":[],"product_cat":[55,102],"product_tag":[],"class_list":{"0":"post-3673","1":"product","2":"type-product","3":"status-publish","4":"has-post-thumbnail","6":"product_cat-food-additives","7":"product_cat-emulsifiers","9":"first","10":"instock","11":"shipping-taxable","12":"product-type-simple"},"acf":[],"_links":{"self":[{"href":"https:\/\/wpachem.com\/es\/wp-json\/wp\/v2\/product\/3673","targetHints":{"allow":["GET"]}}],"collection":[{"href":"https:\/\/wpachem.com\/es\/wp-json\/wp\/v2\/product"}],"about":[{"href":"https:\/\/wpachem.com\/es\/wp-json\/wp\/v2\/types\/product"}],"version-history":[{"count":0,"href":"https:\/\/wpachem.com\/es\/wp-json\/wp\/v2\/product\/3673\/revisions"}],"wp:featuredmedia":[{"embeddable":true,"href":"https:\/\/wpachem.com\/es\/wp-json\/wp\/v2\/media\/2190"}],"wp:attachment":[{"href":"https:\/\/wpachem.com\/es\/wp-json\/wp\/v2\/media?parent=3673"}],"wp:term":[{"taxonomy":"product_brand","embeddable":true,"href":"https:\/\/wpachem.com\/es\/wp-json\/wp\/v2\/product_brand?post=3673"},{"taxonomy":"product_cat","embeddable":true,"href":"https:\/\/wpachem.com\/es\/wp-json\/wp\/v2\/product_cat?post=3673"},{"taxonomy":"product_tag","embeddable":true,"href":"https:\/\/wpachem.com\/es\/wp-json\/wp\/v2\/product_tag?post=3673"}],"curies":[{"name":"wp","href":"https:\/\/api.w.org\/{rel}","templated":true}]}}