{"id":3676,"date":"2023-03-24T05:54:32","date_gmt":"2023-03-24T05:54:32","guid":{"rendered":"http:\/\/site2.easyceotech.com\/?post_type=product&#038;p=3676"},"modified":"2024-03-12T07:25:29","modified_gmt":"2024-03-12T07:25:29","slug":"zinc-gluconate","status":"publish","type":"product","link":"https:\/\/wpachem.com\/es\/producto\/zinc-gluconate\/","title":{"rendered":"gluconato de zinc"},"content":{"rendered":"<table border=\"1\">\n<tbody>\n<tr>\n<td colspan=\"1\" rowspan=\"1\">\n<div><span data-spm-anchor-id=\"a2700.details.0.i23.25a5c8a9MzyV8I\">nombre del producto<\/span><\/div>\n<\/td>\n<td colspan=\"1\" rowspan=\"1\">\n<div>Gluconato de zinc USP<\/div>\n<\/td>\n<td colspan=\"1\" rowspan=\"1\">\n<div>Funci\u00f3n<\/div>\n<\/td>\n<td colspan=\"1\" rowspan=\"1\">\n<div>\n<dl>\n<dd>\n<div>Proteger la salud<\/div>\n<\/dd>\n<\/dl>\n<\/div>\n<\/td>\n<\/tr>\n<tr>\n<td colspan=\"1\" rowspan=\"1\">\n<div>Cantidad m\u00ednima de pedido<\/div>\n<\/td>\n<td colspan=\"1\" rowspan=\"1\">\n<div>1 kg<\/div>\n<\/td>\n<td colspan=\"1\" rowspan=\"1\">\n<div>Almacenamiento<\/div>\n<\/td>\n<td colspan=\"1\" rowspan=\"1\">\n<div>\n<dl>\n<dt><\/dt>\n<dd>\n<div>Lugar fr\u00edo y seco<\/div>\n<\/dd>\n<\/dl>\n<\/div>\n<\/td>\n<\/tr>\n<tr>\n<td colspan=\"1\" rowspan=\"1\">\n<div>Calificaci\u00f3n<\/div>\n<\/td>\n<td colspan=\"1\" rowspan=\"1\">\n<div>Grado de comida<\/div>\n<\/td>\n<td colspan=\"1\" rowspan=\"1\">\n<div>Apariencia<\/div>\n<\/td>\n<td colspan=\"1\" rowspan=\"1\">\n<div>Cristal blanco a ligeramente amarillo.<\/div>\n<\/td>\n<\/tr>\n<tr>\n<td colspan=\"1\" rowspan=\"1\">\n<div>Especificaci\u00f3n<\/div>\n<\/td>\n<td colspan=\"1\" rowspan=\"1\">\n<div>\n<dl>\n<dd>\n<div>99%<\/div>\n<\/dd>\n<\/dl>\n<\/div>\n<\/td>\n<td colspan=\"1\" rowspan=\"1\">\n<div>Duraci\u00f3n<\/div>\n<\/td>\n<td colspan=\"1\" rowspan=\"1\">\n<div>\n<dl>\n<dd>\n<div>2 a\u00f1os<\/div>\n<\/dd>\n<\/dl>\n<\/div>\n<\/td>\n<\/tr>\n<\/tbody>\n<\/table>\n<p><strong data-spm-anchor-id=\"a2700.details.0.i24.25a5c8a9MzyV8I\">\u00bfQu\u00e9 es el gluconato de zinc USP?<\/strong><\/p>\n<p>&nbsp;<\/p>\n<p>Es un potenciador de zinc org\u00e1nico, por lo que el cuerpo puede absorberlo f\u00e1cilmente y la tasa de absorci\u00f3n es alta. Adem\u00e1s, tambi\u00e9n tiene buena solubilidad y casi no estimula los intestinos y el est\u00f3mago.<\/p>\n<p><strong>Funci\u00f3n del gluconato de zinc USP<\/strong><\/p>\n<p>Como suplemento nutricional de zinc, se usa ampliamente en alimentos saludables, medicinas, etc. Se digiere en zinc y \u00e1cido de glucosa in vivo, lo que implica todo el metabolismo energ\u00e9tico y la s\u00edntesis de ARN y ADN, por lo que puede promover la cicatrizaci\u00f3n de heridas y crecimiento.<\/p>","protected":false},"excerpt":{"rendered":"<p>Nombre del producto: gluconato de zinc<br \/>\nN\u00famero CAS: 4468-02-4<br \/>\nFrecuencia intermedia: C12H22O14Zn<br \/>\nApariencia: poder blanco<\/p>","protected":false},"featured_media":2180,"template":"","meta":{"_acf_changed":false,"_gspb_post_css":""},"product_brand":[],"product_cat":[55,102],"product_tag":[],"class_list":{"0":"post-3676","1":"product","2":"type-product","3":"status-publish","4":"has-post-thumbnail","6":"product_cat-food-additives","7":"product_cat-emulsifiers","9":"first","10":"instock","11":"shipping-taxable","12":"product-type-simple"},"acf":[],"_links":{"self":[{"href":"https:\/\/wpachem.com\/es\/wp-json\/wp\/v2\/product\/3676","targetHints":{"allow":["GET"]}}],"collection":[{"href":"https:\/\/wpachem.com\/es\/wp-json\/wp\/v2\/product"}],"about":[{"href":"https:\/\/wpachem.com\/es\/wp-json\/wp\/v2\/types\/product"}],"version-history":[{"count":0,"href":"https:\/\/wpachem.com\/es\/wp-json\/wp\/v2\/product\/3676\/revisions"}],"wp:featuredmedia":[{"embeddable":true,"href":"https:\/\/wpachem.com\/es\/wp-json\/wp\/v2\/media\/2180"}],"wp:attachment":[{"href":"https:\/\/wpachem.com\/es\/wp-json\/wp\/v2\/media?parent=3676"}],"wp:term":[{"taxonomy":"product_brand","embeddable":true,"href":"https:\/\/wpachem.com\/es\/wp-json\/wp\/v2\/product_brand?post=3676"},{"taxonomy":"product_cat","embeddable":true,"href":"https:\/\/wpachem.com\/es\/wp-json\/wp\/v2\/product_cat?post=3676"},{"taxonomy":"product_tag","embeddable":true,"href":"https:\/\/wpachem.com\/es\/wp-json\/wp\/v2\/product_tag?post=3676"}],"curies":[{"name":"wp","href":"https:\/\/api.w.org\/{rel}","templated":true}]}}