{"id":3679,"date":"2023-03-24T05:57:27","date_gmt":"2023-03-24T05:57:27","guid":{"rendered":"http:\/\/site2.easyceotech.com\/?post_type=product&#038;p=3679"},"modified":"2024-03-12T07:25:36","modified_gmt":"2024-03-12T07:25:36","slug":"sodium-bicarbonate","status":"publish","type":"product","link":"https:\/\/wpachem.com\/es\/producto\/sodium-bicarbonate\/","title":{"rendered":"Bicarbonato de sodio"},"content":{"rendered":"<div class=\"J_module\">\n<div class=\"icbu-pc-images magic-1\">\n<div>\n<div class=\"flex-layout-h\">\n<div class=\"text-wrapper magic-5\">\n<div class=\"text-wrapper-right text-theme-light text-align-left\">\n<div class=\"text-title\"><span class=\"magic-6\"><span data-spm-anchor-id=\"a2700.details.0.i36.57576d01pPOoqb\">Bicarbonato de sodio<\/span><\/span><\/div>\n<div class=\"text-content\">Cristales finos de sistema monocl\u00ednico blanco u opaco. Inodoro, sabor salado. Su solubilidad en agua es menor que la del carbonato de sodio. El bicarbonato de sodio es una sal \u00e1cida que se forma mediante la neutralizaci\u00f3n de \u00e1lcalis fuertes y \u00e1cidos d\u00e9biles, siendo d\u00e9bilmente alcalina al disolverse en agua. Se puede utilizar en industrias como la alimentaria, la m\u00e9dica, la cinematogr\u00e1fica, la curtidur\u00eda, el procesamiento de minerales, la metalurgia, la fibra y el caucho, entre otras. Tambi\u00e9n se puede utilizar como detergente y agente extintor de incendios, como generador de di\u00f3xido de carbono en refrescos y bebidas fr\u00edas, como reactivo anal\u00edtico, y tambi\u00e9n en s\u00edntesis inorg\u00e1nica y en la industria farmac\u00e9utica para tratar la acidosis, como iniciador en la industria alimentaria, generador de di\u00f3xido de carbono en refrescos y bebidas fr\u00edas, y como conservante de mantequilla. Se puede utilizar directamente como materia prima en la industria farmac\u00e9utica.<\/div>\n<\/div>\n<\/div>\n<\/div>\n<\/div>\n<\/div>\n<\/div>\n<div class=\"J_module\">\n<div id=\"ali-anchor-AliMagic-30in4w\" class=\"magic-0\" data-section=\"AliMagic-30in4w\" data-section-title=\"Specification\">Especificaci\u00f3n<\/div>\n<\/div>\n<div class=\"J_module\">\n<div class=\"ife-detail-decorate-table\">\n<table class=\"has-title all magic-7\">\n<tbody>\n<tr>\n<td colspan=\"1\" rowspan=\"1\">\n<div class=\"magic-8\">Art\u00edculo<\/div>\n<\/td>\n<td colspan=\"1\" rowspan=\"1\">\n<div class=\"magic-9\">Est\u00e1ndar<\/div>\n<\/td>\n<\/tr>\n<tr>\n<td colspan=\"1\" rowspan=\"1\">\n<div class=\"magic-8\">Nombre del producto<\/div>\n<\/td>\n<td colspan=\"1\" rowspan=\"1\">\n<div class=\"magic-9\">Bicarbonato de sodio<\/div>\n<\/td>\n<\/tr>\n<tr>\n<td colspan=\"1\" rowspan=\"1\">\n<div class=\"magic-8\">No CAS.<\/div>\n<\/td>\n<td colspan=\"1\" rowspan=\"1\">\n<div class=\"magic-9\">144-55-8<\/div>\n<\/td>\n<\/tr>\n<tr>\n<td colspan=\"1\" rowspan=\"1\">\n<div class=\"magic-8\">MF<\/div>\n<\/td>\n<td colspan=\"1\" rowspan=\"1\">\n<div class=\"magic-9\">CHNaO3<\/div>\n<\/td>\n<\/tr>\n<tr>\n<td colspan=\"1\" rowspan=\"1\">\n<div class=\"magic-8\">N.\u00ba EINECS<\/div>\n<\/td>\n<td colspan=\"1\" rowspan=\"1\">\n<div class=\"magic-9\">205-633-8<\/div>\n<\/td>\n<\/tr>\n<tr>\n<td colspan=\"1\" rowspan=\"1\">\n<div class=\"magic-8\">Lugar de origen<\/div>\n<\/td>\n<td colspan=\"1\" rowspan=\"1\">\n<div class=\"magic-9\">Porcelana<\/div>\n<\/td>\n<\/tr>\n<tr>\n<td colspan=\"1\" rowspan=\"1\">\n<div class=\"magic-8\"><\/div>\n<\/td>\n<td colspan=\"1\" rowspan=\"1\">\n<div class=\"magic-9\">Shandong<\/div>\n<\/td>\n<\/tr>\n<tr>\n<td colspan=\"1\" rowspan=\"1\">\n<div class=\"magic-8\">Grado est\u00e1ndar<\/div>\n<\/td>\n<td colspan=\"1\" rowspan=\"1\">\n<div class=\"magic-9\">Grado industrial, grado reactivo<\/div>\n<\/td>\n<\/tr>\n<tr>\n<td colspan=\"1\" rowspan=\"1\">\n<div class=\"magic-8\">Pureza<\/div>\n<\/td>\n<td colspan=\"1\" rowspan=\"1\">\n<div class=\"magic-9\">99%<\/div>\n<\/td>\n<\/tr>\n<tr>\n<td colspan=\"1\" rowspan=\"1\">\n<div class=\"magic-8\">Solicitud<\/div>\n<\/td>\n<td colspan=\"1\" rowspan=\"1\">\n<div class=\"magic-9\">detergente sint\u00e9tico<\/div>\n<\/td>\n<\/tr>\n<tr>\n<td colspan=\"1\" rowspan=\"1\">\n<div class=\"magic-8\">Nombre de la marca<\/div>\n<\/td>\n<td colspan=\"1\" rowspan=\"1\">\n<div class=\"magic-9\">Cambios<\/div>\n<\/td>\n<\/tr>\n<tr>\n<td colspan=\"1\" rowspan=\"1\">\n<div class=\"magic-8\">Densidad<\/div>\n<\/td>\n<td colspan=\"1\" rowspan=\"1\">\n<div class=\"magic-9\">2,16 g\/mL a 25 \u00b0C (lit.)<\/div>\n<\/td>\n<\/tr>\n<tr>\n<td colspan=\"1\" rowspan=\"1\">\n<div class=\"magic-8\">PH<\/div>\n<\/td>\n<td colspan=\"1\" rowspan=\"1\">\n<div class=\"magic-9\">8.3<\/div>\n<\/td>\n<\/tr>\n<\/tbody>\n<\/table>\n<\/div>\n<\/div>\n<p>&nbsp;<\/p>","protected":false},"excerpt":{"rendered":"<p>Nombre del producto: Bicarbonato de sodio<br \/>\nN.\u00ba CAS: 144-55-8<br \/>\nMF:CHNaO3<br \/>\nApariencia: poder blanco<\/p>","protected":false},"featured_media":2183,"template":"","meta":{"_acf_changed":false,"_gspb_post_css":""},"product_brand":[],"product_cat":[55],"product_tag":[],"class_list":{"0":"post-3679","1":"product","2":"type-product","3":"status-publish","4":"has-post-thumbnail","6":"product_cat-food-additives","8":"first","9":"instock","10":"shipping-taxable","11":"product-type-simple"},"acf":[],"_links":{"self":[{"href":"https:\/\/wpachem.com\/es\/wp-json\/wp\/v2\/product\/3679","targetHints":{"allow":["GET"]}}],"collection":[{"href":"https:\/\/wpachem.com\/es\/wp-json\/wp\/v2\/product"}],"about":[{"href":"https:\/\/wpachem.com\/es\/wp-json\/wp\/v2\/types\/product"}],"version-history":[{"count":0,"href":"https:\/\/wpachem.com\/es\/wp-json\/wp\/v2\/product\/3679\/revisions"}],"wp:featuredmedia":[{"embeddable":true,"href":"https:\/\/wpachem.com\/es\/wp-json\/wp\/v2\/media\/2183"}],"wp:attachment":[{"href":"https:\/\/wpachem.com\/es\/wp-json\/wp\/v2\/media?parent=3679"}],"wp:term":[{"taxonomy":"product_brand","embeddable":true,"href":"https:\/\/wpachem.com\/es\/wp-json\/wp\/v2\/product_brand?post=3679"},{"taxonomy":"product_cat","embeddable":true,"href":"https:\/\/wpachem.com\/es\/wp-json\/wp\/v2\/product_cat?post=3679"},{"taxonomy":"product_tag","embeddable":true,"href":"https:\/\/wpachem.com\/es\/wp-json\/wp\/v2\/product_tag?post=3679"}],"curies":[{"name":"wp","href":"https:\/\/api.w.org\/{rel}","templated":true}]}}