{"id":3682,"date":"2023-03-24T06:00:23","date_gmt":"2023-03-24T06:00:23","guid":{"rendered":"http:\/\/site2.easyceotech.com\/?post_type=product&#038;p=3682"},"modified":"2024-03-12T07:24:09","modified_gmt":"2024-03-12T07:24:09","slug":"sodium-metabisulfite","status":"publish","type":"product","link":"https:\/\/wpachem.com\/es\/producto\/sodium-metabisulfite\/","title":{"rendered":"metabisulfito de sodio"},"content":{"rendered":"<div class=\"J_module\">\n<div class=\"detail-decorate-json-renderer-container\">\n<div class=\"magic-4\">\n<div class=\"magic-5\">\n<div class=\"magic-6\">\n<div class=\"magic-7\">\n<div><span class=\"magic-8\" style=\"font-family: Arial;\" data-spm-anchor-id=\"a2700.details.0.i23.27e034e3K6vuhH\">Nombre del producto: Metabisulfito de sodio<\/span><\/div>\n<div><span class=\"magic-8\" style=\"font-family: Arial;\">CAS: 7681-57-4<\/span><\/div>\n<div><span class=\"magic-8\" style=\"font-family: Arial;\">MW:190.11<\/span><\/div>\n<div><span class=\"magic-8\" style=\"font-family: Arial;\">MF:Na2S2O5<\/span><\/div>\n<div><span class=\"magic-8\" style=\"font-family: Arial;\">Aspecto: polvo cristalino blanco<\/span><\/div>\n<div><span class=\"magic-8\" style=\"font-family: Arial;\">Pureza: 97%min <\/span><\/div>\n<\/div>\n<\/div>\n<\/div>\n<\/div>\n<\/div>\n<\/div>\n<div class=\"J_module\">\n<div id=\"ali-anchor-AliMagic-0idekr\" class=\"magic-0\" data-section=\"AliMagic-0idekr\" data-section-title=\"Specification\">Especificaci\u00f3n<\/div>\n<\/div>\n<div class=\"J_module\">\n<div class=\"ife-detail-decorate-table\">\n<table class=\"has-title is-zebra hight-light-first-column all magic-9\">\n<tbody>\n<tr>\n<td colspan=\"1\" rowspan=\"1\">\n<div class=\"magic-10\"><span class=\"magic-8\" style=\"font-family: Arial;\">nombre del producto<\/span><\/div>\n<\/td>\n<td colspan=\"2\" rowspan=\"1\">\n<div class=\"magic-11\"><span class=\"magic-8\" style=\"font-family: Arial;\">METABISULFITO DE SODIO<\/span><\/div>\n<\/td>\n<\/tr>\n<tr>\n<td colspan=\"1\" rowspan=\"1\">\n<div class=\"magic-10\"><span class=\"magic-8\" style=\"font-family: Arial;\">Elemento de an\u00e1lisis<\/span><\/div>\n<\/td>\n<td colspan=\"1\" rowspan=\"1\">\n<div class=\"magic-14\"><span class=\"magic-8\" style=\"font-family: Arial;\">Est\u00e1ndar<\/span><\/div>\n<\/td>\n<td colspan=\"1\" rowspan=\"1\">\n<div class=\"magic-15\"><span class=\"magic-8\" style=\"font-family: Arial;\">Resultado del an\u00e1lisis<\/span><\/div>\n<\/td>\n<\/tr>\n<tr>\n<td colspan=\"1\" rowspan=\"1\">\n<div class=\"magic-10\"><span class=\"magic-8\" style=\"font-family: Arial;\">Contenido principal (Na2S2O5)<\/span><\/div>\n<\/td>\n<td colspan=\"1\" rowspan=\"1\">\n<div class=\"magic-14\"><span class=\"magic-8\" style=\"font-family: Arial;\">97%min<\/span><\/div>\n<\/td>\n<td colspan=\"1\" rowspan=\"1\">\n<div class=\"magic-15\"><span class=\"magic-8\" style=\"font-family: Arial;\">97.1%<\/span><\/div>\n<\/td>\n<\/tr>\n<tr>\n<td colspan=\"1\" rowspan=\"1\">\n<div class=\"magic-10\"><span class=\"magic-8\" style=\"font-family: Arial;\">Fe (Fe)<\/span><\/div>\n<\/td>\n<td colspan=\"1\" rowspan=\"1\">\n<div class=\"magic-14\"><span class=\"magic-8\" style=\"font-family: Arial;\">0.003%m\u00e1x<\/span><\/div>\n<\/td>\n<td colspan=\"1\" rowspan=\"1\">\n<div class=\"magic-15\"><span class=\"magic-8\" style=\"font-family: Arial;\">0.003%<\/span><\/div>\n<\/td>\n<\/tr>\n<tr>\n<td colspan=\"1\" rowspan=\"1\">\n<div class=\"magic-10\"><span class=\"magic-8\" style=\"font-family: Arial;\">Insoluble en agua<\/span><\/div>\n<\/td>\n<td colspan=\"1\" rowspan=\"1\">\n<div class=\"magic-14\"><span class=\"magic-8\" style=\"font-family: Arial;\">0.05%m\u00e1x<\/span><\/div>\n<\/td>\n<td colspan=\"1\" rowspan=\"1\">\n<div class=\"magic-15\"><span class=\"magic-8\" style=\"font-family: Arial;\">0.02%<\/span><\/div>\n<\/td>\n<\/tr>\n<tr>\n<td colspan=\"1\" rowspan=\"1\">\n<div class=\"magic-10\"><span class=\"magic-8\" style=\"font-family: Arial;\">Contenido de ars\u00e9nico (As)<\/span><\/div>\n<\/td>\n<td colspan=\"1\" rowspan=\"1\">\n<div class=\"magic-14\"><span class=\"magic-8\" style=\"font-family: Arial;\">0.0005%m\u00e1x<\/span><\/div>\n<\/td>\n<td colspan=\"1\" rowspan=\"1\">\n<div class=\"magic-15\"><span class=\"magic-8\" style=\"font-family: Arial;\">&lt;0,0001<\/span><\/div>\n<\/td>\n<\/tr>\n<tr>\n<td colspan=\"1\" rowspan=\"1\">\n<div class=\"magic-10\"><span class=\"magic-8\" style=\"font-family: Arial;\">(pb) contenido<\/span><\/div>\n<\/td>\n<td colspan=\"1\" rowspan=\"1\">\n<div class=\"magic-14\"><span class=\"magic-8\" style=\"font-family: Arial;\">0.0005%m\u00e1x<\/span><\/div>\n<\/td>\n<td colspan=\"1\" rowspan=\"1\">\n<div class=\"magic-15\"><span class=\"magic-8\" style=\"font-family: Arial;\">&lt;0,0005<\/span><\/div>\n<\/td>\n<\/tr>\n<tr>\n<td colspan=\"1\" rowspan=\"1\">\n<div class=\"magic-10\"><span class=\"magic-8\" style=\"font-family: Arial;\">Prueba de \u00e1cido fosf\u00f3rico \u2264<\/span><\/div>\n<\/td>\n<td colspan=\"1\" rowspan=\"1\">\n<div class=\"magic-14\"><span class=\"magic-8\" style=\"font-family: Arial;\">4.2<\/span><\/div>\n<\/td>\n<td colspan=\"1\" rowspan=\"1\">\n<div class=\"magic-15\"><\/div>\n<\/td>\n<\/tr>\n<tr>\n<td colspan=\"1\" rowspan=\"1\">\n<div class=\"magic-10\"><span class=\"magic-8\" style=\"font-family: Arial;\">Apariencia<\/span><\/div>\n<\/td>\n<td colspan=\"2\" rowspan=\"1\">\n<div class=\"magic-16\"><span class=\"magic-8\" style=\"font-family: Arial;\">Polvo cristalino de color blanco a ligeramente amarillento.<\/span><\/div>\n<\/td>\n<\/tr>\n<\/tbody>\n<\/table>\n<\/div>\n<\/div>\n<div class=\"J_module\">\n<div id=\"ali-anchor-AliMagic-o2orro\" class=\"magic-0\" data-section=\"AliMagic-o2orro\" data-section-title=\"Application\">Solicitud<\/div>\n<\/div>\n<div class=\"J_module\">\n<div class=\"detail-decorate-json-renderer-container\">\n<div class=\"magic-4\">\n<div class=\"magic-5\">\n<div class=\"magic-6\">\n<div class=\"magic-7\"><span class=\"magic-8\" style=\"font-family: Arial;\">1. La industria del caucho se utiliza como coagulante. 2. La industria de la impresi\u00f3n y el te\u00f1ido se utiliza como agente de decloraci\u00f3n para el blanqueo y la cocci\u00f3n del algod\u00f3n. 3. La industria de la curtidur\u00eda, para el tratamiento del cuero, puede lograr que el cuero sea suave, firme, resistente al agua, antiarrugas y al desgaste, entre otras propiedades.<\/span><\/div>\n<\/div>\n<\/div>\n<\/div>\n<\/div>\n<\/div>\n<p>&nbsp;<\/p>","protected":false},"excerpt":{"rendered":"<p>Nombre del producto: Metabisulfito de sodio<br \/>\nN.\u00ba CAS: 7681-57-4<br \/>\nMF:2Na.O5S2<br \/>\nApariencia: poder blanco<\/p>","protected":false},"featured_media":2181,"template":"","meta":{"_acf_changed":false,"_gspb_post_css":""},"product_brand":[],"product_cat":[55],"product_tag":[],"class_list":{"0":"post-3682","1":"product","2":"type-product","3":"status-publish","4":"has-post-thumbnail","6":"product_cat-food-additives","8":"first","9":"instock","10":"shipping-taxable","11":"product-type-simple"},"acf":[],"_links":{"self":[{"href":"https:\/\/wpachem.com\/es\/wp-json\/wp\/v2\/product\/3682","targetHints":{"allow":["GET"]}}],"collection":[{"href":"https:\/\/wpachem.com\/es\/wp-json\/wp\/v2\/product"}],"about":[{"href":"https:\/\/wpachem.com\/es\/wp-json\/wp\/v2\/types\/product"}],"version-history":[{"count":0,"href":"https:\/\/wpachem.com\/es\/wp-json\/wp\/v2\/product\/3682\/revisions"}],"wp:featuredmedia":[{"embeddable":true,"href":"https:\/\/wpachem.com\/es\/wp-json\/wp\/v2\/media\/2181"}],"wp:attachment":[{"href":"https:\/\/wpachem.com\/es\/wp-json\/wp\/v2\/media?parent=3682"}],"wp:term":[{"taxonomy":"product_brand","embeddable":true,"href":"https:\/\/wpachem.com\/es\/wp-json\/wp\/v2\/product_brand?post=3682"},{"taxonomy":"product_cat","embeddable":true,"href":"https:\/\/wpachem.com\/es\/wp-json\/wp\/v2\/product_cat?post=3682"},{"taxonomy":"product_tag","embeddable":true,"href":"https:\/\/wpachem.com\/es\/wp-json\/wp\/v2\/product_tag?post=3682"}],"curies":[{"name":"wp","href":"https:\/\/api.w.org\/{rel}","templated":true}]}}