{"id":3689,"date":"2023-04-10T05:39:30","date_gmt":"2023-04-10T05:39:30","guid":{"rendered":"http:\/\/site2.easyceotech.com\/?post_type=product&#038;p=3689"},"modified":"2024-03-12T06:54:46","modified_gmt":"2024-03-12T06:54:46","slug":"chrome-yellow","status":"publish","type":"product","link":"https:\/\/wpachem.com\/es\/producto\/chrome-yellow\/","title":{"rendered":"Pigmento amarillo de cromo"},"content":{"rendered":"<p><strong>Caracter\u00edsticas:<\/strong><\/p>\n<p>&nbsp;<\/p>\n<p>El amarillo de cromo es un tipo de pigmento qu\u00edmico, compuesto principalmente de pigmento de cromato de plomo, su composici\u00f3n qu\u00edmica es PbCrO4, el contenido es de aproximadamente 90% ~ 94%, la apariencia es un polvo amarillo rojo claro, forma de cristal monoclinal, la densidad es de 5,1 ~ 6,0 g\/cm3, aceite La absorci\u00f3n es de 13 ~ 27 g\/100 g.<\/p>\n<p>&nbsp;<\/p>\n<p>La gama de colores va del amarillo lim\u00f3n al amarillo anaranjado. Por lo general, se clasifica en 5 tipos est\u00e1ndar: amarillo de cromo de plomo, amarillo de cromo claro, amarillo de cromo medio, amarillo de cromo intenso, amarillo cromo anaranjado. Los pigmentos son brillantes, de color brillante y con un excelente poder cubriente.<\/p>\n<p>&nbsp;<\/p>\n<p><strong>Solicitud<\/strong>:<\/p>\n<p>Se utiliza principalmente para producir revestimientos, pinturas, tintas, pl\u00e1stico, caucho, art\u00edculos culturales y educativos, etc.<\/p>\n<p>&nbsp;<\/p>","protected":false},"excerpt":{"rendered":"<p>Nombre del producto: Amarillo cromo<\/p>\n<p>Composici\u00f3n qu\u00edmica: PbCrO4<\/p>\n<p>\u00cdndice de color: PY34<\/p>","protected":false},"featured_media":3706,"template":"","meta":{"_acf_changed":false,"_gspb_post_css":""},"product_brand":[],"product_cat":[52],"product_tag":[],"class_list":{"0":"post-3689","1":"product","2":"type-product","3":"status-publish","4":"has-post-thumbnail","6":"product_cat-pigment","8":"first","9":"instock","10":"shipping-taxable","11":"product-type-simple"},"acf":[],"_links":{"self":[{"href":"https:\/\/wpachem.com\/es\/wp-json\/wp\/v2\/product\/3689","targetHints":{"allow":["GET"]}}],"collection":[{"href":"https:\/\/wpachem.com\/es\/wp-json\/wp\/v2\/product"}],"about":[{"href":"https:\/\/wpachem.com\/es\/wp-json\/wp\/v2\/types\/product"}],"version-history":[{"count":0,"href":"https:\/\/wpachem.com\/es\/wp-json\/wp\/v2\/product\/3689\/revisions"}],"wp:featuredmedia":[{"embeddable":true,"href":"https:\/\/wpachem.com\/es\/wp-json\/wp\/v2\/media\/3706"}],"wp:attachment":[{"href":"https:\/\/wpachem.com\/es\/wp-json\/wp\/v2\/media?parent=3689"}],"wp:term":[{"taxonomy":"product_brand","embeddable":true,"href":"https:\/\/wpachem.com\/es\/wp-json\/wp\/v2\/product_brand?post=3689"},{"taxonomy":"product_cat","embeddable":true,"href":"https:\/\/wpachem.com\/es\/wp-json\/wp\/v2\/product_cat?post=3689"},{"taxonomy":"product_tag","embeddable":true,"href":"https:\/\/wpachem.com\/es\/wp-json\/wp\/v2\/product_tag?post=3689"}],"curies":[{"name":"wp","href":"https:\/\/api.w.org\/{rel}","templated":true}]}}