{"id":3707,"date":"2023-04-10T05:50:21","date_gmt":"2023-04-10T05:50:21","guid":{"rendered":"http:\/\/site2.easyceotech.com\/?post_type=product&#038;p=3707"},"modified":"2024-03-12T07:23:57","modified_gmt":"2024-03-12T07:23:57","slug":"molybdate-orange-p-r-104","status":"publish","type":"product","link":"https:\/\/wpachem.com\/es\/producto\/molybdate-orange-p-r-104\/","title":{"rendered":"Molibdato Naranja PR104"},"content":{"rendered":"<p><strong>Caracter\u00edsticas:<\/strong><\/p>\n<p>El naranja molibdato es un tipo de pigmento inorg\u00e1nico que contiene molibdato de plomo, cromato de plomo y sulfato de plomo, y puede ser de color rojo anaranjado a rojo. Su color es brillante, el poder colorante es superior al amarillo cromo anaranjado, el poder cubriente y varios \u00edndices de tolerancia principales son muy buenos.<\/p>\n<p><strong>Solicitud:<\/strong><\/p>\n<ul>\n<li>El naranja molibdato se usa ampliamente en recubrimientos, como los que se pueden convertir en recubrimientos de color rojo anaranjado; combinarse con un pigmento anticorrosivo blanco para hacer que la pintura anticorrosiva naranja molibdato tenga una apariencia similar a la del plomo rojo.<\/li>\n<li>El naranja molibdato tambi\u00e9n suele tener una buena combinaci\u00f3n de colores de pigmentos org\u00e1nicos r\u00e1pidos, se puede obtener pintura para hornear roja resistente a los solventes, ligera y dorada, resistente a la temperatura de horneado.<\/li>\n<li>Para colorear pl\u00e1stico, el naranja molibdato a menudo se combina con pigmentos org\u00e1nicos con mejor resistencia al calor en un rojo brillante resistente al calor, y el negro de humo se puede combinar con el color caf\u00e9.<\/li>\n<li>En el uso de tinta, se encuentra una especie de pigmento naranja con rendimiento similar al amarillo cromo.<\/li>\n<\/ul>\n<p>&nbsp;<\/p>","protected":false},"excerpt":{"rendered":"<p>Nombre del producto: Molibdato Naranja<\/p>\n<p>\u00cdndice de color: PR104<\/p>\n<p>MF: PbCrO4, PbMoO4, PbSO4<\/p>\n<p>N\u00daMERO CAS: 12656-85-8<\/p>","protected":false},"featured_media":3710,"template":"","meta":{"_acf_changed":false,"_gspb_post_css":""},"product_brand":[],"product_cat":[54],"product_tag":[],"class_list":{"0":"post-3707","1":"product","2":"type-product","3":"status-publish","4":"has-post-thumbnail","6":"product_cat-inorganic-pigments","8":"first","9":"instock","10":"shipping-taxable","11":"product-type-simple"},"acf":[],"_links":{"self":[{"href":"https:\/\/wpachem.com\/es\/wp-json\/wp\/v2\/product\/3707","targetHints":{"allow":["GET"]}}],"collection":[{"href":"https:\/\/wpachem.com\/es\/wp-json\/wp\/v2\/product"}],"about":[{"href":"https:\/\/wpachem.com\/es\/wp-json\/wp\/v2\/types\/product"}],"version-history":[{"count":0,"href":"https:\/\/wpachem.com\/es\/wp-json\/wp\/v2\/product\/3707\/revisions"}],"wp:featuredmedia":[{"embeddable":true,"href":"https:\/\/wpachem.com\/es\/wp-json\/wp\/v2\/media\/3710"}],"wp:attachment":[{"href":"https:\/\/wpachem.com\/es\/wp-json\/wp\/v2\/media?parent=3707"}],"wp:term":[{"taxonomy":"product_brand","embeddable":true,"href":"https:\/\/wpachem.com\/es\/wp-json\/wp\/v2\/product_brand?post=3707"},{"taxonomy":"product_cat","embeddable":true,"href":"https:\/\/wpachem.com\/es\/wp-json\/wp\/v2\/product_cat?post=3707"},{"taxonomy":"product_tag","embeddable":true,"href":"https:\/\/wpachem.com\/es\/wp-json\/wp\/v2\/product_tag?post=3707"}],"curies":[{"name":"wp","href":"https:\/\/api.w.org\/{rel}","templated":true}]}}