{"id":3711,"date":"2023-04-10T06:04:18","date_gmt":"2023-04-10T06:04:18","guid":{"rendered":"http:\/\/site2.easyceotech.com\/?post_type=product&#038;p=3711"},"modified":"2024-03-12T07:23:15","modified_gmt":"2024-03-12T07:23:15","slug":"permanent-yellow-p-y-14","status":"publish","type":"product","link":"https:\/\/wpachem.com\/es\/producto\/permanent-yellow-p-y-14\/","title":{"rendered":"Amarillo permanente PY14"},"content":{"rendered":"<p><strong>Caracter\u00edsticas:<\/strong><\/p>\n<p>El amarillo permanente es un polvo amarillo, soluble en butanol, tolueno, insoluble en agua. Su color brillante, fuerte poder colorante, buena resistencia al calor. Su color verde claro amarillo, color puro, doble azo, pigmentos de bencidina.<\/p>\n<p>&nbsp;<\/p>\n<p><strong>Solicitud:<\/strong><\/p>\n<p>El amarillo permanente se utiliza principalmente para colorear productos de pl\u00e1stico y caucho, pero tambi\u00e9n es adecuado para cuero sint\u00e9tico de poliuretano, tintas de alta calidad y colorantes de pinturas.<\/p>","protected":false},"excerpt":{"rendered":"<p>Nombre del producto: amarillo permanente<\/p>\n<p>\u00cdndice de color: PY14<\/p>\n<p>Aspecto: Polvo amarillento<\/p>","protected":false},"featured_media":3714,"template":"","meta":{"_acf_changed":false,"_gspb_post_css":""},"product_brand":[],"product_cat":[70],"product_tag":[],"class_list":{"0":"post-3711","1":"product","2":"type-product","3":"status-publish","4":"has-post-thumbnail","6":"product_cat-organic-pigment","8":"first","9":"instock","10":"shipping-taxable","11":"product-type-simple"},"acf":[],"_links":{"self":[{"href":"https:\/\/wpachem.com\/es\/wp-json\/wp\/v2\/product\/3711","targetHints":{"allow":["GET"]}}],"collection":[{"href":"https:\/\/wpachem.com\/es\/wp-json\/wp\/v2\/product"}],"about":[{"href":"https:\/\/wpachem.com\/es\/wp-json\/wp\/v2\/types\/product"}],"version-history":[{"count":0,"href":"https:\/\/wpachem.com\/es\/wp-json\/wp\/v2\/product\/3711\/revisions"}],"wp:featuredmedia":[{"embeddable":true,"href":"https:\/\/wpachem.com\/es\/wp-json\/wp\/v2\/media\/3714"}],"wp:attachment":[{"href":"https:\/\/wpachem.com\/es\/wp-json\/wp\/v2\/media?parent=3711"}],"wp:term":[{"taxonomy":"product_brand","embeddable":true,"href":"https:\/\/wpachem.com\/es\/wp-json\/wp\/v2\/product_brand?post=3711"},{"taxonomy":"product_cat","embeddable":true,"href":"https:\/\/wpachem.com\/es\/wp-json\/wp\/v2\/product_cat?post=3711"},{"taxonomy":"product_tag","embeddable":true,"href":"https:\/\/wpachem.com\/es\/wp-json\/wp\/v2\/product_tag?post=3711"}],"curies":[{"name":"wp","href":"https:\/\/api.w.org\/{rel}","templated":true}]}}